{"id":3332,"date":"2022-06-29T13:11:27","date_gmt":"2022-06-29T10:11:27","guid":{"rendered":"https:\/\/shop.totemas.lt\/?page_id=3332"},"modified":"2022-06-29T13:36:58","modified_gmt":"2022-06-29T10:36:58","slug":"prekiu-grazinimas","status":"publish","type":"page","link":"https:\/\/shop.totemas.lt\/en\/prekiu-grazinimas\/","title":{"rendered":"Returning the goods"},"content":{"rendered":"<div class=\"cat-body mt10 fck\">\n<p style=\"font-weight: 400;\">RETURNS AND EXCHANGE<\/p>\n<p style=\"font-weight: 400;\">To return the product(s) in accordance with 3.2 of our rules. point (at the bottom of the page, section \"Rules\"), the buyer can do this within 30 (thirty) days from the day of delivery of the goods to the buyer. When returning the product(s), the buyer must indicate the name of the product being returned, the order number and the reasons for the return.<\/p>\n<p style=\"font-weight: 400;\">\n<p style=\"font-weight: 400;\">When returning goods, it is necessary to comply with the following conditions:<\/p>\n<ul>\n<li style=\"font-weight: 400;\">the returned product must be in its original, neat packaging (this clause does not apply to the return of a defective product);<\/li>\n<li style=\"font-weight: 400;\">the product must be unused and undamaged by the Buyer;<\/li>\n<li style=\"font-weight: 400;\">the product must not have lost its commercial appearance (label intact, protective film not torn off, etc.) (this clause does not apply in the case of returning a defective product);<\/li>\n<li style=\"font-weight: 400;\">the returned item must be in the same configuration as the one received by the Buyer;<\/li>\n<li style=\"font-weight: 400;\">when returning the product, it is necessary to present the document of its purchase.<\/li>\n<li style=\"font-weight: 400;\">the seller has the right not to accept the goods returned by the Buyer, if the Buyer does not follow the procedure for returning the goods listed above.<\/li>\n<li style=\"font-weight: 400;\">when returning the wrong product and\/or low-quality product, the Seller undertakes to take back such products and replace them with similar suitable products.<\/li>\n<li style=\"font-weight: 400;\">in the event that the Seller does not have goods suitable for replacement, the amount paid will be returned to the Buyer, excluding the cost of delivery.<\/li>\n<\/ul>\n<\/div>","protected":false},"excerpt":{"rendered":"<p>GR\u0104\u017dINIMAS IR KEITIMAS Nor\u0117damas gr\u0105\u017einti prek\u0119(-es) remiantis m\u016bs\u0173 taisykli\u0173 3.2. punktu (puslapio apa\u010dioje, skiltis \u201eTaisykl\u0117s\u201c), pirk\u0117jas gali tai padaryti per\u00a030 (trisde\u0161imt) dien\u0173 nuo preki\u0173 pristatymo pirk\u0117jui dienos. Pirk\u0117jas gr\u0105\u017eindamas prek\u0119(-es) turi\u00a0nurodyti gr\u0105\u017einamos prek\u0117s pavadinim\u0105, u\u017esakymo numer\u012f ir gr\u0105\u017einimo prie\u017eastis. Gr\u0105\u017einant prekes, b\u016btina laikytis \u0161i\u0173 s\u0105lyg\u0173: gr\u0105\u017einama prek\u0117 turi b\u016bti originalioje tvarkingoje pakuot\u0117je (\u0161is punktas netaikomas gr\u0105\u017einant nekokybi\u0161k\u0105 prek\u0119); prek\u0117 turi b\u016bti Pirk\u0117jo nenaudota ir nesugadinta; prek\u0117 turi b\u016bti nepraradusi prekin\u0117s i\u0161vaizdos (nepa\u017eeistos etiket\u0117s, nenupl\u0117\u0161tos apsaugin\u0117s [&hellip;]<\/p>\n","protected":false},"author":5,"featured_media":0,"parent":0,"menu_order":0,"comment_status":"closed","ping_status":"closed","template":"","meta":{"footnotes":""},"class_list":["post-3332","page","type-page","status-publish","hentry"],"_links":{"self":[{"href":"https:\/\/shop.totemas.lt\/en\/wp-json\/wp\/v2\/pages\/3332","targetHints":{"allow":["GET"]}}],"collection":[{"href":"https:\/\/shop.totemas.lt\/en\/wp-json\/wp\/v2\/pages"}],"about":[{"href":"https:\/\/shop.totemas.lt\/en\/wp-json\/wp\/v2\/types\/page"}],"author":[{"embeddable":true,"href":"https:\/\/shop.totemas.lt\/en\/wp-json\/wp\/v2\/users\/5"}],"replies":[{"embeddable":true,"href":"https:\/\/shop.totemas.lt\/en\/wp-json\/wp\/v2\/comments?post=3332"}],"version-history":[{"count":4,"href":"https:\/\/shop.totemas.lt\/en\/wp-json\/wp\/v2\/pages\/3332\/revisions"}],"predecessor-version":[{"id":3340,"href":"https:\/\/shop.totemas.lt\/en\/wp-json\/wp\/v2\/pages\/3332\/revisions\/3340"}],"wp:attachment":[{"href":"https:\/\/shop.totemas.lt\/en\/wp-json\/wp\/v2\/media?parent=3332"}],"curies":[{"name":"wp","href":"https:\/\/api.w.org\/{rel}","templated":true}]}}