{"id":838,"date":"2014-09-24T22:36:22","date_gmt":"2014-09-24T22:36:22","guid":{"rendered":"http:\/\/demo.transvelo.com\/media-center-wp\/?page_id=838"},"modified":"2022-05-06T13:03:24","modified_gmt":"2022-05-06T11:03:24","slug":"about-v2","status":"publish","type":"page","link":"https:\/\/shop.totemas.lt\/en\/about-v2\/","title":{"rendered":"About us"},"content":{"rendered":"<div class=\"vc_row wpb_row vc_row-fluid inner-top-xs\"><div class=\"wpb_column vc_column_container vc_col-sm-6\"><div class=\"vc_column-inner\"><div class=\"wpb_wrapper\">\n\t<div  class=\"wpb_single_image wpb_content_element vc_align_left\">\n\t\t\n\t\t<figure class=\"wpb_wrapper vc_figure\">\n\t\t\t<div class=\"vc_single_image-wrapper   vc_box_border_grey\"><img loading=\"lazy\" decoding=\"async\" width=\"572\" height=\"362\" src=\"https:\/\/shop.totemas.lt\/wp-content\/themes\/mediacenter\/assets\/images\/blank.gif\" class=\"vc_single_image-img attachment-full echo-lazy-loading\" alt=\"\" title=\"our-team\" srcset=\"\" sizes=\"auto, (max-width: 572px) 100vw, 572px\" data-echo=\"https:\/\/shop.totemas.lt\/wp-content\/uploads\/2014\/09\/our-team.jpg\" data-srcset=\"\" \/><\/div>\n\t\t<\/figure>\n\t<\/div>\n<\/div><\/div><\/div><div class=\"wpb_column vc_column_container vc_col-sm-6\"><div class=\"vc_column-inner\"><div class=\"wpb_wrapper\">\n\t<div class=\"wpb_text_column wpb_content_element\" >\n\t\t<div class=\"wpb_wrapper\">\n\t\t\t<h2 class=\"align-top\">Who we are<\/h2>\n<p>UAB \"Totemas\" is a company that provides vehicle monitoring and control services using the most advanced telecommunication and engineering technologies.<\/p>\n<p>Thanks to the possibilities provided by our vehicle tracking system, the productivity of transport companies is increased.<\/p>\n\n\t\t<\/div>\n\t<\/div>\n<\/div><\/div><\/div><\/div><div class=\"vc_row wpb_row vc_row-fluid inner-top-xs inner-bottom-sm\"><div class=\"wpb_column vc_column_container vc_col-sm-6\"><div class=\"vc_column-inner\"><div class=\"wpb_wrapper\">\n\t<div class=\"wpb_accordion wpb_content_element  not-column-inherit\" data-collapsible=\"\" data-vc-disable-keydown=\"false\" data-active-tab=\"1\">\n\t\t<div class=\"wpb_wrapper wpb_accordion_wrapper ui-accordion\">\n<h2 class=\"wpb_heading wpb_accordion_heading\">The services we offer<\/h2>\n\n\t<div class=\"wpb_accordion_section group\">\n\t\t<h3 class=\"wpb_accordion_header ui-accordion-header\"><a href=\"#transporto-priemoniu-stebejimas\">Monitoring of vehicles<\/a><\/h3>\n\t\t<div class=\"wpb_accordion_content ui-accordion-content vc_clearfix\">\n\t\t\t\n\t<div class=\"wpb_text_column wpb_content_element\" >\n\t\t<div class=\"wpb_wrapper\">\n\t\t\t<p>This is a service that allows you to monitor the activity of your vehicles in real time at any time of the day. After connecting to the system, you can see the tools: location, movement history, working time, actual fuel consumption, fuel level, reports created for you personally.<\/p>\n\n\t\t<\/div>\n\t<\/div>\n\n\t\t<\/div>\n\t<\/div>\n\n\t<div class=\"wpb_accordion_section group\">\n\t\t<h3 class=\"wpb_accordion_header ui-accordion-header\"><a href=\"#gpslogistika\">GPS logistics<\/a><\/h3>\n\t\t<div class=\"wpb_accordion_content ui-accordion-content vc_clearfix\">\n\t\t\t\n\t<div class=\"wpb_text_column wpb_content_element\" >\n\t\t<div class=\"wpb_wrapper\">\n\t\t\t<p>This system has the ability to inform you about: the vehicle's arrival at the designated location, deviation from the route, battery discharge, speeding.<\/p>\n\n\t\t<\/div>\n\t<\/div>\n\n\t\t<\/div>\n\t<\/div>\n\n\t<div class=\"wpb_accordion_section group\">\n\t\t<h3 class=\"wpb_accordion_header ui-accordion-header\"><a href=\"#kuro-kiekio-kitimu-kontrole\">Control of fuel quantity variations<\/a><\/h3>\n\t\t<div class=\"wpb_accordion_content ui-accordion-content vc_clearfix\">\n\t\t\t\n\t<div class=\"wpb_text_column wpb_content_element\" >\n\t\t<div class=\"wpb_wrapper\">\n\t\t\t<p>This is a service that helps you control and save your resources. With the help of this service, you will be able to see: actual fuel consumption (data is obtained from engine injectors or digital fuel meters), fuel level in the tank (data is obtained from the fuel tank).<\/p>\n\n\t\t<\/div>\n\t<\/div>\n\n\t\t<\/div>\n\t<\/div>\n\n\t<div class=\"wpb_accordion_section group\">\n\t\t<h3 class=\"wpb_accordion_header ui-accordion-header\"><a href=\"#marsrutu-optimizavimas\">Route optimization<\/a><\/h3>\n\t\t<div class=\"wpb_accordion_content ui-accordion-content vc_clearfix\">\n\t\t\t\n\t<div class=\"wpb_text_column wpb_content_element\" >\n\t\t<div class=\"wpb_wrapper\">\n\t\t\t<p>This service will help you plan vehicle routes in the most efficient way.<\/p>\n\n\t\t<\/div>\n\t<\/div>\n\n\t\t<\/div>\n\t<\/div>\n\n\t<div class=\"wpb_accordion_section group\">\n\t\t<h3 class=\"wpb_accordion_header ui-accordion-header\"><a href=\"#dvipuse-komunikacija-su-vairuotoju\">Two-way communication with the driver<\/a><\/h3>\n\t\t<div class=\"wpb_accordion_content ui-accordion-content vc_clearfix\">\n\t\t\t\n\t<div class=\"wpb_text_column wpb_content_element\" >\n\t\t<div class=\"wpb_wrapper\">\n\t\t\t<p>This solution helps to accurately determine and send the exact coordinates of the route, communicate with the driver using Garmin navigation, reply to the driver or write messages in Garmin navigation.<\/p>\n\n\t\t<\/div>\n\t<\/div>\n\n\t\t<\/div>\n\t<\/div>\n\n\t\t<\/div>\n\t<\/div>\n<\/div><\/div><\/div><div class=\"wpb_column vc_column_container vc_col-sm-6\"><div class=\"vc_column-inner vc_custom_1651834980488\"><div class=\"wpb_wrapper\"><div class=\"vc_row wpb_row vc_inner vc_row-fluid inner-bottom-xs\"><div class=\"wpb_column vc_column_container vc_col-sm-12\"><div class=\"vc_column-inner\"><div class=\"wpb_wrapper\">\n\t<div class=\"wpb_text_column wpb_content_element\" >\n\t\t<div class=\"wpb_wrapper\">\n\t\t\t<h3 class=\"highlight\">Additional services<\/h3>\n<p><i class=\"fa fa-check\" style=\"color: #59b210;\"><\/i> Eco driving report,<\/p>\n<p><i class=\"fa fa-check\" style=\"color: #59b210;\"><\/i> Tacho card scanning,<\/p>\n<p><i class=\"fa fa-check\" style=\"color: #59b210;\"><\/i> temperature sensors,<\/p>\n<p><i class=\"fa fa-check\" style=\"color: #59b210;\"><\/i> Door opening sensors,<\/p>\n<p><i class=\"fa fa-check\" style=\"color: #59b210;\"><\/i> Driver IDs,<\/p>\n<p><i class=\"fa fa-check\" style=\"color: #59b210;\"><\/i> Electronic supplements for accounting of actual fuel consumption,<\/p>\n<p><i class=\"fa fa-check\" style=\"color: #59b210;\"><\/i> Digital fuel level probes,<\/p>\n<p><i class=\"fa fa-check\" style=\"color: #59b210;\"><\/i> Tank electromagnetic locks<\/p>\n\n\t\t<\/div>\n\t<\/div>\n<\/div><\/div><\/div><\/div><\/div><\/div><\/div><div class=\"wpb_column vc_column_container vc_col-sm-12\"><div class=\"vc_column-inner\"><div class=\"wpb_wrapper\"><div class=\"vc_row wpb_row vc_inner vc_row-fluid\"><div class=\"wpb_column vc_column_container vc_col-sm-12\"><div class=\"vc_column-inner\"><div class=\"wpb_wrapper\">\n\t<div class=\"wpb_text_column wpb_content_element\" >\n\t\t<div class=\"wpb_wrapper\">\n\t\t\t<h3 class=\"highlight\">Why should you use our services?<\/h3>\n<p>We strive to meet customer expectations and needs, ensuring high quality of services, long-term and reliable partnership.<\/p>\n<p>We always listen to the wishes of our customers and provide the most acceptable solution and product.<\/p>\n<p>We respond promptly and eliminate problems that arise, perform maintenance and service work.\u200b<\/p>\n\n\t\t<\/div>\n\t<\/div>\n<\/div><\/div><\/div><\/div><\/div><\/div><\/div><\/div>","protected":false},"excerpt":{"rendered":"Kas mes esame UAB \u201cTotemas\u201c \u2013 \u012fmon\u0117 teikianti transporto priemoni\u0173 steb\u0117jimo ir kontrol\u0117s paslaugas, naudojant pa\u017eangiausias telekomunikacines ir in\u017einerines technologijas. M\u016bs\u0173 transporto priemoni\u0173 steb\u0117jimo sistemos teikiam\u0173 galimybi\u0173 d\u0117ka yra didinamas transporto kompanij\u0173 veiklos produktyvumas. M\u016bs\u0173 si\u016blomos paslaugos Transporto priemoni\u0173 steb\u0117jimas Tai paslauga,kuri suteikia galimyb\u0119 steb\u0117ti J\u016bs\u0173 transporto priemoni\u0173 veikl\u0105 realiu laiku bet kuriuo paros metu. Prisijung\u0119 prie sistemos J\u016bs matote priemoni\u0173: buvimo viet\u0105, jud\u0117jimo istorij\u0105, darbo laik\u0105, faktines kuro s\u0105naudas, kuro lyg\u012f, asmeni\u0161kai Jums sukurtas [...]","protected":false},"author":5,"featured_media":0,"parent":0,"menu_order":0,"comment_status":"closed","ping_status":"closed","template":"","meta":{"footnotes":""},"class_list":["post-838","page","type-page","status-publish","hentry"],"_links":{"self":[{"href":"https:\/\/shop.totemas.lt\/en\/wp-json\/wp\/v2\/pages\/838","targetHints":{"allow":["GET"]}}],"collection":[{"href":"https:\/\/shop.totemas.lt\/en\/wp-json\/wp\/v2\/pages"}],"about":[{"href":"https:\/\/shop.totemas.lt\/en\/wp-json\/wp\/v2\/types\/page"}],"author":[{"embeddable":true,"href":"https:\/\/shop.totemas.lt\/en\/wp-json\/wp\/v2\/users\/5"}],"replies":[{"embeddable":true,"href":"https:\/\/shop.totemas.lt\/en\/wp-json\/wp\/v2\/comments?post=838"}],"version-history":[{"count":9,"href":"https:\/\/shop.totemas.lt\/en\/wp-json\/wp\/v2\/pages\/838\/revisions"}],"predecessor-version":[{"id":3272,"href":"https:\/\/shop.totemas.lt\/en\/wp-json\/wp\/v2\/pages\/838\/revisions\/3272"}],"wp:attachment":[{"href":"https:\/\/shop.totemas.lt\/en\/wp-json\/wp\/v2\/media?parent=838"}],"curies":[{"name":"wp","href":"https:\/\/api.w.org\/{rel}","templated":true}]}}