{"id":3150,"date":"2022-05-03T14:00:47","date_gmt":"2022-05-03T11:00:47","guid":{"rendered":"https:\/\/shop.totemas.lt\/?post_type=product&#038;p=3150"},"modified":"2024-07-03T03:10:14","modified_gmt":"2024-07-03T00:10:14","slug":"gps-sekimo-irenginys-fm-tco4hcv-su-montavimo-darbais","status":"publish","type":"product","link":"https:\/\/shop.totemas.lt\/en\/product\/gps-sekimo-irenginys-fm-tco4hcv-su-montavimo-darbais\/","title":{"rendered":"Remote tachograph reading service"},"content":{"rendered":"<p>After installing this service, you will be able to read the car's tachograph data remotely.<\/p>\n<p>see on-board computer settings:<\/p>\n<p>Mileage<\/p>\n<p>Fuel cost<\/p>\n<p>Fuel level<\/p>\n<p>Engine speed<\/p>\n<p>The service fee consists of:<\/p>\n<ul>\n<li>Installation work (including installation materials)<\/li>\n<li>GSM\/GPS tachometer and on-board computer scanner<\/li>\n<\/ul>","protected":false},"excerpt":{"rendered":"<p>\u012esidieg\u0119 \u0161i\u0105 paslaug\u0105, gal\u0117site nusiskaityti automobilio tachografo duomenis nuotoliniu b\u016bdu. matyti borto kompiuterio parametrus: Kilomerta\u017eas Kuro s\u0105naudos Kuro lygis Variklio s\u016bkiai Paslaugos mokest\u012f sudaro: \u012ediegimo darbai (\u012fskaitant montavimo med\u017eiagas) GSM\/GPS tacho Iir borto kompiuterio nuskaitymo \u012frenginys<\/p>","protected":false},"featured_media":3398,"comment_status":"closed","ping_status":"closed","template":"","meta":[],"product_brand":[],"product_cat":[19,21,31],"product_tag":[],"class_list":{"0":"post-3150","1":"product","2":"type-product","3":"status-publish","4":"has-post-thumbnail","6":"product_cat-gsm-gps","7":"product_cat-kuro-kontrole","8":"product_cat-tachografu-nuskaitymo-iranga","10":"first","11":"outofstock","12":"taxable","13":"shipping-taxable","14":"purchasable","15":"product-type-simple"},"_links":{"self":[{"href":"https:\/\/shop.totemas.lt\/en\/wp-json\/wp\/v2\/product\/3150","targetHints":{"allow":["GET"]}}],"collection":[{"href":"https:\/\/shop.totemas.lt\/en\/wp-json\/wp\/v2\/product"}],"about":[{"href":"https:\/\/shop.totemas.lt\/en\/wp-json\/wp\/v2\/types\/product"}],"replies":[{"embeddable":true,"href":"https:\/\/shop.totemas.lt\/en\/wp-json\/wp\/v2\/comments?post=3150"}],"wp:featuredmedia":[{"embeddable":true,"href":"https:\/\/shop.totemas.lt\/en\/wp-json\/wp\/v2\/media\/3398"}],"wp:attachment":[{"href":"https:\/\/shop.totemas.lt\/en\/wp-json\/wp\/v2\/media?parent=3150"}],"wp:term":[{"taxonomy":"product_brand","embeddable":true,"href":"https:\/\/shop.totemas.lt\/en\/wp-json\/wp\/v2\/product_brand?post=3150"},{"taxonomy":"product_cat","embeddable":true,"href":"https:\/\/shop.totemas.lt\/en\/wp-json\/wp\/v2\/product_cat?post=3150"},{"taxonomy":"product_tag","embeddable":true,"href":"https:\/\/shop.totemas.lt\/en\/wp-json\/wp\/v2\/product_tag?post=3150"}],"curies":[{"name":"wp","href":"https:\/\/api.w.org\/{rel}","templated":true}]}}