{"id":3232,"date":"2022-05-03T14:01:23","date_gmt":"2022-05-03T11:01:23","guid":{"rendered":"https:\/\/shop.totemas.lt\/?post_type=product&#038;p=3232"},"modified":"2022-08-04T11:11:50","modified_gmt":"2022-08-04T08:11:50","slug":"gps-sekimo-irenginys-fm-pro5-su-montavimo-darbais","status":"publish","type":"product","link":"https:\/\/shop.totemas.lt\/en\/product\/gps-sekimo-irenginys-fm-pro5-su-montavimo-darbais\/","title":{"rendered":"Car GPS location service PRO"},"content":{"rendered":"<p>After installing this service, you will be able to see the real location of the car<\/p>\n<p>monitor the speed of movement,<\/p>\n<p>ON-BOARD COMPUTER main parameters<\/p>\n<p>mileage driven,<\/p>\n<p>Fuel consumption<\/p>\n<p>Engine RPM<\/p>\n<p>Fuel level in the tank.<\/p>\n<p>The service activation fee consists of:<\/p>\n<ul>\n<li>installation work and materials.<\/li>\n<li>GPS\/GSM device<\/li>\n<\/ul>","protected":false},"excerpt":{"rendered":"<p>\u012esidieg\u0119 \u0161i\u0105 paslaug\u0105 gal\u0117site matyti reali\u0105 automobilio viet\u0105 steb\u0117ti jud\u0117jimo greit\u012f, BORTO KOMPIUTERIO pagrindinius parametrus Nuva\u017eiuot\u0105 kilometra\u017e\u0105, Kuro s\u0105naudas Variklio s\u016bkius Kuro lyg\u012f bake. Paslaugos aktyvavimo mokest\u012f sudaro montavimo darbai ir med\u017eiagos. GPS\/GSM \u012frenginys<\/p>","protected":false},"featured_media":3396,"comment_status":"closed","ping_status":"closed","template":"","meta":[],"product_brand":[],"product_cat":[19,21],"product_tag":[],"class_list":{"0":"post-3232","1":"product","2":"type-product","3":"status-publish","4":"has-post-thumbnail","6":"product_cat-gsm-gps","7":"product_cat-kuro-kontrole","9":"first","10":"instock","11":"taxable","12":"shipping-taxable","13":"purchasable","14":"product-type-simple"},"_links":{"self":[{"href":"https:\/\/shop.totemas.lt\/en\/wp-json\/wp\/v2\/product\/3232","targetHints":{"allow":["GET"]}}],"collection":[{"href":"https:\/\/shop.totemas.lt\/en\/wp-json\/wp\/v2\/product"}],"about":[{"href":"https:\/\/shop.totemas.lt\/en\/wp-json\/wp\/v2\/types\/product"}],"replies":[{"embeddable":true,"href":"https:\/\/shop.totemas.lt\/en\/wp-json\/wp\/v2\/comments?post=3232"}],"wp:featuredmedia":[{"embeddable":true,"href":"https:\/\/shop.totemas.lt\/en\/wp-json\/wp\/v2\/media\/3396"}],"wp:attachment":[{"href":"https:\/\/shop.totemas.lt\/en\/wp-json\/wp\/v2\/media?parent=3232"}],"wp:term":[{"taxonomy":"product_brand","embeddable":true,"href":"https:\/\/shop.totemas.lt\/en\/wp-json\/wp\/v2\/product_brand?post=3232"},{"taxonomy":"product_cat","embeddable":true,"href":"https:\/\/shop.totemas.lt\/en\/wp-json\/wp\/v2\/product_cat?post=3232"},{"taxonomy":"product_tag","embeddable":true,"href":"https:\/\/shop.totemas.lt\/en\/wp-json\/wp\/v2\/product_tag?post=3232"}],"curies":[{"name":"wp","href":"https:\/\/api.w.org\/{rel}","templated":true}]}}