{"id":3247,"date":"2022-05-03T14:01:35","date_gmt":"2022-05-03T11:01:35","guid":{"rendered":"https:\/\/shop.totemas.lt\/?post_type=product&#038;p=3247"},"modified":"2022-12-28T13:07:41","modified_gmt":"2022-12-28T11:07:41","slug":"vaizdo-irasymo-irenginys-1080p-ahd-4ch-gps-wifi-3g-4g-hdd","status":"publish","type":"product","link":"https:\/\/shop.totemas.lt\/en\/product\/vaizdo-irasymo-irenginys-1080p-ahd-4ch-gps-wifi-3g-4g-hdd\/","title":{"rendered":"Installation of video security service"},"content":{"rendered":"<p>The video security system allows you to monitor what is happening around your vehicle 24\/7. Our technicians will install all the necessary equipment for video control in your vehicle.<\/p>\n<blockquote><p>The price of the service includes:<\/p>\n<p>\u2013 All work and materials related to system installation and commissioning.<\/p>\n<p>\u2013 4-channel video recorder<\/p>\n<p>\u2013 4 video cameras<\/p><\/blockquote>","protected":false},"excerpt":{"rendered":"<p>Video apsaugos sistema, leid\u017eia Jums steb\u0117ti kas vyksta aplink J\u016bs\u0173 transporto priemon\u0119 24\/7 . M\u016bs\u0173 technikai sumontuos \u012f J\u016bs\u0173 transporto priemon\u0119 vis\u0105 reikaling\u0105 \u012frang\u0105 Video kontrolei. \u012e paslaugos kain\u0105 \u012feina : &#8211; Visi darbai ir med\u017eiagos susij\u0119 su sistemos \u012fdiegimu ir paleidimu. &#8211; 4 kanal\u0173 vaizdo \u012fra\u0161ymo \u012frenginys &#8211; 4 vaizdo kameros<\/p>","protected":false},"featured_media":3387,"comment_status":"closed","ping_status":"closed","template":"","meta":[],"product_brand":[],"product_cat":[20,15],"product_tag":[196],"class_list":{"0":"post-3247","1":"product","2":"type-product","3":"status-publish","4":"has-post-thumbnail","6":"product_cat-saugos-sistemos","7":"product_cat-vaizdo-stebejimo-sistemos","8":"product_tag-video-stebejimas","10":"first","11":"instock","12":"taxable","13":"shipping-taxable","14":"purchasable","15":"product-type-simple"},"_links":{"self":[{"href":"https:\/\/shop.totemas.lt\/en\/wp-json\/wp\/v2\/product\/3247","targetHints":{"allow":["GET"]}}],"collection":[{"href":"https:\/\/shop.totemas.lt\/en\/wp-json\/wp\/v2\/product"}],"about":[{"href":"https:\/\/shop.totemas.lt\/en\/wp-json\/wp\/v2\/types\/product"}],"replies":[{"embeddable":true,"href":"https:\/\/shop.totemas.lt\/en\/wp-json\/wp\/v2\/comments?post=3247"}],"wp:featuredmedia":[{"embeddable":true,"href":"https:\/\/shop.totemas.lt\/en\/wp-json\/wp\/v2\/media\/3387"}],"wp:attachment":[{"href":"https:\/\/shop.totemas.lt\/en\/wp-json\/wp\/v2\/media?parent=3247"}],"wp:term":[{"taxonomy":"product_brand","embeddable":true,"href":"https:\/\/shop.totemas.lt\/en\/wp-json\/wp\/v2\/product_brand?post=3247"},{"taxonomy":"product_cat","embeddable":true,"href":"https:\/\/shop.totemas.lt\/en\/wp-json\/wp\/v2\/product_cat?post=3247"},{"taxonomy":"product_tag","embeddable":true,"href":"https:\/\/shop.totemas.lt\/en\/wp-json\/wp\/v2\/product_tag?post=3247"}],"curies":[{"name":"wp","href":"https:\/\/api.w.org\/{rel}","templated":true}]}}