{"id":3256,"date":"2022-05-03T14:01:36","date_gmt":"2022-05-03T12:01:36","guid":{"rendered":"https:\/\/shop.totemas.lt\/?post_type=product&#038;p=3256"},"modified":"2025-09-30T10:01:43","modified_gmt":"2025-09-30T07:01:43","slug":"gsm-gprs-irenginys-trace5","status":"publish","type":"product","link":"https:\/\/shop.totemas.lt\/en\/product\/gsm-gprs-irenginys-trace5\/","title":{"rendered":"Car GPS location service EKO"},"content":{"rendered":"<p>After installing this service, you will be able to see the real location of the car<\/p>\n<p>monitor movement speed<\/p>\n<p>see mileage.<\/p>\n<p>The service activation fee consists of:<\/p>\n<ul>\n<li>installation work and materials.<\/li>\n<li>GPS\/GSM device<\/li>\n<\/ul>","protected":false},"excerpt":{"rendered":"<p>\u012esidieg\u0119 \u0161i\u0105 paslaug\u0105 gal\u0117site matyti reali\u0105 automobilio viet\u0105 steb\u0117ti jud\u0117jimo greit\u012f matyti nuva\u017eiuot\u0105 kilometra\u017e\u0105. Paslaugos aktyvavimo mokest\u012f sudaro montavimo darbai ir med\u017eiagos. GPS\/GSM \u012frenginys<\/p>","protected":false},"featured_media":3397,"comment_status":"closed","ping_status":"closed","template":"","meta":[],"product_brand":[],"product_cat":[19],"product_tag":[],"class_list":{"0":"post-3256","1":"product","2":"type-product","3":"status-publish","4":"has-post-thumbnail","6":"product_cat-gsm-gps","8":"first","9":"outofstock","10":"taxable","11":"shipping-taxable","12":"purchasable","13":"product-type-simple"},"_links":{"self":[{"href":"https:\/\/shop.totemas.lt\/en\/wp-json\/wp\/v2\/product\/3256","targetHints":{"allow":["GET"]}}],"collection":[{"href":"https:\/\/shop.totemas.lt\/en\/wp-json\/wp\/v2\/product"}],"about":[{"href":"https:\/\/shop.totemas.lt\/en\/wp-json\/wp\/v2\/types\/product"}],"replies":[{"embeddable":true,"href":"https:\/\/shop.totemas.lt\/en\/wp-json\/wp\/v2\/comments?post=3256"}],"wp:featuredmedia":[{"embeddable":true,"href":"https:\/\/shop.totemas.lt\/en\/wp-json\/wp\/v2\/media\/3397"}],"wp:attachment":[{"href":"https:\/\/shop.totemas.lt\/en\/wp-json\/wp\/v2\/media?parent=3256"}],"wp:term":[{"taxonomy":"product_brand","embeddable":true,"href":"https:\/\/shop.totemas.lt\/en\/wp-json\/wp\/v2\/product_brand?post=3256"},{"taxonomy":"product_cat","embeddable":true,"href":"https:\/\/shop.totemas.lt\/en\/wp-json\/wp\/v2\/product_cat?post=3256"},{"taxonomy":"product_tag","embeddable":true,"href":"https:\/\/shop.totemas.lt\/en\/wp-json\/wp\/v2\/product_tag?post=3256"}],"curies":[{"name":"wp","href":"https:\/\/api.w.org\/{rel}","templated":true}]}}