{"id":6079,"date":"2026-04-14T16:37:05","date_gmt":"2026-04-14T13:37:05","guid":{"rendered":"https:\/\/shop.totemas.lt\/?post_type=product&#038;p=6079"},"modified":"2026-04-14T16:37:08","modified_gmt":"2026-04-14T13:37:08","slug":"sunpro-450w-full-transparent-stiklas-stiklas","status":"publish","type":"product","link":"https:\/\/shop.totemas.lt\/en\/product\/sunpro-450w-full-transparent-stiklas-stiklas\/","title":{"rendered":"SUNPRO 450W Full transparent (stiklas\/stiklas)"},"content":{"rendered":"<p><strong>\u201eSunpro Power\u201c 450W <\/strong>saul\u0117s moduliai \u2013 tai auk\u0161tos kokyb\u0117s, efektyv\u016bs fotovoltiniai sprendimai, skirti tiek individualiems namams, tiek komercin\u0117ms sistemoms. D\u0117l pa\u017eangi\u0173 technologij\u0173 ir tvirtos konstrukcijos \u0161ie moduliai puikiai tinka \u012fvairioms klimato s\u0105lygoms ir sud\u0117tingoms aplinkoms.<\/p>\n<p>Efektyvumas &#8211; 23,02%.<\/p>\n<p>37 vnt. Palet\u0117je.<\/p>\n<p>&nbsp;<\/p>","protected":false},"excerpt":{"rendered":"<p>Saul\u0117s modulis 450W Full Black N-Type Bifacial stiklas-stiklas.<\/p>","protected":false},"featured_media":5149,"comment_status":"open","ping_status":"closed","template":"","meta":[],"product_brand":[214],"product_cat":[292,294],"product_tag":[],"class_list":{"0":"post-6079","1":"product","2":"type-product","3":"status-publish","4":"has-post-thumbnail","6":"product_brand-sunpro","7":"product_cat-saules-moduliai","8":"product_cat-sunpro-power-saules-moduliai-2","10":"first","11":"outofstock","12":"sale","13":"taxable","14":"shipping-taxable","15":"purchasable","16":"product-type-simple"},"_links":{"self":[{"href":"https:\/\/shop.totemas.lt\/en\/wp-json\/wp\/v2\/product\/6079","targetHints":{"allow":["GET"]}}],"collection":[{"href":"https:\/\/shop.totemas.lt\/en\/wp-json\/wp\/v2\/product"}],"about":[{"href":"https:\/\/shop.totemas.lt\/en\/wp-json\/wp\/v2\/types\/product"}],"replies":[{"embeddable":true,"href":"https:\/\/shop.totemas.lt\/en\/wp-json\/wp\/v2\/comments?post=6079"}],"wp:featuredmedia":[{"embeddable":true,"href":"https:\/\/shop.totemas.lt\/en\/wp-json\/wp\/v2\/media\/5149"}],"wp:attachment":[{"href":"https:\/\/shop.totemas.lt\/en\/wp-json\/wp\/v2\/media?parent=6079"}],"wp:term":[{"taxonomy":"product_brand","embeddable":true,"href":"https:\/\/shop.totemas.lt\/en\/wp-json\/wp\/v2\/product_brand?post=6079"},{"taxonomy":"product_cat","embeddable":true,"href":"https:\/\/shop.totemas.lt\/en\/wp-json\/wp\/v2\/product_cat?post=6079"},{"taxonomy":"product_tag","embeddable":true,"href":"https:\/\/shop.totemas.lt\/en\/wp-json\/wp\/v2\/product_tag?post=6079"}],"curies":[{"name":"wp","href":"https:\/\/api.w.org\/{rel}","templated":true}]}}