{"id":6080,"date":"2026-04-14T16:37:05","date_gmt":"2026-04-14T13:37:05","guid":{"rendered":"https:\/\/shop.totemas.lt\/?post_type=product&#038;p=6080"},"modified":"2026-04-17T07:04:06","modified_gmt":"2026-04-17T04:04:06","slug":"sunpro-500w-full-transparent-stiklas-stiklas","status":"publish","type":"product","link":"https:\/\/shop.totemas.lt\/en\/product\/sunpro-500w-full-transparent-stiklas-stiklas\/","title":{"rendered":"SUNPRO 500W Full transparent (stiklas\/stiklas)"},"content":{"rendered":"<p><strong>&#8220;Sunpro 500W SPDG500-N108R12\/500W Bifacial Glass-Glass Black Frame Full Transparent<\/strong>&#8221; si\u016blo efektyvi\u0105 ir aplinkai nekenksming\u0105 energijos gamyb\u0105 naudojant modernias technologijas ir 22,5% efektyvum\u0105.<\/p>\n<p>37 vnt. palet\u0117je.<\/p>","protected":false},"excerpt":{"rendered":"<p>Saul\u0117s modulis 500W Full Black transparent stiklas-stiklas.<\/p>","protected":false},"featured_media":5149,"comment_status":"open","ping_status":"closed","template":"","meta":[],"product_brand":[214],"product_cat":[292,294],"product_tag":[],"class_list":{"0":"post-6080","1":"product","2":"type-product","3":"status-publish","4":"has-post-thumbnail","6":"product_brand-sunpro","7":"product_cat-saules-moduliai","8":"product_cat-sunpro-power-saules-moduliai-2","10":"first","11":"instock","12":"sale","13":"taxable","14":"shipping-taxable","15":"purchasable","16":"product-type-simple"},"_links":{"self":[{"href":"https:\/\/shop.totemas.lt\/en\/wp-json\/wp\/v2\/product\/6080","targetHints":{"allow":["GET"]}}],"collection":[{"href":"https:\/\/shop.totemas.lt\/en\/wp-json\/wp\/v2\/product"}],"about":[{"href":"https:\/\/shop.totemas.lt\/en\/wp-json\/wp\/v2\/types\/product"}],"replies":[{"embeddable":true,"href":"https:\/\/shop.totemas.lt\/en\/wp-json\/wp\/v2\/comments?post=6080"}],"wp:featuredmedia":[{"embeddable":true,"href":"https:\/\/shop.totemas.lt\/en\/wp-json\/wp\/v2\/media\/5149"}],"wp:attachment":[{"href":"https:\/\/shop.totemas.lt\/en\/wp-json\/wp\/v2\/media?parent=6080"}],"wp:term":[{"taxonomy":"product_brand","embeddable":true,"href":"https:\/\/shop.totemas.lt\/en\/wp-json\/wp\/v2\/product_brand?post=6080"},{"taxonomy":"product_cat","embeddable":true,"href":"https:\/\/shop.totemas.lt\/en\/wp-json\/wp\/v2\/product_cat?post=6080"},{"taxonomy":"product_tag","embeddable":true,"href":"https:\/\/shop.totemas.lt\/en\/wp-json\/wp\/v2\/product_tag?post=6080"}],"curies":[{"name":"wp","href":"https:\/\/api.w.org\/{rel}","templated":true}]}}