{"id":6082,"date":"2026-04-14T16:37:05","date_gmt":"2026-04-14T13:37:05","guid":{"rendered":"https:\/\/shop.totemas.lt\/?post_type=product&#038;p=6082"},"modified":"2026-04-14T16:37:08","modified_gmt":"2026-04-14T13:37:08","slug":"hanersun-440w-fullblack-stiklas-stiklas","status":"publish","type":"product","link":"https:\/\/shop.totemas.lt\/en\/product\/hanersun-440w-fullblack-stiklas-stiklas\/","title":{"rendered":"HANERSUN 440W Fullblack (stiklas\/stiklas)"},"content":{"rendered":"<p><strong>Hanersun<\/strong>\u00a0yra prek\u0117s \u017eenklas, demonstruojantis technologin\u0119 pa\u017eang\u0105 ir patikimum\u0105. J\u0173 saul\u0117s baterijos yra kruop\u0161\u010diai suprojektuotos ir pagamintos, kad u\u017etikrint\u0173 i\u0161skirtin\u012f na\u0161um\u0105, efektyvum\u0105 ir ilgaam\u017ei\u0161kum\u0105. Su Hanersun galite pasitik\u0117ti, kad investuojate \u012f auk\u0161tos kokyb\u0117s modulius, kurie maksimaliai padidins j\u016bs\u0173 energijos gamyb\u0105 ir suteiks ilgalaik\u0119 vert\u0119.<\/p>\n<p>36 vnt. Palet\u0117je.<\/p>\n<p>Efektyvumas &#8211; 22,53%.<\/p>","protected":false},"excerpt":{"rendered":"<p>Saul\u0117s modulis 440W Hanersun HN18N-54HT full black stiklas-stiklas.<\/p>","protected":false},"featured_media":5153,"comment_status":"open","ping_status":"closed","template":"","meta":[],"product_brand":[218],"product_cat":[296,292],"product_tag":[],"class_list":{"0":"post-6082","1":"product","2":"type-product","3":"status-publish","4":"has-post-thumbnail","6":"product_brand-hanersun","7":"product_cat-hanersun-saules-moduliai-2","8":"product_cat-saules-moduliai","10":"first","11":"outofstock","12":"sale","13":"taxable","14":"shipping-taxable","15":"purchasable","16":"product-type-simple"},"_links":{"self":[{"href":"https:\/\/shop.totemas.lt\/en\/wp-json\/wp\/v2\/product\/6082","targetHints":{"allow":["GET"]}}],"collection":[{"href":"https:\/\/shop.totemas.lt\/en\/wp-json\/wp\/v2\/product"}],"about":[{"href":"https:\/\/shop.totemas.lt\/en\/wp-json\/wp\/v2\/types\/product"}],"replies":[{"embeddable":true,"href":"https:\/\/shop.totemas.lt\/en\/wp-json\/wp\/v2\/comments?post=6082"}],"wp:featuredmedia":[{"embeddable":true,"href":"https:\/\/shop.totemas.lt\/en\/wp-json\/wp\/v2\/media\/5153"}],"wp:attachment":[{"href":"https:\/\/shop.totemas.lt\/en\/wp-json\/wp\/v2\/media?parent=6082"}],"wp:term":[{"taxonomy":"product_brand","embeddable":true,"href":"https:\/\/shop.totemas.lt\/en\/wp-json\/wp\/v2\/product_brand?post=6082"},{"taxonomy":"product_cat","embeddable":true,"href":"https:\/\/shop.totemas.lt\/en\/wp-json\/wp\/v2\/product_cat?post=6082"},{"taxonomy":"product_tag","embeddable":true,"href":"https:\/\/shop.totemas.lt\/en\/wp-json\/wp\/v2\/product_tag?post=6082"}],"curies":[{"name":"wp","href":"https:\/\/api.w.org\/{rel}","templated":true}]}}