{"id":6084,"date":"2026-04-14T16:37:05","date_gmt":"2026-04-14T13:37:05","guid":{"rendered":"https:\/\/shop.totemas.lt\/?post_type=product&#038;p=6084"},"modified":"2026-04-17T00:03:54","modified_gmt":"2026-04-16T21:03:54","slug":"6-kw-solis-inverteris-3ph-s5-gr3p6k","status":"publish","type":"product","link":"https:\/\/shop.totemas.lt\/en\/product\/6-kw-solis-inverteris-3ph-s5-gr3p6k\/","title":{"rendered":"6 kW Solis inverteris (3Ph) S5-GR3P6K"},"content":{"rendered":"<p><strong>S5-GR3P(3-20)K<\/strong> trifaziai nuosekliosios grandin\u0117s inverteriai \u2013 patikima \u012franga, skirta gyvenamosioms, nedidel\u0117ms pramonin\u0117ms ir komercin\u0117ms fotovoltin\u0117ms \u012frengtims. Ma\u017eesnio dyd\u017eio, didesnio efektyvumo, galima rinktis i\u0161 \u012fvairios galios modeli\u0173. Naudojama dviej\u0173 <strong>MPPT<\/strong> prieiga: tai lanks\u010diau ir efektyviau.<\/p>\n<p>Maksimali. DC \u012fvesties galia: 9000W;<br \/>\nMaksimalus efektyvumas: 98,3%;<br \/>\nMPPT \u012e\u0117jimo \u012ftampos diapazonas: 160-1000V;<br \/>\nMaksimali DC \u012fvesties \u012ftampa: 1100V;<br \/>\nApsaugos klas\u0117: IP66.<\/p>","protected":false},"excerpt":{"rendered":"<p>3 fazi\u0173, 2MPPT, 2 string\u0173 su DC i\u0161jung\u0117ju.<\/p>","protected":false},"featured_media":5161,"comment_status":"open","ping_status":"closed","template":"","meta":[],"product_brand":[223],"product_cat":[300,297,298,299],"product_tag":[],"class_list":{"0":"post-6084","1":"product","2":"type-product","3":"status-publish","4":"has-post-thumbnail","6":"product_brand-solis","7":"product_cat-iki-20-kw-trifaziai-on-grid-standartiniai-inverteriai-2","8":"product_cat-inverteriai-2","9":"product_cat-on-grid-standartiniai-inverteriai-2","10":"product_cat-trifaziai-on-grid-standartiniai-inverteriai-2","12":"first","13":"instock","14":"sale","15":"taxable","16":"shipping-taxable","17":"purchasable","18":"product-type-simple"},"_links":{"self":[{"href":"https:\/\/shop.totemas.lt\/en\/wp-json\/wp\/v2\/product\/6084","targetHints":{"allow":["GET"]}}],"collection":[{"href":"https:\/\/shop.totemas.lt\/en\/wp-json\/wp\/v2\/product"}],"about":[{"href":"https:\/\/shop.totemas.lt\/en\/wp-json\/wp\/v2\/types\/product"}],"replies":[{"embeddable":true,"href":"https:\/\/shop.totemas.lt\/en\/wp-json\/wp\/v2\/comments?post=6084"}],"wp:featuredmedia":[{"embeddable":true,"href":"https:\/\/shop.totemas.lt\/en\/wp-json\/wp\/v2\/media\/5161"}],"wp:attachment":[{"href":"https:\/\/shop.totemas.lt\/en\/wp-json\/wp\/v2\/media?parent=6084"}],"wp:term":[{"taxonomy":"product_brand","embeddable":true,"href":"https:\/\/shop.totemas.lt\/en\/wp-json\/wp\/v2\/product_brand?post=6084"},{"taxonomy":"product_cat","embeddable":true,"href":"https:\/\/shop.totemas.lt\/en\/wp-json\/wp\/v2\/product_cat?post=6084"},{"taxonomy":"product_tag","embeddable":true,"href":"https:\/\/shop.totemas.lt\/en\/wp-json\/wp\/v2\/product_tag?post=6084"}],"curies":[{"name":"wp","href":"https:\/\/api.w.org\/{rel}","templated":true}]}}