{"id":6098,"date":"2026-04-14T16:37:07","date_gmt":"2026-04-14T13:37:07","guid":{"rendered":"https:\/\/shop.totemas.lt\/?post_type=product&#038;p=6098"},"modified":"2026-04-17T02:02:28","modified_gmt":"2026-04-16T23:02:28","slug":"22-kw-vieso-naudojimo-ikrovimo-stotele-2x11kw-solman","status":"publish","type":"product","link":"https:\/\/shop.totemas.lt\/en\/product\/22-kw-vieso-naudojimo-ikrovimo-stotele-2x11kw-solman\/","title":{"rendered":"22 kW Vie\u0161o naudojimo \u012fkrovimo stotel\u0117 2x11kW SOLMAN"},"content":{"rendered":"<p>Kraukite savo elektromobil\u012f greitai ir efektyviai su Yingli \u012fkrovimo stotel\u0117mis \u2013 pa\u017eangi technologija, deranti su saul\u0117s energija j\u016bs\u0173 tvariai atei\u010diai! \u0160ios stotel\u0117s yra ergonomi\u0161ko dizaino, kompakti\u0161kos ir lengvai montuojamos, pasi\u017eymi auk\u0161tu efektyvumu ir patikimumu. Jos sukurtos taip, kad u\u017etikrint\u0173 greit\u0105 ir saug\u0173 \u012fkrovim\u0105, suma\u017einant \u012fkrovimo laik\u0105 ir energijos nuostolius.<\/p>","protected":false},"excerpt":{"rendered":"<p>Kraukite savo elektromobil\u012f greitai ir efektyviai su Yingli \u012fkrovimo stotel\u0117mis \u2013 pa\u017eangi technologija, deranti su saul\u0117s energija j\u016bs\u0173 tvariai atei\u010diai! \u0160ios stotel\u0117s yra ergonomi\u0161ko dizaino, kompakti\u0161kos ir lengvai montuojamos, pasi\u017eymi auk\u0161tu efektyvumu ir patikimumu. Jos sukurtos taip, kad u\u017etikrint\u0173 greit\u0105 ir saug\u0173 \u012fkrovim\u0105, suma\u017einant \u012fkrovimo laik\u0105 ir energijos nuostolius.<\/p>","protected":false},"featured_media":5181,"comment_status":"open","ping_status":"closed","template":"","meta":[],"product_brand":[231],"product_cat":[304,305,306],"product_tag":[],"class_list":{"0":"post-6098","1":"product","2":"type-product","3":"status-publish","4":"has-post-thumbnail","6":"product_brand-yingli","7":"product_cat-ikrovimo-stoteles-2","8":"product_cat-viesos-ikrovimo-stoteles","9":"product_cat-yingli","11":"first","12":"instock","13":"sale","14":"taxable","15":"shipping-taxable","16":"purchasable","17":"product-type-simple"},"_links":{"self":[{"href":"https:\/\/shop.totemas.lt\/en\/wp-json\/wp\/v2\/product\/6098","targetHints":{"allow":["GET"]}}],"collection":[{"href":"https:\/\/shop.totemas.lt\/en\/wp-json\/wp\/v2\/product"}],"about":[{"href":"https:\/\/shop.totemas.lt\/en\/wp-json\/wp\/v2\/types\/product"}],"replies":[{"embeddable":true,"href":"https:\/\/shop.totemas.lt\/en\/wp-json\/wp\/v2\/comments?post=6098"}],"wp:featuredmedia":[{"embeddable":true,"href":"https:\/\/shop.totemas.lt\/en\/wp-json\/wp\/v2\/media\/5181"}],"wp:attachment":[{"href":"https:\/\/shop.totemas.lt\/en\/wp-json\/wp\/v2\/media?parent=6098"}],"wp:term":[{"taxonomy":"product_brand","embeddable":true,"href":"https:\/\/shop.totemas.lt\/en\/wp-json\/wp\/v2\/product_brand?post=6098"},{"taxonomy":"product_cat","embeddable":true,"href":"https:\/\/shop.totemas.lt\/en\/wp-json\/wp\/v2\/product_cat?post=6098"},{"taxonomy":"product_tag","embeddable":true,"href":"https:\/\/shop.totemas.lt\/en\/wp-json\/wp\/v2\/product_tag?post=6098"}],"curies":[{"name":"wp","href":"https:\/\/api.w.org\/{rel}","templated":true}]}}