{"id":6099,"date":"2026-04-14T16:37:07","date_gmt":"2026-04-14T13:37:07","guid":{"rendered":"https:\/\/shop.totemas.lt\/?post_type=product&#038;p=6099"},"modified":"2026-04-14T16:37:11","modified_gmt":"2026-04-14T13:37:11","slug":"greito-krovimo-stotele-120kw-240kw","status":"publish","type":"product","link":"https:\/\/shop.totemas.lt\/en\/product\/greito-krovimo-stotele-120kw-240kw\/","title":{"rendered":"Greito krovimo stotel\u0117 120kW-240kW"},"content":{"rendered":"<p><span style=\"vertical-align: inherit;\"><span style=\"vertical-align: inherit;\">120 kW, 460 kW, 180 kW, 240 kW<\/span><\/span><\/p>","protected":false},"excerpt":{"rendered":"<p><strong><span style=\"vertical-align: inherit;\">U\u017dSAKOMA PREK\u0116. PRISTATYMO TERMINAS 1,5 &#8211; 3 M\u0116N.<\/span><\/strong><\/p>","protected":false},"featured_media":5191,"comment_status":"open","ping_status":"closed","template":"","meta":[],"product_brand":[231],"product_cat":[304,305,306],"product_tag":[],"class_list":{"0":"post-6099","1":"product","2":"type-product","3":"status-publish","4":"has-post-thumbnail","6":"product_brand-yingli","7":"product_cat-ikrovimo-stoteles-2","8":"product_cat-viesos-ikrovimo-stoteles","9":"product_cat-yingli","11":"first","12":"outofstock","13":"taxable","14":"shipping-taxable","15":"product-type-variable"},"_links":{"self":[{"href":"https:\/\/shop.totemas.lt\/en\/wp-json\/wp\/v2\/product\/6099","targetHints":{"allow":["GET"]}}],"collection":[{"href":"https:\/\/shop.totemas.lt\/en\/wp-json\/wp\/v2\/product"}],"about":[{"href":"https:\/\/shop.totemas.lt\/en\/wp-json\/wp\/v2\/types\/product"}],"replies":[{"embeddable":true,"href":"https:\/\/shop.totemas.lt\/en\/wp-json\/wp\/v2\/comments?post=6099"}],"wp:featuredmedia":[{"embeddable":true,"href":"https:\/\/shop.totemas.lt\/en\/wp-json\/wp\/v2\/media\/5191"}],"wp:attachment":[{"href":"https:\/\/shop.totemas.lt\/en\/wp-json\/wp\/v2\/media?parent=6099"}],"wp:term":[{"taxonomy":"product_brand","embeddable":true,"href":"https:\/\/shop.totemas.lt\/en\/wp-json\/wp\/v2\/product_brand?post=6099"},{"taxonomy":"product_cat","embeddable":true,"href":"https:\/\/shop.totemas.lt\/en\/wp-json\/wp\/v2\/product_cat?post=6099"},{"taxonomy":"product_tag","embeddable":true,"href":"https:\/\/shop.totemas.lt\/en\/wp-json\/wp\/v2\/product_tag?post=6099"}],"curies":[{"name":"wp","href":"https:\/\/api.w.org\/{rel}","templated":true}]}}