{"id":6105,"date":"2026-04-14T16:37:07","date_gmt":"2026-04-14T13:37:07","guid":{"rendered":"https:\/\/shop.totemas.lt\/?post_type=product&#038;p=6105"},"modified":"2026-04-17T08:04:11","modified_gmt":"2026-04-17T05:04:11","slug":"10-kw-solis-auksto-voltazo-3ph-4mppt-inverteris-s6-eh3p10k-h-eu","status":"publish","type":"product","link":"https:\/\/shop.totemas.lt\/en\/product\/10-kw-solis-auksto-voltazo-3ph-4mppt-inverteris-s6-eh3p10k-h-eu\/","title":{"rendered":"10 kW Solis auk\u0161to volta\u017eo (3Ph) 4MPPT inverteris S6-EH3P10K-H-EU"},"content":{"rendered":"<p>\u0160is inverteris dien\u0105 rinks saul\u0117s energij\u0105 ir tieks energij\u0105 nam\u0173 apkrovoms bei \u012fkraus akumuliatori\u0173. Nakt\u012f jis i\u0161 akumuliatoriaus maitins j\u016bs\u0173 nam\u0173 apkrovas. Taip i\u0161vengsite bet kokio elektros energijos vartojimo i\u0161 tinklo ir nemok\u0117site n\u0117 cento! Duokite atkirt\u012f su naujuoju hibridiniu saul\u0117s energijos inverteriu S6 i\u0161 \u201eSolis\u201c.<\/p>","protected":false},"excerpt":{"rendered":"<p>Saul\u0117s energijos inverteris S6, prie kurio galima prijungti saul\u0117s baterijas ir auk\u0161tos \u012ftampos akumuliatori\u0173.<\/p>","protected":false},"featured_media":5199,"comment_status":"open","ping_status":"closed","template":"","meta":[],"product_brand":[223],"product_cat":[308,307,297,309],"product_tag":[],"class_list":{"0":"post-6105","1":"product","2":"type-product","3":"status-publish","4":"has-post-thumbnail","6":"product_brand-solis","7":"product_cat-auksto-voltazo-inverteriai-hibridiniai-inverteriai-2","8":"product_cat-hibridiniai-inverteriai-2","9":"product_cat-inverteriai-2","10":"product_cat-trifaziai-auksto-voltazo-inverteriai-hibridiniai-inverteriai-2","12":"first","13":"instock","14":"sale","15":"taxable","16":"shipping-taxable","17":"purchasable","18":"product-type-simple"},"_links":{"self":[{"href":"https:\/\/shop.totemas.lt\/en\/wp-json\/wp\/v2\/product\/6105","targetHints":{"allow":["GET"]}}],"collection":[{"href":"https:\/\/shop.totemas.lt\/en\/wp-json\/wp\/v2\/product"}],"about":[{"href":"https:\/\/shop.totemas.lt\/en\/wp-json\/wp\/v2\/types\/product"}],"replies":[{"embeddable":true,"href":"https:\/\/shop.totemas.lt\/en\/wp-json\/wp\/v2\/comments?post=6105"}],"wp:featuredmedia":[{"embeddable":true,"href":"https:\/\/shop.totemas.lt\/en\/wp-json\/wp\/v2\/media\/5199"}],"wp:attachment":[{"href":"https:\/\/shop.totemas.lt\/en\/wp-json\/wp\/v2\/media?parent=6105"}],"wp:term":[{"taxonomy":"product_brand","embeddable":true,"href":"https:\/\/shop.totemas.lt\/en\/wp-json\/wp\/v2\/product_brand?post=6105"},{"taxonomy":"product_cat","embeddable":true,"href":"https:\/\/shop.totemas.lt\/en\/wp-json\/wp\/v2\/product_cat?post=6105"},{"taxonomy":"product_tag","embeddable":true,"href":"https:\/\/shop.totemas.lt\/en\/wp-json\/wp\/v2\/product_tag?post=6105"}],"curies":[{"name":"wp","href":"https:\/\/api.w.org\/{rel}","templated":true}]}}