{"id":6111,"date":"2026-04-14T16:37:13","date_gmt":"2026-04-14T13:37:13","guid":{"rendered":"https:\/\/shop.totemas.lt\/?post_type=product&#038;p=6111"},"modified":"2026-04-17T04:02:39","modified_gmt":"2026-04-17T01:02:39","slug":"trifazis-elektros-skaitiklis-smart-meter-epm-su-magnetais-acrel","status":"publish","type":"product","link":"https:\/\/shop.totemas.lt\/en\/product\/trifazis-elektros-skaitiklis-smart-meter-epm-su-magnetais-acrel\/","title":{"rendered":"Trifazis elektros skaitiklis (Smart Meter) EPM su magnetais Acrel"},"content":{"rendered":"<p><b>Skaitiklio apra\u0161ymas:<\/b><\/p>\n<ul>\n<li>Nominali tinklo \u012ftampa: 3*220\/380V;<\/li>\n<li>\u012e\u0117jimo \u012ftampa: 3*1(6)A;<\/li>\n<li>Tikslumo diapazonas: \u012etampa +0.2%; Srov\u0117 +0.2%; Galia (P, Q,S) +0.5%;<\/li>\n<li>Darbin\u0117 temperat\u016bra: -25\u00b0C-55\u00b0C.<\/li>\n<\/ul>","protected":false},"excerpt":{"rendered":"<p>Meter-3P-CT*3 (External CT).<\/p>","protected":false},"featured_media":5247,"comment_status":"open","ping_status":"closed","template":"","meta":[],"product_brand":[238,223],"product_cat":[310,311,312],"product_tag":[],"class_list":{"0":"post-6111","1":"product","2":"type-product","3":"status-publish","4":"has-post-thumbnail","6":"product_brand-acrel","7":"product_brand-solis","8":"product_cat-priedai-inverteriai-2","9":"product_cat-smart-meter-priedai-inverteriai-2","10":"product_cat-trifaziai-smart-meter-priedai-inverteriai-2","12":"first","13":"instock","14":"sale","15":"taxable","16":"shipping-taxable","17":"purchasable","18":"product-type-simple"},"_links":{"self":[{"href":"https:\/\/shop.totemas.lt\/en\/wp-json\/wp\/v2\/product\/6111","targetHints":{"allow":["GET"]}}],"collection":[{"href":"https:\/\/shop.totemas.lt\/en\/wp-json\/wp\/v2\/product"}],"about":[{"href":"https:\/\/shop.totemas.lt\/en\/wp-json\/wp\/v2\/types\/product"}],"replies":[{"embeddable":true,"href":"https:\/\/shop.totemas.lt\/en\/wp-json\/wp\/v2\/comments?post=6111"}],"wp:featuredmedia":[{"embeddable":true,"href":"https:\/\/shop.totemas.lt\/en\/wp-json\/wp\/v2\/media\/5247"}],"wp:attachment":[{"href":"https:\/\/shop.totemas.lt\/en\/wp-json\/wp\/v2\/media?parent=6111"}],"wp:term":[{"taxonomy":"product_brand","embeddable":true,"href":"https:\/\/shop.totemas.lt\/en\/wp-json\/wp\/v2\/product_brand?post=6111"},{"taxonomy":"product_cat","embeddable":true,"href":"https:\/\/shop.totemas.lt\/en\/wp-json\/wp\/v2\/product_cat?post=6111"},{"taxonomy":"product_tag","embeddable":true,"href":"https:\/\/shop.totemas.lt\/en\/wp-json\/wp\/v2\/product_tag?post=6111"}],"curies":[{"name":"wp","href":"https:\/\/api.w.org\/{rel}","templated":true}]}}