{"id":6115,"date":"2026-04-14T16:37:14","date_gmt":"2026-04-14T13:37:14","guid":{"rendered":"https:\/\/shop.totemas.lt\/?post_type=product&#038;p=6115"},"modified":"2026-04-17T02:02:17","modified_gmt":"2026-04-16T23:02:17","slug":"solis-s5-wifi-st-4pin-inverterio-komunikacijos-adapteris","status":"publish","type":"product","link":"https:\/\/shop.totemas.lt\/en\/product\/solis-s5-wifi-st-4pin-inverterio-komunikacijos-adapteris\/","title":{"rendered":"Solis S5-WiFi-ST 4PIN inverterio komunikacijos adapteris"},"content":{"rendered":"<p>Prie 1 duomen\u0173 kaupiklio galima prijungti iki 10 inverteri\u0173. Kaupiklis jungiasi prie vietinio \u201eWiFi\u201c tinklo ir belaid\u017eiu ry\u0161iu perduoda duomenis \u012f \u201eSolisCloud\u201c. \u201eSolisCloud\u201c, \u201eSolis\u201c steb\u0117jimo platforma, leid\u017eia nuotoliniu b\u016bdu steb\u0117ti ir valdyti sistem\u0105. Duomenys yra ai\u0161k\u016bs ir i\u0161sam\u016bs, tod\u0117l juos lengva steb\u0117ti ir \u0161alinti gedimus i\u0161 bet kurios vietos ir bet kuriuo metu. S5-WiFi-ST.<\/p>","protected":false},"excerpt":{"rendered":"<p>Prie 1 duomen\u0173 kaupiklio galima prijungti iki 10 inverteri\u0173. Kaupiklis jungiasi prie vietinio \u201eWiFi\u201c tinklo ir belaid\u017eiu ry\u0161iu perduoda duomenis \u012f \u201eSolisCloud\u201c.<\/p>","protected":false},"featured_media":5262,"comment_status":"open","ping_status":"closed","template":"","meta":[],"product_brand":[223],"product_cat":[316,310],"product_tag":[],"class_list":{"0":"post-6115","1":"product","2":"type-product","3":"status-publish","4":"has-post-thumbnail","6":"product_brand-solis","7":"product_cat-datalogger-priedai-inverteriai-2","8":"product_cat-priedai-inverteriai-2","10":"first","11":"instock","12":"sale","13":"taxable","14":"shipping-taxable","15":"purchasable","16":"product-type-simple"},"_links":{"self":[{"href":"https:\/\/shop.totemas.lt\/en\/wp-json\/wp\/v2\/product\/6115","targetHints":{"allow":["GET"]}}],"collection":[{"href":"https:\/\/shop.totemas.lt\/en\/wp-json\/wp\/v2\/product"}],"about":[{"href":"https:\/\/shop.totemas.lt\/en\/wp-json\/wp\/v2\/types\/product"}],"replies":[{"embeddable":true,"href":"https:\/\/shop.totemas.lt\/en\/wp-json\/wp\/v2\/comments?post=6115"}],"wp:featuredmedia":[{"embeddable":true,"href":"https:\/\/shop.totemas.lt\/en\/wp-json\/wp\/v2\/media\/5262"}],"wp:attachment":[{"href":"https:\/\/shop.totemas.lt\/en\/wp-json\/wp\/v2\/media?parent=6115"}],"wp:term":[{"taxonomy":"product_brand","embeddable":true,"href":"https:\/\/shop.totemas.lt\/en\/wp-json\/wp\/v2\/product_brand?post=6115"},{"taxonomy":"product_cat","embeddable":true,"href":"https:\/\/shop.totemas.lt\/en\/wp-json\/wp\/v2\/product_cat?post=6115"},{"taxonomy":"product_tag","embeddable":true,"href":"https:\/\/shop.totemas.lt\/en\/wp-json\/wp\/v2\/product_tag?post=6115"}],"curies":[{"name":"wp","href":"https:\/\/api.w.org\/{rel}","templated":true}]}}