{"id":6117,"date":"2026-04-14T16:37:14","date_gmt":"2026-04-14T13:37:14","guid":{"rendered":"https:\/\/shop.totemas.lt\/?post_type=product&#038;p=6117"},"modified":"2026-04-16T22:03:43","modified_gmt":"2026-04-16T19:03:43","slug":"solis-s2-wl-st-usb-interneto-sasaja","status":"publish","type":"product","link":"https:\/\/shop.totemas.lt\/en\/product\/solis-s2-wl-st-usb-interneto-sasaja\/","title":{"rendered":"Solis S2-WL-ST (USB) interneto s\u0105saja"},"content":{"rendered":"<ul class=\"list-p1\">\n<li class=\"col_lg_12 col_xs_24\">Palaikomas \u201eWiFi\u201c ir LAN ry\u0161ys;<\/li>\n<li class=\"col_lg_12 col_xs_24\">Prijunkite ir naudokite, greitas \u012frengimas;<\/li>\n<li class=\"col_lg_12 col_xs_24\">\u012esp\u0117jimas apie gedim\u0105, steb\u0117sena realiuoju laiku;<\/li>\n<li class=\"col_lg_12 col_xs_24\">B\u016bsenos indikatorius, lengva rodyti darbo b\u016bsen\u0105;<\/li>\n<li class=\"col_lg_12 col_xs_24\">Palaikomas \u201eBluetooth\u201c artimasis ry\u0161ys ir derinimas;<\/li>\n<li class=\"col_lg_12 col_xs_24\">Mygtukas RESET (paleidimo i\u0161 naujo), vienu klavi\u0161u siun\u010diami duomenys, patogus derinimas.<\/li>\n<\/ul>","protected":false},"excerpt":{"rendered":"<p>Naujos kartos \u201eSolis\u201c ry\u0161io steb\u0117jimo modulyje naudojamas 4 kontakt\u0173 RS485 prievadas, USB prievadas ir prijungimo metodas \u201ePlug-and-play\u201c. \u012erenginys veikia \u201eWiFi\u201c ir LAN signalais apr\u0117piamose teritorijose, tod\u0117l duomenys renkami grei\u010diau, pla\u010diau ir patikimiau. Jis gali nuotoliniu b\u016bdu tikruoju laiku perduoti fotovoltin\u0117s j\u0117gain\u0117s veikimo duomenis \u012f \u201eSolis\u201c debes\u0173 steb\u0117jimo sistem\u0105, atlikti tiksli\u0105 ir i\u0161sami\u0105 duomen\u0173 analiz\u0119 bei ankstyv\u0105 \u012fsp\u0117jimo apie triktis apdorojim\u0105. \u201eSolis\u201c debesys i\u0161duoda valdymo komandas inverteriams, kad PV elektrin\u0117s eksploatavimo ir technin\u0117s prie\u017ei\u016bros valdymo paslaugos b\u016bt\u0173 stabilios, patikimos ir pa\u017eangios.<\/p>","protected":false},"featured_media":5264,"comment_status":"open","ping_status":"closed","template":"","meta":[],"product_brand":[223],"product_cat":[316,310],"product_tag":[],"class_list":{"0":"post-6117","1":"product","2":"type-product","3":"status-publish","4":"has-post-thumbnail","6":"product_brand-solis","7":"product_cat-datalogger-priedai-inverteriai-2","8":"product_cat-priedai-inverteriai-2","10":"first","11":"instock","12":"sale","13":"taxable","14":"shipping-taxable","15":"purchasable","16":"product-type-simple"},"_links":{"self":[{"href":"https:\/\/shop.totemas.lt\/en\/wp-json\/wp\/v2\/product\/6117","targetHints":{"allow":["GET"]}}],"collection":[{"href":"https:\/\/shop.totemas.lt\/en\/wp-json\/wp\/v2\/product"}],"about":[{"href":"https:\/\/shop.totemas.lt\/en\/wp-json\/wp\/v2\/types\/product"}],"replies":[{"embeddable":true,"href":"https:\/\/shop.totemas.lt\/en\/wp-json\/wp\/v2\/comments?post=6117"}],"wp:featuredmedia":[{"embeddable":true,"href":"https:\/\/shop.totemas.lt\/en\/wp-json\/wp\/v2\/media\/5264"}],"wp:attachment":[{"href":"https:\/\/shop.totemas.lt\/en\/wp-json\/wp\/v2\/media?parent=6117"}],"wp:term":[{"taxonomy":"product_brand","embeddable":true,"href":"https:\/\/shop.totemas.lt\/en\/wp-json\/wp\/v2\/product_brand?post=6117"},{"taxonomy":"product_cat","embeddable":true,"href":"https:\/\/shop.totemas.lt\/en\/wp-json\/wp\/v2\/product_cat?post=6117"},{"taxonomy":"product_tag","embeddable":true,"href":"https:\/\/shop.totemas.lt\/en\/wp-json\/wp\/v2\/product_tag?post=6117"}],"curies":[{"name":"wp","href":"https:\/\/api.w.org\/{rel}","templated":true}]}}