{"id":6125,"date":"2026-04-14T16:37:15","date_gmt":"2026-04-14T13:37:15","guid":{"rendered":"https:\/\/shop.totemas.lt\/?post_type=product&#038;p=6125"},"modified":"2026-04-17T00:03:23","modified_gmt":"2026-04-16T21:03:23","slug":"trapecinis-begelis-su-guma-trapezoidas-55-m-pilkas","status":"publish","type":"product","link":"https:\/\/shop.totemas.lt\/en\/product\/trapecinis-begelis-su-guma-trapezoidas-55-m-pilkas\/","title":{"rendered":"Trapecinis b\u0117gelis su guma \/ trapezoidas 5,5 m. PILKAS"},"content":{"rendered":"<p><b>Montavimo sistemos apra\u0161ymas:<\/b><\/p>\n<ul>\n<li>Trapecinis b\u0117gelis 550 cm. ilgio;<\/li>\n<li>Auk\u0161tos kokyb\u0117s tvirtinimo konstrukcija saul\u0117s moduliams;<\/li>\n<li>Gamintojas: GOOMAX;<\/li>\n<li>Garantija metais: 12.<\/li>\n<\/ul>","protected":false},"excerpt":{"rendered":"<p>Pristatymas 2-4 d.d.<\/p>","protected":false},"featured_media":5283,"comment_status":"closed","ping_status":"closed","template":"","meta":[],"product_brand":[251],"product_cat":[319,320],"product_tag":[],"class_list":{"0":"post-6125","1":"product","2":"type-product","3":"status-publish","4":"has-post-thumbnail","6":"product_brand-goomax","7":"product_cat-montavimo-medziagos-2","8":"product_cat-slaitiniam-stogui-montavimo-medziagos-2","10":"first","11":"instock","12":"sale","13":"taxable","14":"shipping-taxable","15":"purchasable","16":"product-type-simple"},"_links":{"self":[{"href":"https:\/\/shop.totemas.lt\/en\/wp-json\/wp\/v2\/product\/6125","targetHints":{"allow":["GET"]}}],"collection":[{"href":"https:\/\/shop.totemas.lt\/en\/wp-json\/wp\/v2\/product"}],"about":[{"href":"https:\/\/shop.totemas.lt\/en\/wp-json\/wp\/v2\/types\/product"}],"replies":[{"embeddable":true,"href":"https:\/\/shop.totemas.lt\/en\/wp-json\/wp\/v2\/comments?post=6125"}],"wp:featuredmedia":[{"embeddable":true,"href":"https:\/\/shop.totemas.lt\/en\/wp-json\/wp\/v2\/media\/5283"}],"wp:attachment":[{"href":"https:\/\/shop.totemas.lt\/en\/wp-json\/wp\/v2\/media?parent=6125"}],"wp:term":[{"taxonomy":"product_brand","embeddable":true,"href":"https:\/\/shop.totemas.lt\/en\/wp-json\/wp\/v2\/product_brand?post=6125"},{"taxonomy":"product_cat","embeddable":true,"href":"https:\/\/shop.totemas.lt\/en\/wp-json\/wp\/v2\/product_cat?post=6125"},{"taxonomy":"product_tag","embeddable":true,"href":"https:\/\/shop.totemas.lt\/en\/wp-json\/wp\/v2\/product_tag?post=6125"}],"curies":[{"name":"wp","href":"https:\/\/api.w.org\/{rel}","templated":true}]}}