{"id":6131,"date":"2026-04-14T16:37:15","date_gmt":"2026-04-14T13:37:15","guid":{"rendered":"https:\/\/shop.totemas.lt\/?post_type=product&#038;p=6131"},"modified":"2026-04-16T22:03:28","modified_gmt":"2026-04-16T19:03:28","slug":"sraigtinis-polis-120-cm","status":"publish","type":"product","link":"https:\/\/shop.totemas.lt\/en\/product\/sraigtinis-polis-120-cm\/","title":{"rendered":"Sraigtinis polis 120 cm"},"content":{"rendered":"<p><b>Sraigtinia polis 120 cm:<\/b><\/p>\n<ul>\n<li>Sraigtinis polis ant\u017eeminei saul\u0117s elektrinei;<\/li>\n<li>Visas ilgis 120 cm;<\/li>\n<li>Sraigto ilgis 100 cm;<\/li>\n<li>Auk\u0161tos kokyb\u0117s tvirtinimo konstrukcija saul\u0117s moduliams;<\/li>\n<li>Gamintojas: GOOMAX;<\/li>\n<li>Garantija metais: 10.<\/li>\n<\/ul>","protected":false},"excerpt":{"rendered":"<p>Pristatymas 2-4 d.d.<\/p>","protected":false},"featured_media":5290,"comment_status":"closed","ping_status":"closed","template":"","meta":[],"product_brand":[251],"product_cat":[330,331,319],"product_tag":[],"class_list":{"0":"post-6131","1":"product","2":"type-product","3":"status-publish","4":"has-post-thumbnail","6":"product_brand-goomax","7":"product_cat-antzemines-elektrines-konstrukcija-saules-elektriniu-komplektai-2","8":"product_cat-kitos-prekes-2","9":"product_cat-montavimo-medziagos-2","11":"first","12":"instock","13":"sale","14":"taxable","15":"shipping-taxable","16":"purchasable","17":"product-type-simple"},"_links":{"self":[{"href":"https:\/\/shop.totemas.lt\/en\/wp-json\/wp\/v2\/product\/6131","targetHints":{"allow":["GET"]}}],"collection":[{"href":"https:\/\/shop.totemas.lt\/en\/wp-json\/wp\/v2\/product"}],"about":[{"href":"https:\/\/shop.totemas.lt\/en\/wp-json\/wp\/v2\/types\/product"}],"replies":[{"embeddable":true,"href":"https:\/\/shop.totemas.lt\/en\/wp-json\/wp\/v2\/comments?post=6131"}],"wp:featuredmedia":[{"embeddable":true,"href":"https:\/\/shop.totemas.lt\/en\/wp-json\/wp\/v2\/media\/5290"}],"wp:attachment":[{"href":"https:\/\/shop.totemas.lt\/en\/wp-json\/wp\/v2\/media?parent=6131"}],"wp:term":[{"taxonomy":"product_brand","embeddable":true,"href":"https:\/\/shop.totemas.lt\/en\/wp-json\/wp\/v2\/product_brand?post=6131"},{"taxonomy":"product_cat","embeddable":true,"href":"https:\/\/shop.totemas.lt\/en\/wp-json\/wp\/v2\/product_cat?post=6131"},{"taxonomy":"product_tag","embeddable":true,"href":"https:\/\/shop.totemas.lt\/en\/wp-json\/wp\/v2\/product_tag?post=6131"}],"curies":[{"name":"wp","href":"https:\/\/api.w.org\/{rel}","templated":true}]}}