{"id":6143,"date":"2026-04-14T16:37:21","date_gmt":"2026-04-14T13:37:21","guid":{"rendered":"https:\/\/shop.totemas.lt\/?post_type=product&#038;p=6143"},"modified":"2026-04-17T00:03:09","modified_gmt":"2026-04-16T21:03:09","slug":"trifazis-elektros-skaitiklis-smart-meter-3p-built-in-ct-be-magnetu-acrel","status":"publish","type":"product","link":"https:\/\/shop.totemas.lt\/en\/product\/trifazis-elektros-skaitiklis-smart-meter-3p-built-in-ct-be-magnetu-acrel\/","title":{"rendered":"Trifazis elektros skaitiklis (Smart Meter) 3P (Built-in CT) be magnet\u0173 Acrel"},"content":{"rendered":"<p><strong>Nominali tinklo \u012ftampa:<\/strong> 3*220\/380V;<br \/>\n<strong>\u012e\u0117jimo \u012ftampa:<\/strong> 3*1(6)A;<br \/>\n<strong>Tikslumo diapazonas:<\/strong> \u012etampa +0.2%; Srov\u0117 +0.2%; Galia (P, Q,S) +0.5%;<br \/>\n<strong>Darbin\u0117 temperat\u016bra:<\/strong> -25\u00b0C-55\u00b0C.<\/p>","protected":false},"excerpt":{"rendered":"<p>Meter-3P(Built-in CT)<\/p>","protected":false},"featured_media":5321,"comment_status":"open","ping_status":"closed","template":"","meta":[],"product_brand":[238,223],"product_cat":[310,311,312],"product_tag":[],"class_list":{"0":"post-6143","1":"product","2":"type-product","3":"status-publish","4":"has-post-thumbnail","6":"product_brand-acrel","7":"product_brand-solis","8":"product_cat-priedai-inverteriai-2","9":"product_cat-smart-meter-priedai-inverteriai-2","10":"product_cat-trifaziai-smart-meter-priedai-inverteriai-2","12":"first","13":"instock","14":"sale","15":"taxable","16":"shipping-taxable","17":"purchasable","18":"product-type-simple"},"_links":{"self":[{"href":"https:\/\/shop.totemas.lt\/en\/wp-json\/wp\/v2\/product\/6143","targetHints":{"allow":["GET"]}}],"collection":[{"href":"https:\/\/shop.totemas.lt\/en\/wp-json\/wp\/v2\/product"}],"about":[{"href":"https:\/\/shop.totemas.lt\/en\/wp-json\/wp\/v2\/types\/product"}],"replies":[{"embeddable":true,"href":"https:\/\/shop.totemas.lt\/en\/wp-json\/wp\/v2\/comments?post=6143"}],"wp:featuredmedia":[{"embeddable":true,"href":"https:\/\/shop.totemas.lt\/en\/wp-json\/wp\/v2\/media\/5321"}],"wp:attachment":[{"href":"https:\/\/shop.totemas.lt\/en\/wp-json\/wp\/v2\/media?parent=6143"}],"wp:term":[{"taxonomy":"product_brand","embeddable":true,"href":"https:\/\/shop.totemas.lt\/en\/wp-json\/wp\/v2\/product_brand?post=6143"},{"taxonomy":"product_cat","embeddable":true,"href":"https:\/\/shop.totemas.lt\/en\/wp-json\/wp\/v2\/product_cat?post=6143"},{"taxonomy":"product_tag","embeddable":true,"href":"https:\/\/shop.totemas.lt\/en\/wp-json\/wp\/v2\/product_tag?post=6143"}],"curies":[{"name":"wp","href":"https:\/\/api.w.org\/{rel}","templated":true}]}}