{"id":6149,"date":"2026-04-14T16:37:22","date_gmt":"2026-04-14T13:37:22","guid":{"rendered":"https:\/\/shop.totemas.lt\/?post_type=product&#038;p=6149"},"modified":"2026-04-16T22:03:13","modified_gmt":"2026-04-16T19:03:13","slug":"verzle-su-varztu-20mm","status":"publish","type":"product","link":"https:\/\/shop.totemas.lt\/en\/product\/verzle-su-varztu-20mm\/","title":{"rendered":"Ver\u017el\u0117 su var\u017etu 20mm"},"content":{"rendered":"<p><b>Montavimo sistemos apra\u0161ymas:<\/b><\/p>\n<ul>\n<li>Var\u017etas 20 mm. su ver\u017ele b\u0117geliui;<\/li>\n<li>Auk\u0161tos kokyb\u0117s tvirtinimo konstrukcija saul\u0117s moduliams;<\/li>\n<li>Gamintojas: GOOMAX.<\/li>\n<\/ul>","protected":false},"excerpt":{"rendered":"<p>Montavimo sistemos apra\u0161ymas: Var\u017etas 20 mm. su ver\u017ele b\u0117geliui; Auk\u0161tos kokyb\u0117s tvirtinimo konstrukcija saul\u0117s moduliams; Gamintojas: GOOMAX.<\/p>","protected":false},"featured_media":5332,"comment_status":"open","ping_status":"closed","template":"","meta":[],"product_brand":[251],"product_cat":[321,319,320],"product_tag":[],"class_list":{"0":"post-6149","1":"product","2":"type-product","3":"status-publish","4":"has-post-thumbnail","6":"product_brand-goomax","7":"product_cat-cerpiniam-stogui-slaitiniam-stogui-montavimo-medziagos-2","8":"product_cat-montavimo-medziagos-2","9":"product_cat-slaitiniam-stogui-montavimo-medziagos-2","11":"first","12":"instock","13":"sale","14":"taxable","15":"shipping-taxable","16":"purchasable","17":"product-type-simple"},"_links":{"self":[{"href":"https:\/\/shop.totemas.lt\/en\/wp-json\/wp\/v2\/product\/6149","targetHints":{"allow":["GET"]}}],"collection":[{"href":"https:\/\/shop.totemas.lt\/en\/wp-json\/wp\/v2\/product"}],"about":[{"href":"https:\/\/shop.totemas.lt\/en\/wp-json\/wp\/v2\/types\/product"}],"replies":[{"embeddable":true,"href":"https:\/\/shop.totemas.lt\/en\/wp-json\/wp\/v2\/comments?post=6149"}],"wp:featuredmedia":[{"embeddable":true,"href":"https:\/\/shop.totemas.lt\/en\/wp-json\/wp\/v2\/media\/5332"}],"wp:attachment":[{"href":"https:\/\/shop.totemas.lt\/en\/wp-json\/wp\/v2\/media?parent=6149"}],"wp:term":[{"taxonomy":"product_brand","embeddable":true,"href":"https:\/\/shop.totemas.lt\/en\/wp-json\/wp\/v2\/product_brand?post=6149"},{"taxonomy":"product_cat","embeddable":true,"href":"https:\/\/shop.totemas.lt\/en\/wp-json\/wp\/v2\/product_cat?post=6149"},{"taxonomy":"product_tag","embeddable":true,"href":"https:\/\/shop.totemas.lt\/en\/wp-json\/wp\/v2\/product_tag?post=6149"}],"curies":[{"name":"wp","href":"https:\/\/api.w.org\/{rel}","templated":true}]}}