{"id":6156,"date":"2026-04-14T16:37:22","date_gmt":"2026-04-14T13:37:22","guid":{"rendered":"https:\/\/shop.totemas.lt\/?post_type=product&#038;p=6156"},"modified":"2026-04-17T00:02:57","modified_gmt":"2026-04-16T21:02:57","slug":"galine-koja-sudaptintam-15-stogui","status":"publish","type":"product","link":"https:\/\/shop.totemas.lt\/en\/product\/galine-koja-sudaptintam-15-stogui\/","title":{"rendered":"Galin\u0117 koja sudaptintam 15\u00b0 stogui"},"content":{"rendered":"<p>Galin\u0117 koja sutapdintam stogui yra svarbus komponentas saul\u0117s moduli\u0173 montavimo sistemose, ypa\u010d kai naudojamas pasvir\u0119s r\u0117mas. Ji padeda suformuoti reikiam\u0105 modulio pasvirimo kamp\u0105 ir u\u017etikrina stabil\u0173 tvirtinim\u0105 prie stogo si\u016bl\u0117s be gr\u0119\u017eimo.<\/p>","protected":false},"excerpt":{"rendered":"<p>Galin\u0117 koja sutapdintam stogui yra svarbus komponentas saul\u0117s moduli\u0173 montavimo sistemose, ypa\u010d kai naudojamas pasvir\u0119s r\u0117mas. Ji padeda suformuoti reikiam\u0105 modulio pasvirimo kamp\u0105 ir u\u017etikrina stabil\u0173 tvirtinim\u0105 prie stogo si\u016bl\u0117s be gr\u0119\u017eimo.<\/p>","protected":false},"featured_media":5356,"comment_status":"open","ping_status":"closed","template":"","meta":[],"product_brand":[251],"product_cat":[319,325,327],"product_tag":[],"class_list":{"0":"post-6156","1":"product","2":"type-product","3":"status-publish","4":"has-post-thumbnail","6":"product_brand-goomax","7":"product_cat-montavimo-medziagos-2","8":"product_cat-sutapdintam-stogui-montavimo-medziagos-2","9":"product_cat-sutapdintam-stogui-15-sutapdintam-stogui-montavimo-medziagos-2","11":"first","12":"instock","13":"sale","14":"taxable","15":"shipping-taxable","16":"purchasable","17":"product-type-simple"},"_links":{"self":[{"href":"https:\/\/shop.totemas.lt\/en\/wp-json\/wp\/v2\/product\/6156","targetHints":{"allow":["GET"]}}],"collection":[{"href":"https:\/\/shop.totemas.lt\/en\/wp-json\/wp\/v2\/product"}],"about":[{"href":"https:\/\/shop.totemas.lt\/en\/wp-json\/wp\/v2\/types\/product"}],"replies":[{"embeddable":true,"href":"https:\/\/shop.totemas.lt\/en\/wp-json\/wp\/v2\/comments?post=6156"}],"wp:featuredmedia":[{"embeddable":true,"href":"https:\/\/shop.totemas.lt\/en\/wp-json\/wp\/v2\/media\/5356"}],"wp:attachment":[{"href":"https:\/\/shop.totemas.lt\/en\/wp-json\/wp\/v2\/media?parent=6156"}],"wp:term":[{"taxonomy":"product_brand","embeddable":true,"href":"https:\/\/shop.totemas.lt\/en\/wp-json\/wp\/v2\/product_brand?post=6156"},{"taxonomy":"product_cat","embeddable":true,"href":"https:\/\/shop.totemas.lt\/en\/wp-json\/wp\/v2\/product_cat?post=6156"},{"taxonomy":"product_tag","embeddable":true,"href":"https:\/\/shop.totemas.lt\/en\/wp-json\/wp\/v2\/product_tag?post=6156"}],"curies":[{"name":"wp","href":"https:\/\/api.w.org\/{rel}","templated":true}]}}