{"id":6164,"date":"2026-04-14T16:37:23","date_gmt":"2026-04-14T13:37:23","guid":{"rendered":"https:\/\/shop.totemas.lt\/?post_type=product&#038;p=6164"},"modified":"2026-04-17T00:02:50","modified_gmt":"2026-04-16T21:02:50","slug":"galinis-reguliuojamas-ploksciu-laikiklis-sutapdintam-stogui-reguliuojamas-sidabrinis","status":"publish","type":"product","link":"https:\/\/shop.totemas.lt\/en\/product\/galinis-reguliuojamas-ploksciu-laikiklis-sutapdintam-stogui-reguliuojamas-sidabrinis\/","title":{"rendered":"Galinis reguliuojamas plok\u0161\u010di\u0173 laikiklis sutapdintam stogui  reguliuojamas (sidabrinis)"},"content":{"rendered":"<p>Goomax GM-EC-30H \u2013 tai auk\u0161tos kokyb\u0117s galinis (End Clamp) L tipo tvirtinimo laikiklis, skirtas 30 mm storio saul\u0117s moduliams tvirtinti prie montavimo b\u0117gi\u0173. \u0160is komponentas pagamintas i\u0161 patvaraus aliuminio lydinio su korozijai atsparia juoda anodavimo danga (BLK), u\u017etikrinan\u010dia ilgaam\u017ei\u0161kum\u0105 net ir ekstremaliomis lauko s\u0105lygomis. Naudojamas kaip galinis fiksavimo ta\u0161kas modulio tvirtinimo sistemoje, \u0161is laikiklis tinka daugumai standartini\u0173 Goomax ir kit\u0173 montavimo sistem\u0173.<\/p>","protected":false},"excerpt":{"rendered":"<p>Goomax GM-EC-30H \u2013 tai auk\u0161tos kokyb\u0117s galinis (End Clamp) L tipo tvirtinimo laikiklis, skirtas 30 mm storio saul\u0117s moduliams tvirtinti prie montavimo b\u0117gi\u0173. \u0160is komponentas pagamintas i\u0161 patvaraus aliuminio lydinio su korozijai atsparia juoda anodavimo danga (BLK), u\u017etikrinan\u010dia ilgaam\u017ei\u0161kum\u0105 net ir ekstremaliomis lauko s\u0105lygomis. Naudojamas kaip galinis fiksavimo ta\u0161kas modulio tvirtinimo sistemoje, \u0161is laikiklis tinka daugumai standartini\u0173 Goomax ir kit\u0173 montavimo sistem\u0173.<\/p>","protected":false},"featured_media":5364,"comment_status":"open","ping_status":"closed","template":"","meta":[],"product_brand":[251],"product_cat":[319,326],"product_tag":[],"class_list":{"0":"post-6164","1":"product","2":"type-product","3":"status-publish","4":"has-post-thumbnail","6":"product_brand-goomax","7":"product_cat-montavimo-medziagos-2","8":"product_cat-sutapdintam-stogui-10-sutapdintam-stogui-montavimo-medziagos-2","10":"first","11":"instock","12":"sale","13":"taxable","14":"shipping-taxable","15":"purchasable","16":"product-type-simple"},"_links":{"self":[{"href":"https:\/\/shop.totemas.lt\/en\/wp-json\/wp\/v2\/product\/6164","targetHints":{"allow":["GET"]}}],"collection":[{"href":"https:\/\/shop.totemas.lt\/en\/wp-json\/wp\/v2\/product"}],"about":[{"href":"https:\/\/shop.totemas.lt\/en\/wp-json\/wp\/v2\/types\/product"}],"replies":[{"embeddable":true,"href":"https:\/\/shop.totemas.lt\/en\/wp-json\/wp\/v2\/comments?post=6164"}],"wp:featuredmedia":[{"embeddable":true,"href":"https:\/\/shop.totemas.lt\/en\/wp-json\/wp\/v2\/media\/5364"}],"wp:attachment":[{"href":"https:\/\/shop.totemas.lt\/en\/wp-json\/wp\/v2\/media?parent=6164"}],"wp:term":[{"taxonomy":"product_brand","embeddable":true,"href":"https:\/\/shop.totemas.lt\/en\/wp-json\/wp\/v2\/product_brand?post=6164"},{"taxonomy":"product_cat","embeddable":true,"href":"https:\/\/shop.totemas.lt\/en\/wp-json\/wp\/v2\/product_cat?post=6164"},{"taxonomy":"product_tag","embeddable":true,"href":"https:\/\/shop.totemas.lt\/en\/wp-json\/wp\/v2\/product_tag?post=6164"}],"curies":[{"name":"wp","href":"https:\/\/api.w.org\/{rel}","templated":true}]}}