{"id":6165,"date":"2026-04-14T16:37:23","date_gmt":"2026-04-14T13:37:23","guid":{"rendered":"https:\/\/shop.totemas.lt\/?post_type=product&#038;p=6165"},"modified":"2026-04-17T08:02:21","modified_gmt":"2026-04-17T05:02:21","slug":"vidurinis-reguliuojamas-ploksciu-laikiklis-sutapdintam-stogui-sidabrinis","status":"publish","type":"product","link":"https:\/\/shop.totemas.lt\/en\/product\/vidurinis-reguliuojamas-ploksciu-laikiklis-sutapdintam-stogui-sidabrinis\/","title":{"rendered":"Vidurinis reguliuojamas plok\u0161\u010di\u0173 laikiklis sutapdintam stogui (sidabrinis)"},"content":{"rendered":"<p><!--StartFragment --><\/p>\n<ul>\n<li><strong>Tipas: <\/strong>vidurinis laikiklis reguliuojamas;<\/li>\n<li><strong>Paskirtis:<\/strong> tvirtinti du gretimus saul\u0117s modulius prie aliuminio b\u0117gio.<\/li>\n<\/ul>\n<p><!--EndFragment --><\/p>","protected":false},"excerpt":{"rendered":"<p>Tipas: vidurinis laikiklis reguliuojamas; Paskirtis: tvirtinti du gretimus saul\u0117s modulius prie aliuminio b\u0117gio.<\/p>","protected":false},"featured_media":5365,"comment_status":"open","ping_status":"closed","template":"","meta":[],"product_brand":[251],"product_cat":[319,326],"product_tag":[],"class_list":{"0":"post-6165","1":"product","2":"type-product","3":"status-publish","4":"has-post-thumbnail","6":"product_brand-goomax","7":"product_cat-montavimo-medziagos-2","8":"product_cat-sutapdintam-stogui-10-sutapdintam-stogui-montavimo-medziagos-2","10":"first","11":"instock","12":"sale","13":"taxable","14":"shipping-taxable","15":"purchasable","16":"product-type-simple"},"_links":{"self":[{"href":"https:\/\/shop.totemas.lt\/en\/wp-json\/wp\/v2\/product\/6165","targetHints":{"allow":["GET"]}}],"collection":[{"href":"https:\/\/shop.totemas.lt\/en\/wp-json\/wp\/v2\/product"}],"about":[{"href":"https:\/\/shop.totemas.lt\/en\/wp-json\/wp\/v2\/types\/product"}],"replies":[{"embeddable":true,"href":"https:\/\/shop.totemas.lt\/en\/wp-json\/wp\/v2\/comments?post=6165"}],"wp:featuredmedia":[{"embeddable":true,"href":"https:\/\/shop.totemas.lt\/en\/wp-json\/wp\/v2\/media\/5365"}],"wp:attachment":[{"href":"https:\/\/shop.totemas.lt\/en\/wp-json\/wp\/v2\/media?parent=6165"}],"wp:term":[{"taxonomy":"product_brand","embeddable":true,"href":"https:\/\/shop.totemas.lt\/en\/wp-json\/wp\/v2\/product_brand?post=6165"},{"taxonomy":"product_cat","embeddable":true,"href":"https:\/\/shop.totemas.lt\/en\/wp-json\/wp\/v2\/product_cat?post=6165"},{"taxonomy":"product_tag","embeddable":true,"href":"https:\/\/shop.totemas.lt\/en\/wp-json\/wp\/v2\/product_tag?post=6165"}],"curies":[{"name":"wp","href":"https:\/\/api.w.org\/{rel}","templated":true}]}}