{"id":6172,"date":"2026-04-14T16:37:28","date_gmt":"2026-04-14T13:37:28","guid":{"rendered":"https:\/\/shop.totemas.lt\/?post_type=product&#038;p=6172"},"modified":"2026-04-17T04:01:35","modified_gmt":"2026-04-17T01:01:35","slug":"vejalente-galinis-lapas-skirtas-15-sistemai-1860-cm","status":"publish","type":"product","link":"https:\/\/shop.totemas.lt\/en\/product\/vejalente-galinis-lapas-skirtas-15-sistemai-1860-cm\/","title":{"rendered":"V\u0117jalent\u0117 &#8211; galinis lapas skirtas 15\u00b0 sistemai, 1860 cm"},"content":{"rendered":"<p><!--StartFragment --><\/p>\n<p>GOOMAX v\u0117jalent\u0117 \u2013 galinis lapas yra specialus komponentas, skirtas saul\u0117s moduli\u0173 montavimo sistemoms ant plok\u0161\u010di\u0173 stog\u0173. Ji u\u017etikrina konstrukcijos stabilum\u0105 ir estetin\u012f u\u017ebaigtum\u0105, ypa\u010d kai naudojama balastin\u0117 sistema.<\/p>\n<p><!--EndFragment --><\/p>","protected":false},"excerpt":{"rendered":"<p>GOOMAX v\u0117jalent\u0117 \u2013 galinis lapas yra specialus komponentas, skirtas saul\u0117s moduli\u0173 montavimo sistemoms ant plok\u0161\u010di\u0173 stog\u0173.<\/p>","protected":false},"featured_media":5372,"comment_status":"open","ping_status":"closed","template":"","meta":[],"product_brand":[251],"product_cat":[319,325,327],"product_tag":[],"class_list":{"0":"post-6172","1":"product","2":"type-product","3":"status-publish","4":"has-post-thumbnail","6":"product_brand-goomax","7":"product_cat-montavimo-medziagos-2","8":"product_cat-sutapdintam-stogui-montavimo-medziagos-2","9":"product_cat-sutapdintam-stogui-15-sutapdintam-stogui-montavimo-medziagos-2","11":"first","12":"instock","13":"sale","14":"taxable","15":"shipping-taxable","16":"purchasable","17":"product-type-simple"},"_links":{"self":[{"href":"https:\/\/shop.totemas.lt\/en\/wp-json\/wp\/v2\/product\/6172","targetHints":{"allow":["GET"]}}],"collection":[{"href":"https:\/\/shop.totemas.lt\/en\/wp-json\/wp\/v2\/product"}],"about":[{"href":"https:\/\/shop.totemas.lt\/en\/wp-json\/wp\/v2\/types\/product"}],"replies":[{"embeddable":true,"href":"https:\/\/shop.totemas.lt\/en\/wp-json\/wp\/v2\/comments?post=6172"}],"wp:featuredmedia":[{"embeddable":true,"href":"https:\/\/shop.totemas.lt\/en\/wp-json\/wp\/v2\/media\/5372"}],"wp:attachment":[{"href":"https:\/\/shop.totemas.lt\/en\/wp-json\/wp\/v2\/media?parent=6172"}],"wp:term":[{"taxonomy":"product_brand","embeddable":true,"href":"https:\/\/shop.totemas.lt\/en\/wp-json\/wp\/v2\/product_brand?post=6172"},{"taxonomy":"product_cat","embeddable":true,"href":"https:\/\/shop.totemas.lt\/en\/wp-json\/wp\/v2\/product_cat?post=6172"},{"taxonomy":"product_tag","embeddable":true,"href":"https:\/\/shop.totemas.lt\/en\/wp-json\/wp\/v2\/product_tag?post=6172"}],"curies":[{"name":"wp","href":"https:\/\/api.w.org\/{rel}","templated":true}]}}