{"id":6175,"date":"2026-04-14T16:37:29","date_gmt":"2026-04-14T13:37:29","guid":{"rendered":"https:\/\/shop.totemas.lt\/?post_type=product&#038;p=6175"},"modified":"2026-04-17T02:01:26","modified_gmt":"2026-04-16T23:01:26","slug":"3-6-kw-solis-vienfazis-inverteris-gr1p3-6k-s6","status":"publish","type":"product","link":"https:\/\/shop.totemas.lt\/en\/product\/3-6-kw-solis-vienfazis-inverteris-gr1p3-6k-s6\/","title":{"rendered":"3.6 kW Solis vienfazis inverteris GR1P3.6K-S6"},"content":{"rendered":"<p><strong>Pagrindin\u0117s savyb\u0117s:\u00a0<\/strong><\/p>\n<ul class=\"list-p1\">\n<li class=\"col_lg_12 col_xs_24\">Maks. efektyvumas 97,3 %;<\/li>\n<li class=\"col_lg_12 col_xs_24\">Platus \u012ftampos diapazonas ir \u017eema paleidimo \u012ftampa;<\/li>\n<li class=\"col_lg_12 col_xs_24\">Palaiko eksporto galios valdym\u0105;<\/li>\n<li class=\"col_lg_12 col_xs_24\">AFCI apsauga, proaktyviai suma\u017eina gaisro rizik\u0105;<\/li>\n<li class=\"col_lg_12 col_xs_24\">24 valand\u0173 apkrovos suvartojimo steb\u0117jimas;<\/li>\n<li class=\"col_lg_12 col_xs_24\">Adaptyvus silpnas tinklelis.<\/li>\n<\/ul>","protected":false},"excerpt":{"rendered":"<p>S6-GR1P(0.7-3.6)KM serijos keitiklis skirtas gyvenam\u0173j\u0173 nam\u0173 PV elektrin\u0117ms. Maksimali \u012f\u0117jimo srov\u0117 vienai gijai yra 14 A, tod\u0117l suderinama su didelio efektyvumo moduliais ir dvipusiais moduliais. Kompakti\u0161kas ir lengvas dizainas leid\u017eia lengvai montuoti. Be ventiliatoriaus veikiantis dizainas, ma\u017eesnis triuk\u0161mas, u\u017etikrina patogi\u0105 gyvenam\u0105j\u0105 aplink\u0105. Integruota AFCI funkcija gali proaktyviai suma\u017einti gaisro rizik\u0105.<\/p>","protected":false},"featured_media":5398,"comment_status":"open","ping_status":"closed","template":"","meta":[],"product_brand":[223],"product_cat":[297,298],"product_tag":[],"class_list":{"0":"post-6175","1":"product","2":"type-product","3":"status-publish","4":"has-post-thumbnail","6":"product_brand-solis","7":"product_cat-inverteriai-2","8":"product_cat-on-grid-standartiniai-inverteriai-2","10":"first","11":"instock","12":"sale","13":"taxable","14":"shipping-taxable","15":"purchasable","16":"product-type-simple"},"_links":{"self":[{"href":"https:\/\/shop.totemas.lt\/en\/wp-json\/wp\/v2\/product\/6175","targetHints":{"allow":["GET"]}}],"collection":[{"href":"https:\/\/shop.totemas.lt\/en\/wp-json\/wp\/v2\/product"}],"about":[{"href":"https:\/\/shop.totemas.lt\/en\/wp-json\/wp\/v2\/types\/product"}],"replies":[{"embeddable":true,"href":"https:\/\/shop.totemas.lt\/en\/wp-json\/wp\/v2\/comments?post=6175"}],"wp:featuredmedia":[{"embeddable":true,"href":"https:\/\/shop.totemas.lt\/en\/wp-json\/wp\/v2\/media\/5398"}],"wp:attachment":[{"href":"https:\/\/shop.totemas.lt\/en\/wp-json\/wp\/v2\/media?parent=6175"}],"wp:term":[{"taxonomy":"product_brand","embeddable":true,"href":"https:\/\/shop.totemas.lt\/en\/wp-json\/wp\/v2\/product_brand?post=6175"},{"taxonomy":"product_cat","embeddable":true,"href":"https:\/\/shop.totemas.lt\/en\/wp-json\/wp\/v2\/product_cat?post=6175"},{"taxonomy":"product_tag","embeddable":true,"href":"https:\/\/shop.totemas.lt\/en\/wp-json\/wp\/v2\/product_tag?post=6175"}],"curies":[{"name":"wp","href":"https:\/\/api.w.org\/{rel}","templated":true}]}}