{"id":6176,"date":"2026-04-14T16:37:29","date_gmt":"2026-04-14T13:37:29","guid":{"rendered":"https:\/\/shop.totemas.lt\/?post_type=product&#038;p=6176"},"modified":"2026-04-16T22:02:30","modified_gmt":"2026-04-16T19:02:30","slug":"tigo-optimizatorius-ts4-a-o","status":"publish","type":"product","link":"https:\/\/shop.totemas.lt\/en\/product\/tigo-optimizatorius-ts4-a-o\/","title":{"rendered":"Tigo optimizatorius TS4-A-O"},"content":{"rendered":"<p><!--StartFragment --><\/p>\n<p>Skirtas iki 700 W galios fotovoltiniams moduliams, suteikiantis i\u0161manesn\u012f modulio veikim\u0105 ir padidinantis jo na\u0161um\u0105 \u0161e\u0161\u0117liuose ar sud\u0117tingose s\u0105lygose. <!--EndFragment --><\/p>","protected":false},"excerpt":{"rendered":"<p>Tigo TS4-A-O optimizatorius.<\/p>","protected":false},"featured_media":5403,"comment_status":"open","ping_status":"closed","template":"","meta":[],"product_brand":[267],"product_cat":[337],"product_tag":[],"class_list":{"0":"post-6176","1":"product","2":"type-product","3":"status-publish","4":"has-post-thumbnail","6":"product_brand-tigo","7":"product_cat-optimizatoriai-2","9":"first","10":"instock","11":"sale","12":"taxable","13":"shipping-taxable","14":"purchasable","15":"product-type-simple"},"_links":{"self":[{"href":"https:\/\/shop.totemas.lt\/en\/wp-json\/wp\/v2\/product\/6176","targetHints":{"allow":["GET"]}}],"collection":[{"href":"https:\/\/shop.totemas.lt\/en\/wp-json\/wp\/v2\/product"}],"about":[{"href":"https:\/\/shop.totemas.lt\/en\/wp-json\/wp\/v2\/types\/product"}],"replies":[{"embeddable":true,"href":"https:\/\/shop.totemas.lt\/en\/wp-json\/wp\/v2\/comments?post=6176"}],"wp:featuredmedia":[{"embeddable":true,"href":"https:\/\/shop.totemas.lt\/en\/wp-json\/wp\/v2\/media\/5403"}],"wp:attachment":[{"href":"https:\/\/shop.totemas.lt\/en\/wp-json\/wp\/v2\/media?parent=6176"}],"wp:term":[{"taxonomy":"product_brand","embeddable":true,"href":"https:\/\/shop.totemas.lt\/en\/wp-json\/wp\/v2\/product_brand?post=6176"},{"taxonomy":"product_cat","embeddable":true,"href":"https:\/\/shop.totemas.lt\/en\/wp-json\/wp\/v2\/product_cat?post=6176"},{"taxonomy":"product_tag","embeddable":true,"href":"https:\/\/shop.totemas.lt\/en\/wp-json\/wp\/v2\/product_tag?post=6176"}],"curies":[{"name":"wp","href":"https:\/\/api.w.org\/{rel}","templated":true}]}}