{"id":6178,"date":"2026-04-14T16:37:29","date_gmt":"2026-04-14T13:37:29","guid":{"rendered":"https:\/\/shop.totemas.lt\/?post_type=product&#038;p=6178"},"modified":"2026-04-14T16:37:32","modified_gmt":"2026-04-14T13:37:32","slug":"enershare-32-kwh-akumuliatoriaus-modulis","status":"publish","type":"product","link":"https:\/\/shop.totemas.lt\/en\/product\/enershare-32-kwh-akumuliatoriaus-modulis\/","title":{"rendered":"Enershare 3,2 kWh akumuliatoriaus modulis"},"content":{"rendered":"<p>Moduliai pasi\u017eymi auk\u0161ta efektyvumo klase, LiFePO\u2084 technologija ir ilgaam\u017ei\u0161kumu, tod\u0117l tai yra patikimas pasirinkimas tiems, kas siekia energetin\u0117s nepriklausomyb\u0117s ir nori optimaliai i\u0161naudoti saul\u0117s elektrin\u0117s generuojam\u0105 energij\u0105.<\/p>\n<p>Li\u010dio gele\u017eies fosfato (LiFePO4) akumuliatorius 3,2 kWh, 50Ah.<\/p>","protected":false},"excerpt":{"rendered":"<p><strong>MODUL\u012e PO MODULIO \u2013 KURK SAVO ENERGIJOS ATEIT\u012e<\/strong><br data-start=\"434\" data-end=\"437\" \/><strong data-start=\"437\" data-end=\"466\">Enershare Energy Core 1.0<\/strong>\u00a0\u2013 tai 3,2 kWh talpos baterijos modulis, sukurtas specialiai modulinei Enershare kaupimo sistemai.<\/p>","protected":false},"featured_media":5409,"comment_status":"open","ping_status":"closed","template":"","meta":[],"product_brand":[269],"product_cat":[317,302],"product_tag":[],"class_list":{"0":"post-6178","1":"product","2":"type-product","3":"status-publish","4":"has-post-thumbnail","6":"product_brand-enershare","7":"product_cat-auksto-voltazo-baterijos-baterijos","8":"product_cat-baterijos","10":"first","11":"outofstock","12":"sale","13":"taxable","14":"shipping-taxable","15":"purchasable","16":"product-type-simple"},"_links":{"self":[{"href":"https:\/\/shop.totemas.lt\/en\/wp-json\/wp\/v2\/product\/6178","targetHints":{"allow":["GET"]}}],"collection":[{"href":"https:\/\/shop.totemas.lt\/en\/wp-json\/wp\/v2\/product"}],"about":[{"href":"https:\/\/shop.totemas.lt\/en\/wp-json\/wp\/v2\/types\/product"}],"replies":[{"embeddable":true,"href":"https:\/\/shop.totemas.lt\/en\/wp-json\/wp\/v2\/comments?post=6178"}],"wp:featuredmedia":[{"embeddable":true,"href":"https:\/\/shop.totemas.lt\/en\/wp-json\/wp\/v2\/media\/5409"}],"wp:attachment":[{"href":"https:\/\/shop.totemas.lt\/en\/wp-json\/wp\/v2\/media?parent=6178"}],"wp:term":[{"taxonomy":"product_brand","embeddable":true,"href":"https:\/\/shop.totemas.lt\/en\/wp-json\/wp\/v2\/product_brand?post=6178"},{"taxonomy":"product_cat","embeddable":true,"href":"https:\/\/shop.totemas.lt\/en\/wp-json\/wp\/v2\/product_cat?post=6178"},{"taxonomy":"product_tag","embeddable":true,"href":"https:\/\/shop.totemas.lt\/en\/wp-json\/wp\/v2\/product_tag?post=6178"}],"curies":[{"name":"wp","href":"https:\/\/api.w.org\/{rel}","templated":true}]}}