{"id":6181,"date":"2026-04-14T16:37:29","date_gmt":"2026-04-14T13:37:29","guid":{"rendered":"https:\/\/shop.totemas.lt\/?post_type=product&#038;p=6181"},"modified":"2026-04-17T02:01:21","modified_gmt":"2026-04-16T23:01:21","slug":"antzemines-elektrines-konstrukcija-iki-185-cm-aukscio","status":"publish","type":"product","link":"https:\/\/shop.totemas.lt\/en\/product\/antzemines-elektrines-konstrukcija-iki-185-cm-aukscio\/","title":{"rendered":"Ant\u017eemin\u0117s elektrin\u0117s konstrukcija iki 185 cm. auk\u0161\u010dio"},"content":{"rendered":"<p><strong>\u0160i konstrukcija skirta ~1800x1013mm moduliams.<\/strong><\/p>\n<p><b>Ant\u017eemin\u0117s elektrin\u0117s konstrukcija (10kW):<\/b><\/p>\n<ul>\n<li>Ant\u017eemin\u0117 elektrin\u0117s konstrukcija su \u012fsukamais poliais;<\/li>\n<li>Cinko, aliuminio ir magnilio lydinys apsaugo konstrukcij\u0105 nuo korozijos;<\/li>\n<li>Konstrukcijos ilgis 14 m.<\/li>\n<li>Skirta moduliams: ~1800x1013mm.<\/li>\n<\/ul>\n<p><em><strong>Auk\u0161tos kokyb\u0117s tvirtinimo konstrukcija saul\u0117s moduliams<\/strong><\/em><\/p>\n<ul>\n<li>Gamintojas: GOOMAX;<\/li>\n<li>Garantija metais: 10;<\/li>\n<li>Nereikia betonuoti pamato.<\/li>\n<\/ul>","protected":false},"excerpt":{"rendered":"<p><b>Ant\u017eemin\u0117s elektrin\u0117s konstrukcija<\/b> suprojektuota taip, kad atlaikyt\u0173 saul\u0117s modulius. Konstrukcija pagaminta i\u0161 cinko, aliuminio ir magnio lydinio, kuris suteikia auk\u0161t\u0105 apsaug\u0105 nuo korozijos, u\u017etikrindamas ilgaam\u017ei\u0161kum\u0105 ir patikimum\u0105 net ir sud\u0117tingomis aplinkos s\u0105lygomis. Konstrukcijos ilgis yra 14 metr\u0173, o tai leid\u017eia optimaliai i\u0161d\u0117styti modulius ir maksimaliai efektyviai naudoti turim\u0105 erdv\u0119.<\/p>","protected":false},"featured_media":5428,"comment_status":"open","ping_status":"closed","template":"","meta":[],"product_brand":[251],"product_cat":[330,329],"product_tag":[],"class_list":{"0":"post-6181","1":"product","2":"type-product","3":"status-publish","4":"has-post-thumbnail","6":"product_brand-goomax","7":"product_cat-antzemines-elektrines-konstrukcija-saules-elektriniu-komplektai-2","8":"product_cat-saules-elektriniu-komplektai-2","10":"first","11":"outofstock","12":"taxable","13":"shipping-taxable","14":"product-type-variable"},"_links":{"self":[{"href":"https:\/\/shop.totemas.lt\/en\/wp-json\/wp\/v2\/product\/6181","targetHints":{"allow":["GET"]}}],"collection":[{"href":"https:\/\/shop.totemas.lt\/en\/wp-json\/wp\/v2\/product"}],"about":[{"href":"https:\/\/shop.totemas.lt\/en\/wp-json\/wp\/v2\/types\/product"}],"replies":[{"embeddable":true,"href":"https:\/\/shop.totemas.lt\/en\/wp-json\/wp\/v2\/comments?post=6181"}],"wp:featuredmedia":[{"embeddable":true,"href":"https:\/\/shop.totemas.lt\/en\/wp-json\/wp\/v2\/media\/5428"}],"wp:attachment":[{"href":"https:\/\/shop.totemas.lt\/en\/wp-json\/wp\/v2\/media?parent=6181"}],"wp:term":[{"taxonomy":"product_brand","embeddable":true,"href":"https:\/\/shop.totemas.lt\/en\/wp-json\/wp\/v2\/product_brand?post=6181"},{"taxonomy":"product_cat","embeddable":true,"href":"https:\/\/shop.totemas.lt\/en\/wp-json\/wp\/v2\/product_cat?post=6181"},{"taxonomy":"product_tag","embeddable":true,"href":"https:\/\/shop.totemas.lt\/en\/wp-json\/wp\/v2\/product_tag?post=6181"}],"curies":[{"name":"wp","href":"https:\/\/api.w.org\/{rel}","templated":true}]}}