{"id":6192,"date":"2026-04-14T16:37:30","date_gmt":"2026-04-14T13:37:30","guid":{"rendered":"https:\/\/shop.totemas.lt\/?post_type=product&#038;p=6192"},"modified":"2026-04-17T00:02:24","modified_gmt":"2026-04-16T21:02:24","slug":"teltonika-elektromobilio-ikrovimo-stotele-teltocharge-22-kw-su-krovimo-laidu-5m-slate-grey","status":"publish","type":"product","link":"https:\/\/shop.totemas.lt\/en\/product\/teltonika-elektromobilio-ikrovimo-stotele-teltocharge-22-kw-su-krovimo-laidu-5m-slate-grey\/","title":{"rendered":"Teltonika elektromobilio \u012fkrovimo stotel\u0117 TeltoCharge 22 kW su krovimo laidu 5m. &#8220;Slate Grey&#8221;"},"content":{"rendered":"<p>Teltonika \u201eTeltoCharge\u201c yra auk\u0161\u010diausios kokyb\u0117s, lengvai pritaikomas ir lengvai naudojamas EV \u012fkrovimo sprendimas, si\u016blantis i\u0161skirtin\u012f gamin\u012f, kuriame derinamas funkcionalumas, auk\u0161\u010diausios kokyb\u0117s i\u0161vaizda, auk\u0161tos kokyb\u0117s konstrukcija ir i\u0161maniosios EV \u012fkrovimo funkcijos.<\/p>","protected":false},"excerpt":{"rendered":"<p>\u201eTeltoCharge\u201c \u012fkroviklis pasi\u017eymi \u012fvairiomis naudingomis funkcijomis \u2013 saul\u0117s energijos \u012fkrovimas, dinaminis apkrovos balansavimas ir valdymas, OCPP 1.6 ir nuolatiniai atnaujinimai. \u201eTeltonikos\u201c \u012fkroviklis yra paruo\u0161tas patenkinti nuolat kintan\u010dius ir tobul\u0117jan\u010dius elektromobili\u0173 techninius reikalavimus.<\/p>","protected":false},"featured_media":5458,"comment_status":"open","ping_status":"closed","template":"","meta":[],"product_brand":[275],"product_cat":[304,341,344,343],"product_tag":[],"class_list":{"0":"post-6192","1":"product","2":"type-product","3":"status-publish","4":"has-post-thumbnail","6":"product_brand-teltonika","7":"product_cat-ikrovimo-stoteles-2","8":"product_cat-namu-ikrovimo-stoteles-ikrovimo-stoteles-2","9":"product_cat-su-krovimo-laidu-namu-ikrovimo-stoteles-ikrovimo-stoteles-2","10":"product_cat-teltonika-ikrovimo-stoteles-2","12":"first","13":"instock","14":"sale","15":"taxable","16":"shipping-taxable","17":"purchasable","18":"product-type-simple"},"_links":{"self":[{"href":"https:\/\/shop.totemas.lt\/en\/wp-json\/wp\/v2\/product\/6192","targetHints":{"allow":["GET"]}}],"collection":[{"href":"https:\/\/shop.totemas.lt\/en\/wp-json\/wp\/v2\/product"}],"about":[{"href":"https:\/\/shop.totemas.lt\/en\/wp-json\/wp\/v2\/types\/product"}],"replies":[{"embeddable":true,"href":"https:\/\/shop.totemas.lt\/en\/wp-json\/wp\/v2\/comments?post=6192"}],"wp:featuredmedia":[{"embeddable":true,"href":"https:\/\/shop.totemas.lt\/en\/wp-json\/wp\/v2\/media\/5458"}],"wp:attachment":[{"href":"https:\/\/shop.totemas.lt\/en\/wp-json\/wp\/v2\/media?parent=6192"}],"wp:term":[{"taxonomy":"product_brand","embeddable":true,"href":"https:\/\/shop.totemas.lt\/en\/wp-json\/wp\/v2\/product_brand?post=6192"},{"taxonomy":"product_cat","embeddable":true,"href":"https:\/\/shop.totemas.lt\/en\/wp-json\/wp\/v2\/product_cat?post=6192"},{"taxonomy":"product_tag","embeddable":true,"href":"https:\/\/shop.totemas.lt\/en\/wp-json\/wp\/v2\/product_tag?post=6192"}],"curies":[{"name":"wp","href":"https:\/\/api.w.org\/{rel}","templated":true}]}}