{"id":6193,"date":"2026-04-14T16:37:30","date_gmt":"2026-04-14T13:37:30","guid":{"rendered":"https:\/\/shop.totemas.lt\/?post_type=product&#038;p=6193"},"modified":"2026-04-17T04:01:15","modified_gmt":"2026-04-17T01:01:15","slug":"izeminimo-laikiklis-kabeliui-grounding-lug-mazas","status":"publish","type":"product","link":"https:\/\/shop.totemas.lt\/en\/product\/izeminimo-laikiklis-kabeliui-grounding-lug-mazas\/","title":{"rendered":"\u012e\u017eeminimo laikiklis kabeliui (Grounding Lug) ma\u017eas"},"content":{"rendered":"<p>Grounding Lug \u2013 tai metalinis gnybtas, skirtas prijungti \u012f\u017eeminimo laid\u0105 prie konstrukcijos ar \u012frangos, u\u017etikrinant saug\u0173 elektros srov\u0117s nutek\u0117jim\u0105 \u012f \u017eem\u0119.<\/p>","protected":false},"excerpt":{"rendered":"<p>Grounding Lug \u2013 tai metalinis gnybtas, skirtas prijungti \u012f\u017eeminimo laid\u0105 prie konstrukcijos ar \u012frangos, u\u017etikrinant saug\u0173 elektros srov\u0117s nutek\u0117jim\u0105 \u012f \u017eem\u0119.<\/p>","protected":false},"featured_media":5461,"comment_status":"open","ping_status":"closed","template":"","meta":[],"product_brand":[251],"product_cat":[332,328,319],"product_tag":[],"class_list":{"0":"post-6193","1":"product","2":"type-product","3":"status-publish","4":"has-post-thumbnail","6":"product_brand-goomax","7":"product_cat-bituminiam-stogui-slaitiniam-stogui-montavimo-medziagos-2","8":"product_cat-kabeliai-ir-kitos-papildomos-montavimo-medziagos-montavimo-medziagos-2","9":"product_cat-montavimo-medziagos-2","11":"first","12":"instock","13":"sale","14":"taxable","15":"shipping-taxable","16":"purchasable","17":"product-type-simple"},"_links":{"self":[{"href":"https:\/\/shop.totemas.lt\/en\/wp-json\/wp\/v2\/product\/6193","targetHints":{"allow":["GET"]}}],"collection":[{"href":"https:\/\/shop.totemas.lt\/en\/wp-json\/wp\/v2\/product"}],"about":[{"href":"https:\/\/shop.totemas.lt\/en\/wp-json\/wp\/v2\/types\/product"}],"replies":[{"embeddable":true,"href":"https:\/\/shop.totemas.lt\/en\/wp-json\/wp\/v2\/comments?post=6193"}],"wp:featuredmedia":[{"embeddable":true,"href":"https:\/\/shop.totemas.lt\/en\/wp-json\/wp\/v2\/media\/5461"}],"wp:attachment":[{"href":"https:\/\/shop.totemas.lt\/en\/wp-json\/wp\/v2\/media?parent=6193"}],"wp:term":[{"taxonomy":"product_brand","embeddable":true,"href":"https:\/\/shop.totemas.lt\/en\/wp-json\/wp\/v2\/product_brand?post=6193"},{"taxonomy":"product_cat","embeddable":true,"href":"https:\/\/shop.totemas.lt\/en\/wp-json\/wp\/v2\/product_cat?post=6193"},{"taxonomy":"product_tag","embeddable":true,"href":"https:\/\/shop.totemas.lt\/en\/wp-json\/wp\/v2\/product_tag?post=6193"}],"curies":[{"name":"wp","href":"https:\/\/api.w.org\/{rel}","templated":true}]}}