{"id":6200,"date":"2026-04-14T16:37:35","date_gmt":"2026-04-14T13:37:35","guid":{"rendered":"https:\/\/shop.totemas.lt\/?post_type=product&#038;p=6200"},"modified":"2026-04-17T02:01:05","modified_gmt":"2026-04-16T23:01:05","slug":"dyness-g2-power-box","status":"publish","type":"product","link":"https:\/\/shop.totemas.lt\/en\/product\/dyness-g2-power-box\/","title":{"rendered":"Dyness G2 Power box"},"content":{"rendered":"<p class=\"\" data-start=\"317\" data-end=\"619\">&#8220;DYNESS Powerbox G2&#8221; &#8211; tai moderniausias LFP (LiFePO4) akumuliatorius, sukurtas siekiant didelio na\u0161umo, maksimalaus saugumo ir lankstaus montavimo. Kompakti\u0161kas dizainas, nedidelis svoris ir IP65 apsauga leid\u017eia j\u0105 idealiai naudoti gyvenamosiose ir komercin\u0117se patalpose ir lauke.<\/p>\n<p class=\"\" data-start=\"621\" data-end=\"877\">\u0160is modelis turi aktyvi\u0105 gaisro gesinimo sistem\u0105, integruot\u0105 &#8220;WiFi&#8221;, kad b\u016bt\u0173 galima steb\u0117ti realiuoju laiku, ir pasirinktin\u0119 \u0161ildymo funkcij\u0105, skirt\u0105 \u017eemai temperat\u016brai, tod\u0117l jis yra geriausias pasirinkimas bet kuriai \u0161iuolaikinei PV sistemai. Dyness Powerbox G2 yra \u017eemos \u012ftampos li\u010dio gele\u017eies fosfato (LiFePO\u2084) baterija, skirta energijos kaupimui gyvenamuosiuose namuose. Vardin\u0117 10,24 kWh vienam vienetui galia suteikia galimyb\u0119 i\u0161pl\u0117sti, saug\u0105 ir efektyvum\u0105 nam\u0173 savininkams, ie\u0161kantiems patikim\u0173 energijos sprendim\u0173.<\/p>","protected":false},"excerpt":{"rendered":"<p>Dyness Powerbox G2 yra \u017eemos \u012ftampos li\u010dio gele\u017eies fosfato (LiFePO\u2084) baterija, skirta energijos kaupimui gyvenamuosiuose namuose.<\/p>","protected":false},"featured_media":5477,"comment_status":"open","ping_status":"closed","template":"","meta":[],"product_brand":[227],"product_cat":[302,346,347],"product_tag":[],"class_list":{"0":"post-6200","1":"product","2":"type-product","3":"status-publish","4":"has-post-thumbnail","6":"product_brand-dyness","7":"product_cat-baterijos","8":"product_cat-zemo-voltazo-baterijos","9":"product_cat-zemo-voltazo-dyness","11":"first","12":"outofstock","13":"sale","14":"taxable","15":"shipping-taxable","16":"purchasable","17":"product-type-simple"},"_links":{"self":[{"href":"https:\/\/shop.totemas.lt\/en\/wp-json\/wp\/v2\/product\/6200","targetHints":{"allow":["GET"]}}],"collection":[{"href":"https:\/\/shop.totemas.lt\/en\/wp-json\/wp\/v2\/product"}],"about":[{"href":"https:\/\/shop.totemas.lt\/en\/wp-json\/wp\/v2\/types\/product"}],"replies":[{"embeddable":true,"href":"https:\/\/shop.totemas.lt\/en\/wp-json\/wp\/v2\/comments?post=6200"}],"wp:featuredmedia":[{"embeddable":true,"href":"https:\/\/shop.totemas.lt\/en\/wp-json\/wp\/v2\/media\/5477"}],"wp:attachment":[{"href":"https:\/\/shop.totemas.lt\/en\/wp-json\/wp\/v2\/media?parent=6200"}],"wp:term":[{"taxonomy":"product_brand","embeddable":true,"href":"https:\/\/shop.totemas.lt\/en\/wp-json\/wp\/v2\/product_brand?post=6200"},{"taxonomy":"product_cat","embeddable":true,"href":"https:\/\/shop.totemas.lt\/en\/wp-json\/wp\/v2\/product_cat?post=6200"},{"taxonomy":"product_tag","embeddable":true,"href":"https:\/\/shop.totemas.lt\/en\/wp-json\/wp\/v2\/product_tag?post=6200"}],"curies":[{"name":"wp","href":"https:\/\/api.w.org\/{rel}","templated":true}]}}