{"id":6201,"date":"2026-04-14T16:37:35","date_gmt":"2026-04-14T13:37:35","guid":{"rendered":"https:\/\/shop.totemas.lt\/?post_type=product&#038;p=6201"},"modified":"2026-04-16T22:01:35","modified_gmt":"2026-04-16T19:01:35","slug":"1433-kwh-dyness-powerbrick","status":"publish","type":"product","link":"https:\/\/shop.totemas.lt\/en\/product\/1433-kwh-dyness-powerbrick\/","title":{"rendered":"14,33 kWh Dyness PowerBrick"},"content":{"rendered":"<p data-start=\"63\" data-end=\"89\"><strong data-start=\"63\" data-end=\"87\">Pagrindin\u0117s savyb\u0117s:<\/strong><\/p>\n<ul data-start=\"90\" data-end=\"586\">\n<li data-start=\"90\" data-end=\"212\">\n<p data-start=\"92\" data-end=\"212\"><strong data-start=\"92\" data-end=\"121\">Kompakti\u0161kesnis dizainas:<\/strong> Palyginti su ankstesne karta, dydis suma\u017eintas <strong data-start=\"169\" data-end=\"177\">24 %<\/strong>, o talpa padidinta net <strong data-start=\"201\" data-end=\"209\">40 %;<\/strong><\/p>\n<\/li>\n<li data-start=\"213\" data-end=\"322\">\n<p data-start=\"215\" data-end=\"322\"><strong data-start=\"215\" data-end=\"232\">Didel\u0117 galia:<\/strong> Nuolatin\u0117 i\u0161krovimo srov\u0117 \u2013 <strong data-start=\"261\" data-end=\"270\">200 A<\/strong>, maksimali nuolatin\u0117 i\u0161krovimo galia \u2013 <strong data-start=\"310\" data-end=\"319\">10 kW;<\/strong><\/p>\n<\/li>\n<li data-start=\"323\" data-end=\"426\">\n<p data-start=\"325\" data-end=\"426\"><strong data-start=\"325\" data-end=\"347\">Papildoma apsauga:<\/strong> Integruojama <strong data-start=\"361\" data-end=\"407\">aerozolin\u0117 prie\u0161gaisrin\u0117s apsaugos sistema<\/strong> (pasirinktinai);<\/p>\n<\/li>\n<li data-start=\"427\" data-end=\"512\">\n<p data-start=\"429\" data-end=\"512\"><strong data-start=\"429\" data-end=\"456\">Patvarios LFP l\u0105stel\u0117s:<\/strong> Daugiau nei <strong data-start=\"469\" data-end=\"483\">8000 cikl\u0173<\/strong> ilgaam\u017ei\u0161kumui u\u017etikrinti;<\/p>\n<\/li>\n<li data-start=\"513\" data-end=\"586\">\n<p data-start=\"515\" data-end=\"586\"><strong data-start=\"515\" data-end=\"547\">Platus i\u0161pl\u0117timo diapazonas:<\/strong> Maksimali talpa \u2013 iki <strong data-start=\"570\" data-end=\"583\">716,8 kWh<\/strong>.<\/p>\n<div class=\"ddcb-left wow ys-fadeup2\" role=\"toolbar\">\n<div class=\"slick-list draggable\" aria-live=\"polite\">\n<div class=\"slick-track\" role=\"listbox\"><\/div>\n<\/div>\n<\/div>\n<div class=\"ddcb-right wow ys-fadeup3\">\n<div class=\"slick-list draggable\" aria-live=\"polite\">\n<div class=\"slick-track\" role=\"listbox\"><\/div>\n<\/div>\n<\/div>\n<\/li>\n<\/ul>","protected":false},"excerpt":{"rendered":"<p>\u201ePowerBrick\u201c \u2013 tai \u017eemos \u012ftampos gaminys, skirtas energijos kaupimui namuose, pasi\u017eymintis stilinga ir eleganti\u0161ka i\u0161vaizda. Tur\u0117damas 280 Ah ilgo ciklo akumuliatori\u0173 \u0161erdis, jis palaiko iki 50 lygiagre\u010di\u0173 \u012frengini\u0173 ir apr\u0117pia 14,3 kWh\u2013716,8 kWh energijos, u\u017etikrindamas saugi\u0105, patikim\u0105, i\u0161mani\u0105 ir draugi\u0161k\u0105 patirt\u012f.<\/p>","protected":false},"featured_media":5493,"comment_status":"open","ping_status":"closed","template":"","meta":[],"product_brand":[227],"product_cat":[302,346,347],"product_tag":[],"class_list":{"0":"post-6201","1":"product","2":"type-product","3":"status-publish","4":"has-post-thumbnail","6":"product_brand-dyness","7":"product_cat-baterijos","8":"product_cat-zemo-voltazo-baterijos","9":"product_cat-zemo-voltazo-dyness","11":"first","12":"outofstock","13":"sale","14":"taxable","15":"shipping-taxable","16":"purchasable","17":"product-type-simple"},"_links":{"self":[{"href":"https:\/\/shop.totemas.lt\/en\/wp-json\/wp\/v2\/product\/6201","targetHints":{"allow":["GET"]}}],"collection":[{"href":"https:\/\/shop.totemas.lt\/en\/wp-json\/wp\/v2\/product"}],"about":[{"href":"https:\/\/shop.totemas.lt\/en\/wp-json\/wp\/v2\/types\/product"}],"replies":[{"embeddable":true,"href":"https:\/\/shop.totemas.lt\/en\/wp-json\/wp\/v2\/comments?post=6201"}],"wp:featuredmedia":[{"embeddable":true,"href":"https:\/\/shop.totemas.lt\/en\/wp-json\/wp\/v2\/media\/5493"}],"wp:attachment":[{"href":"https:\/\/shop.totemas.lt\/en\/wp-json\/wp\/v2\/media?parent=6201"}],"wp:term":[{"taxonomy":"product_brand","embeddable":true,"href":"https:\/\/shop.totemas.lt\/en\/wp-json\/wp\/v2\/product_brand?post=6201"},{"taxonomy":"product_cat","embeddable":true,"href":"https:\/\/shop.totemas.lt\/en\/wp-json\/wp\/v2\/product_cat?post=6201"},{"taxonomy":"product_tag","embeddable":true,"href":"https:\/\/shop.totemas.lt\/en\/wp-json\/wp\/v2\/product_tag?post=6201"}],"curies":[{"name":"wp","href":"https:\/\/api.w.org\/{rel}","templated":true}]}}