{"id":6203,"date":"2026-04-14T16:37:36","date_gmt":"2026-04-14T13:37:36","guid":{"rendered":"https:\/\/shop.totemas.lt\/?post_type=product&#038;p=6203"},"modified":"2026-04-17T08:01:30","modified_gmt":"2026-04-17T05:01:30","slug":"33kw-inverteris-solis-3ph-s5-gc33k","status":"publish","type":"product","link":"https:\/\/shop.totemas.lt\/en\/product\/33kw-inverteris-solis-3ph-s5-gc33k\/","title":{"rendered":"33kW inverteris Solis (3Ph) S5-GC33K"},"content":{"rendered":"<ul>\n<li><strong>3\/4 MPPT dizainas<\/strong> \u2013 puikiai tinka \u012fvairiomis kryptimis orientuotiems stogams;<\/li>\n<li><strong>AFCI apsauga<\/strong> \u2013 aktyviai ma\u017eina gaisro rizik\u0105;<\/li>\n<li><strong>Naktin\u0117 PID atk\u016brimo funkcija (pasirinktin\u0117)<\/strong> \u2013 padeda i\u0161laikyti sistemos na\u0161um\u0105;<\/li>\n<li><strong>I\u0161mani string\u0173 steb\u0117sena<\/strong> \u2013 su i\u0161maniu I\u2013V kreiv\u0117s skanavimu;<\/li>\n<li><strong>24 valand\u0173<\/strong> energijos suvartojimo steb\u0117sena;<\/li>\n<li><strong>IP66 apsaugos klas\u0117<\/strong> \u2013 atsparumas dulki\u0173 ir vandens poveikiui;<br \/>\n<strong>Maksimalus efektyvumas<\/strong> 98,8<strong>%.<\/strong><\/li>\n<\/ul>","protected":false},"excerpt":{"rendered":"<p>3\/4 MPPT dizainas \u2013 puikiai tinka \u012fvairiomis kryptimis orientuotiems stogams.<\/p>","protected":false},"featured_media":5504,"comment_status":"open","ping_status":"closed","template":"","meta":[],"product_brand":[223],"product_cat":[297,301,298,299],"product_tag":[],"class_list":{"0":"post-6203","1":"product","2":"type-product","3":"status-publish","4":"has-post-thumbnail","6":"product_brand-solis","7":"product_cat-inverteriai-2","8":"product_cat-nuo-20-kw-trifaziai-on-grid-standartiniai-inverteriai-2","9":"product_cat-on-grid-standartiniai-inverteriai-2","10":"product_cat-trifaziai-on-grid-standartiniai-inverteriai-2","12":"first","13":"outofstock","14":"sale","15":"taxable","16":"shipping-taxable","17":"purchasable","18":"product-type-simple"},"_links":{"self":[{"href":"https:\/\/shop.totemas.lt\/en\/wp-json\/wp\/v2\/product\/6203","targetHints":{"allow":["GET"]}}],"collection":[{"href":"https:\/\/shop.totemas.lt\/en\/wp-json\/wp\/v2\/product"}],"about":[{"href":"https:\/\/shop.totemas.lt\/en\/wp-json\/wp\/v2\/types\/product"}],"replies":[{"embeddable":true,"href":"https:\/\/shop.totemas.lt\/en\/wp-json\/wp\/v2\/comments?post=6203"}],"wp:featuredmedia":[{"embeddable":true,"href":"https:\/\/shop.totemas.lt\/en\/wp-json\/wp\/v2\/media\/5504"}],"wp:attachment":[{"href":"https:\/\/shop.totemas.lt\/en\/wp-json\/wp\/v2\/media?parent=6203"}],"wp:term":[{"taxonomy":"product_brand","embeddable":true,"href":"https:\/\/shop.totemas.lt\/en\/wp-json\/wp\/v2\/product_brand?post=6203"},{"taxonomy":"product_cat","embeddable":true,"href":"https:\/\/shop.totemas.lt\/en\/wp-json\/wp\/v2\/product_cat?post=6203"},{"taxonomy":"product_tag","embeddable":true,"href":"https:\/\/shop.totemas.lt\/en\/wp-json\/wp\/v2\/product_tag?post=6203"}],"curies":[{"name":"wp","href":"https:\/\/api.w.org\/{rel}","templated":true}]}}