{"id":6207,"date":"2026-04-14T16:37:36","date_gmt":"2026-04-14T13:37:36","guid":{"rendered":"https:\/\/shop.totemas.lt\/?post_type=product&#038;p=6207"},"modified":"2026-04-14T16:37:40","modified_gmt":"2026-04-14T13:37:40","slug":"255kw-trifazis-on-grid-inverteris-solis-255k-ehv-5g-plus-uzsakomas","status":"publish","type":"product","link":"https:\/\/shop.totemas.lt\/en\/product\/255kw-trifazis-on-grid-inverteris-solis-255k-ehv-5g-plus-uzsakomas\/","title":{"rendered":"255kW Trifazis On-Grid inverteris Solis-255K-EHV-5G-PLUS U\u017dSAKOMAS"},"content":{"rendered":"<ul>\n<li><strong>Efektyvumas<\/strong> &#8211; <strong>&gt;<\/strong>150 % DC\/AC santykis: leid\u017eia perprojektuoti saul\u0117s moduli\u0173 sistem\u0105 didesniam energijos derliui;<br \/>\n<strong>12 MPPT<\/strong>: maksimali energijos gavyba i\u0161 keli\u0173 moduli\u0173 eilu\u010di\u0173;<\/li>\n<li><strong>Maksimalus efektyvumas<\/strong> \u2013 99,0 %: minimal\u016bs nuostoliai konvertuojant energij\u0105;<\/li>\n<li><strong>Didelis sekimo tankis<\/strong> \u2013 48 MPPT\/MW: optimizuotas na\u0161umas didelio tankio instaliacijose;<\/li>\n<li><strong>Suderinama su 550 W+ bifacial<\/strong> (dvipusiais) moduliais, u\u017etikrinant auk\u0161t\u0105 energijos gavyb\u0105;<\/li>\n<li>\u00a0<strong>Saugumas &#8211; <\/strong>IP66 klas\u0117: atsparumas dulk\u0117ms ir vandeniui, tinkama at\u0161iaurioms s\u0105lygoms;<\/li>\n<li><strong>Naktinis PID atk\u016brimas:<\/strong> moduli\u0173 efektyvumo gr\u0105\u017einimas neaktyviu paros metu;<\/li>\n<li><strong>Be saugikli\u0173:<\/strong> ma\u017eesn\u0117s prie\u017ei\u016bros s\u0105naudos ir didesnis saugumas;<\/li>\n<li>Naudojami pripa\u017einti pasauliniai komponent\u0173 preki\u0173 \u017eenklai ilgesniam tarnavimo laikui;<\/li>\n<li><strong>I\u0161manumas<\/strong> &#8211; Naktin\u0117 SVG funkcija: reaktyviosios galios kompensavimas po saul\u0117lyd\u017eio;<\/li>\n<li><strong>I\u0161mani eilu\u010di\u0173 steb\u0117sena ir I-V kreiv\u0117s skenavimas:<\/strong> tikslus veikimo analizavimas;<\/li>\n<li><strong>Nuotolinis programin\u0117s \u012frangos atnaujinimas:<\/strong> paprasta ir patogi prie\u017ei\u016bra;<\/li>\n<li><strong>Ekonomi\u0161kumas<\/strong> &#8211; DC pus\u0117je palaikomas \u201eY\u201c jungtis: paprastesnis ir pigesnis instaliavimas;<\/li>\n<li><strong>Pasirenkama funkcija:<\/strong> PLC (duomen\u0173 perdavimas per elektros linijas).<\/li>\n<\/ul>","protected":false},"excerpt":{"rendered":"<p>U\u017dSAKOMAS<\/p>","protected":false},"featured_media":5516,"comment_status":"open","ping_status":"closed","template":"","meta":[],"product_brand":[223],"product_cat":[307,301,298,299],"product_tag":[],"class_list":{"0":"post-6207","1":"product","2":"type-product","3":"status-publish","4":"has-post-thumbnail","6":"product_brand-solis","7":"product_cat-hibridiniai-inverteriai-2","8":"product_cat-nuo-20-kw-trifaziai-on-grid-standartiniai-inverteriai-2","9":"product_cat-on-grid-standartiniai-inverteriai-2","10":"product_cat-trifaziai-on-grid-standartiniai-inverteriai-2","12":"first","13":"outofstock","14":"taxable","15":"shipping-taxable","16":"purchasable","17":"product-type-simple"},"_links":{"self":[{"href":"https:\/\/shop.totemas.lt\/en\/wp-json\/wp\/v2\/product\/6207","targetHints":{"allow":["GET"]}}],"collection":[{"href":"https:\/\/shop.totemas.lt\/en\/wp-json\/wp\/v2\/product"}],"about":[{"href":"https:\/\/shop.totemas.lt\/en\/wp-json\/wp\/v2\/types\/product"}],"replies":[{"embeddable":true,"href":"https:\/\/shop.totemas.lt\/en\/wp-json\/wp\/v2\/comments?post=6207"}],"wp:featuredmedia":[{"embeddable":true,"href":"https:\/\/shop.totemas.lt\/en\/wp-json\/wp\/v2\/media\/5516"}],"wp:attachment":[{"href":"https:\/\/shop.totemas.lt\/en\/wp-json\/wp\/v2\/media?parent=6207"}],"wp:term":[{"taxonomy":"product_brand","embeddable":true,"href":"https:\/\/shop.totemas.lt\/en\/wp-json\/wp\/v2\/product_brand?post=6207"},{"taxonomy":"product_cat","embeddable":true,"href":"https:\/\/shop.totemas.lt\/en\/wp-json\/wp\/v2\/product_cat?post=6207"},{"taxonomy":"product_tag","embeddable":true,"href":"https:\/\/shop.totemas.lt\/en\/wp-json\/wp\/v2\/product_tag?post=6207"}],"curies":[{"name":"wp","href":"https:\/\/api.w.org\/{rel}","templated":true}]}}