{"id":6208,"date":"2026-04-14T16:37:36","date_gmt":"2026-04-14T13:37:36","guid":{"rendered":"https:\/\/shop.totemas.lt\/?post_type=product&#038;p=6208"},"modified":"2026-04-14T16:37:40","modified_gmt":"2026-04-14T13:37:40","slug":"150kw-solis-trifazis-on-grid-inverteris-s6-gc3p150k07-nd-uzsakomas","status":"publish","type":"product","link":"https:\/\/shop.totemas.lt\/en\/product\/150kw-solis-trifazis-on-grid-inverteris-s6-gc3p150k07-nd-uzsakomas\/","title":{"rendered":"150kW Solis trifazis On-Grid inverteris S6-GC3P150K07-ND U\u017dSAKOMAS"},"content":{"rendered":"<p><!--StartFragment --><\/p>\n<ul>\n<li><strong>Efektyvus &#8211; <\/strong>MPPT srov\u0117 iki 54 A \u2013 puikiai tinka auk\u0161tos galios 182\/210\u202fmm saul\u0117s moduliams;<\/li>\n<li><strong>&gt;150\u202f% DC\/AC santykis<\/strong> \u2013 leid\u017eia sumontuoti didesn\u0119 moduli\u0173 gali\u0105 nei inverterio i\u0161\u0117jimo galia, taip padidinant energijos derli\u0173;<\/li>\n<li><strong>Did\u017eiausias efektyvumas<\/strong> \u2013 98,8\u202f% \u2013 minimal\u016bs nuostoliai konvertuojant energij\u0105;<\/li>\n<li><strong>7 MPPT ir 21 \u012fvesties linija<\/strong> \u2013 lankstus dizainas sud\u0117tingoms instaliacijoms;<\/li>\n<li><strong>Saugus &#8211; <\/strong>I\u0161manusis nuolatin\u0117s srov\u0117s pertraukimas \u2013 greitas ir saugus atsijungimas avarijos atveju;<\/li>\n<li><strong>Kintamos ir nuolatin\u0117s srov\u0117s gnybt\u0173 temperat\u016bros steb\u0117jimas<\/strong> \u2013 apsauga nuo perkaitimo;<\/li>\n<li><strong>Integruotas AFCI 2.0 ir pasirinktinai PID atk\u016brimas <\/strong>\u2013 prie\u0161gaisrin\u0117 apsauga ir moduli\u0173 ilgaam\u017ei\u0161kumas;<\/li>\n<li><strong>IP66 klas\u0117<\/strong> \u2013 atsparumas dulk\u0117ms ir vandeniui, tinkamas sud\u0117tingoms aplinkoms;<\/li>\n<li><strong>I\u0161manus &#8211; <\/strong>Solis Cloud platforma \u2013 i\u0161sam\u016bs \u012frankiai veiklos steb\u0117senai ir prie\u017ei\u016brai internetu;<br \/>\n<strong>I-V kreiv\u0117s skenavimas ir eilu\u010di\u0173 lygio steb\u0117jimas<\/strong> \u2013 tiksl\u016bs diagnostikos duomenys;<br \/>\n<strong>Nuotolinis programin\u0117s \u012frangos atnaujinimas<\/strong> \u2013 lengvas ir greitas sistemos atnaujinimas;<\/li>\n<li><strong>Dvigubi RS485 prievadai<\/strong> \u2013 paprasta s\u0105veika su tre\u010di\u0173j\u0173 \u0161ali\u0173 sistemomis;<\/li>\n<li><strong>Ekonomi\u0161kas &#8211;\u00a0<\/strong>Ma\u017eesn\u0117s prie\u017ei\u016bros s\u0105naudos \u2013 d\u0117ka i\u0161mani\u0173j\u0173 funkcij\u0173;<\/li>\n<li><strong>Galimyb\u0117 jungti iki 10 vienet\u0173 lygiagre\u010diai<\/strong> \u2013 tinka didesniems projektams;<\/li>\n<li><strong>Lankstus suderinamumas su tinklais<\/strong> \u2013 palaiko i\u0161balansuot\u0105 apkrov\u0105 ir generatori\u0173 s\u0105rangas.<\/li>\n<\/ul>\n<p><!--EndFragment --><\/p>","protected":false},"excerpt":{"rendered":"<p>U\u017dSAKOMAS<\/p>","protected":false},"featured_media":5521,"comment_status":"open","ping_status":"closed","template":"","meta":[],"product_brand":[223],"product_cat":[307,301,298,299],"product_tag":[],"class_list":{"0":"post-6208","1":"product","2":"type-product","3":"status-publish","4":"has-post-thumbnail","6":"product_brand-solis","7":"product_cat-hibridiniai-inverteriai-2","8":"product_cat-nuo-20-kw-trifaziai-on-grid-standartiniai-inverteriai-2","9":"product_cat-on-grid-standartiniai-inverteriai-2","10":"product_cat-trifaziai-on-grid-standartiniai-inverteriai-2","12":"first","13":"outofstock","14":"sale","15":"taxable","16":"shipping-taxable","17":"purchasable","18":"product-type-simple"},"_links":{"self":[{"href":"https:\/\/shop.totemas.lt\/en\/wp-json\/wp\/v2\/product\/6208","targetHints":{"allow":["GET"]}}],"collection":[{"href":"https:\/\/shop.totemas.lt\/en\/wp-json\/wp\/v2\/product"}],"about":[{"href":"https:\/\/shop.totemas.lt\/en\/wp-json\/wp\/v2\/types\/product"}],"replies":[{"embeddable":true,"href":"https:\/\/shop.totemas.lt\/en\/wp-json\/wp\/v2\/comments?post=6208"}],"wp:featuredmedia":[{"embeddable":true,"href":"https:\/\/shop.totemas.lt\/en\/wp-json\/wp\/v2\/media\/5521"}],"wp:attachment":[{"href":"https:\/\/shop.totemas.lt\/en\/wp-json\/wp\/v2\/media?parent=6208"}],"wp:term":[{"taxonomy":"product_brand","embeddable":true,"href":"https:\/\/shop.totemas.lt\/en\/wp-json\/wp\/v2\/product_brand?post=6208"},{"taxonomy":"product_cat","embeddable":true,"href":"https:\/\/shop.totemas.lt\/en\/wp-json\/wp\/v2\/product_cat?post=6208"},{"taxonomy":"product_tag","embeddable":true,"href":"https:\/\/shop.totemas.lt\/en\/wp-json\/wp\/v2\/product_tag?post=6208"}],"curies":[{"name":"wp","href":"https:\/\/api.w.org\/{rel}","templated":true}]}}