{"id":6211,"date":"2026-04-14T16:37:36","date_gmt":"2026-04-14T13:37:36","guid":{"rendered":"https:\/\/shop.totemas.lt\/?post_type=product&#038;p=6211"},"modified":"2026-04-14T16:37:41","modified_gmt":"2026-04-14T13:37:41","slug":"110kw-solis-trifazis-on-grid-inverteris-solis-110k-5g-pro-uzsakomas","status":"publish","type":"product","link":"https:\/\/shop.totemas.lt\/en\/product\/110kw-solis-trifazis-on-grid-inverteris-solis-110k-5g-pro-uzsakomas\/","title":{"rendered":"110kW Solis trifazis On-Grid inverteris Solis 110K-5G-PRO U\u017dSAKOMAS"},"content":{"rendered":"<p><!--StartFragment --><\/p>\n<ul>\n<li><strong>Efektyvumas &#8211; <\/strong>Nominali galia: 110\u202fkW, iki 121\u202fkW piko;<\/li>\n<li>8 MPPT ir 16 \u012fvesties linij\u0173 \u2013 lankstus saul\u0117s moduli\u0173 i\u0161d\u0117stymas;<\/li>\n<li>Maksimalus efektyvumas: 98.7\u202f% \u2013 ma\u017eesni energijos nuostoliai;<\/li>\n<li>Leid\u017eiamas didesnis nei 150\u202f% DC\/AC santykis \u2013 galimas moduli\u0173 perkrovimas;<\/li>\n<li>Suderinamas su bifaciniais moduliais ir aliuminio laidais \u2013 suma\u017eina s\u0105naudas.<\/li>\n<li><strong>Saugumas &#8211; <\/strong>IP66 apsauga \u2013 atsparus dulki\u0173 ir vandens poveikiui;<br \/>\nAFCI apsauga \u2013 ma\u017eina gaisro rizik\u0105 d\u0117l lanko;<br \/>\nAuk\u0161tos kokyb\u0117s komponentai \u2013 patikimumas ir ilgaam\u017ei\u0161kumas;<br \/>\nGalimas PID atk\u016brimas nakt\u012f \u2013 atstato moduli\u0173 na\u0161um\u0105.<\/li>\n<li><strong>I\u0161manios funkcijos<\/strong> &#8211; Naktinis SVG re\u017eimas \u2013 reaktyvios galios kompensacija po saul\u0117lyd\u017eio;<br \/>\nI\u0161mani linij\u0173 steb\u0117sena ir I-V charakteristik\u0173 analiz\u0117;<\/li>\n<li>Nuotoliniai programin\u0117s \u012frangos atnaujinimai \u2013 lengvas aptarnavimas;<\/li>\n<li>Solis Cloud platforma \u2013 realaus laiko steb\u0117jimas ir prie\u017ei\u016bros priemon\u0117s.<\/li>\n<li><strong>Ekonomin\u0117 nauda <\/strong><strong>DC jung\u010di\u0173 palaikymas su \u201eY\u201c jungtimis<\/strong> \u2013 supaprastina laid\u0173 jungim\u0105;<\/li>\n<li>Galimas PLC ry\u0161ys \u2013 ma\u017eiau laid\u0173, geresnis duomen\u0173 perdavimas;<\/li>\n<li>Be transformatoriaus \u2013 lengvesnis, efektyvesnis;<\/li>\n<li>Galima paralelin\u0117 veikla \u2013 ple\u010diama instaliacija.<\/li>\n<\/ul>\n<p><!--EndFragment --><\/p>","protected":false},"excerpt":{"rendered":"<p>U\u017dSAKOMAS<\/p>","protected":false},"featured_media":5525,"comment_status":"open","ping_status":"closed","template":"","meta":[],"product_brand":[223],"product_cat":[297,301,298,299],"product_tag":[],"class_list":{"0":"post-6211","1":"product","2":"type-product","3":"status-publish","4":"has-post-thumbnail","6":"product_brand-solis","7":"product_cat-inverteriai-2","8":"product_cat-nuo-20-kw-trifaziai-on-grid-standartiniai-inverteriai-2","9":"product_cat-on-grid-standartiniai-inverteriai-2","10":"product_cat-trifaziai-on-grid-standartiniai-inverteriai-2","12":"first","13":"outofstock","14":"sale","15":"taxable","16":"shipping-taxable","17":"purchasable","18":"product-type-simple"},"_links":{"self":[{"href":"https:\/\/shop.totemas.lt\/en\/wp-json\/wp\/v2\/product\/6211","targetHints":{"allow":["GET"]}}],"collection":[{"href":"https:\/\/shop.totemas.lt\/en\/wp-json\/wp\/v2\/product"}],"about":[{"href":"https:\/\/shop.totemas.lt\/en\/wp-json\/wp\/v2\/types\/product"}],"replies":[{"embeddable":true,"href":"https:\/\/shop.totemas.lt\/en\/wp-json\/wp\/v2\/comments?post=6211"}],"wp:featuredmedia":[{"embeddable":true,"href":"https:\/\/shop.totemas.lt\/en\/wp-json\/wp\/v2\/media\/5525"}],"wp:attachment":[{"href":"https:\/\/shop.totemas.lt\/en\/wp-json\/wp\/v2\/media?parent=6211"}],"wp:term":[{"taxonomy":"product_brand","embeddable":true,"href":"https:\/\/shop.totemas.lt\/en\/wp-json\/wp\/v2\/product_brand?post=6211"},{"taxonomy":"product_cat","embeddable":true,"href":"https:\/\/shop.totemas.lt\/en\/wp-json\/wp\/v2\/product_cat?post=6211"},{"taxonomy":"product_tag","embeddable":true,"href":"https:\/\/shop.totemas.lt\/en\/wp-json\/wp\/v2\/product_tag?post=6211"}],"curies":[{"name":"wp","href":"https:\/\/api.w.org\/{rel}","templated":true}]}}