{"id":6219,"date":"2026-04-14T16:37:37","date_gmt":"2026-04-14T13:37:37","guid":{"rendered":"https:\/\/shop.totemas.lt\/?post_type=product&#038;p=6219"},"modified":"2026-04-17T04:01:00","modified_gmt":"2026-04-17T01:01:00","slug":"meter-3-faziu-skirtas-1ph-3ph-hibridiniams-inverteriams-sdm630mct-40ma-with-3-x-ct","status":"publish","type":"product","link":"https:\/\/shop.totemas.lt\/en\/product\/meter-3-faziu-skirtas-1ph-3ph-hibridiniams-inverteriams-sdm630mct-40ma-with-3-x-ct\/","title":{"rendered":"Meter (3 fazi\u0173) skirtas 1Ph\/3Ph hibridiniams inverteriams SDM630MCT 40mA (with 3 x CT)"},"content":{"rendered":"<p><strong>SDM630MCT 40mA<\/strong> matuoja ir rodo vienfazi\u0173 dviej\u0173 laid\u0173 (1p2w), trifazi\u0173 trij\u0173 laid\u0173 (3p3w) ir trifazi\u0173 keturi\u0173 laid\u0173 (3p4w) tiekimo charakteristikas, \u012fskaitant t\u016br\u012f.tage, da\u017enis, srov\u0117, galia, aktyvioji ir reaktyvioji energija, importuota arba eksportuota. Energija matuojama kWh, kVArh. Maksimali paklausos srov\u0117 gali b\u016bti matuojama i\u0161 anksto nustatytais laikotarpiais iki 60 minu\u010di\u0173. Norint i\u0161matuoti energij\u0105, vienetui reikia ttage ir srov\u0117s \u012fvestis, be maitinimo, reikalingo gaminiui maitinti. Reikiama srov\u0117s \u012fvestis gaunami srov\u0117s transformatoriai (CT).<br \/>\nSDM630MCT 40mA gali b\u016bti sukonfig\u016bruotas dirbti su \u012fvairiais CT su 40mA i\u0161vestimi, tod\u0117l \u012frenginys veikia plat\u0173 diapazon\u0105. Integruotos s\u0105sajos suteikia impulsinius ir RS485 Modbus RTU i\u0161\u0117jimus. Konfig\u016bracija apsaugota slapta\u017eod\u017eiu.<\/p>\n<p>\u0160is \u012frenginys gali b\u016bti maitinamas i\u0161 atskiro papildomo (AC arba DC) maitinimo \u0161altinio. Arba, jei reikia, jis gali b\u016bti maitinamas i\u0161 stebimo maitinimo \u0161altinio.<\/p>","protected":false},"excerpt":{"rendered":"<p>SDM630MCT 40mA matuoja ir rodo vienfazi\u0173 dviej\u0173 laid\u0173 (1p2w), trifazi\u0173 trij\u0173 laid\u0173 (3p3w) ir trifazi\u0173 keturi\u0173 laid\u0173 (3p4w) tiekimo charakteristikas, \u012fskaitant t\u016br\u012f.tage, da\u017enis, srov\u0117, galia, aktyvioji ir reaktyvioji energija, importuota arba eksportuota.<\/p>","protected":false},"featured_media":5555,"comment_status":"open","ping_status":"closed","template":"","meta":[],"product_brand":[209],"product_cat":[310,311,312],"product_tag":[],"class_list":{"0":"post-6219","1":"product","2":"type-product","3":"status-publish","4":"has-post-thumbnail","6":"product_brand-eastron","7":"product_cat-priedai-inverteriai-2","8":"product_cat-smart-meter-priedai-inverteriai-2","9":"product_cat-trifaziai-smart-meter-priedai-inverteriai-2","11":"first","12":"instock","13":"sale","14":"taxable","15":"shipping-taxable","16":"purchasable","17":"product-type-simple"},"_links":{"self":[{"href":"https:\/\/shop.totemas.lt\/en\/wp-json\/wp\/v2\/product\/6219","targetHints":{"allow":["GET"]}}],"collection":[{"href":"https:\/\/shop.totemas.lt\/en\/wp-json\/wp\/v2\/product"}],"about":[{"href":"https:\/\/shop.totemas.lt\/en\/wp-json\/wp\/v2\/types\/product"}],"replies":[{"embeddable":true,"href":"https:\/\/shop.totemas.lt\/en\/wp-json\/wp\/v2\/comments?post=6219"}],"wp:featuredmedia":[{"embeddable":true,"href":"https:\/\/shop.totemas.lt\/en\/wp-json\/wp\/v2\/media\/5555"}],"wp:attachment":[{"href":"https:\/\/shop.totemas.lt\/en\/wp-json\/wp\/v2\/media?parent=6219"}],"wp:term":[{"taxonomy":"product_brand","embeddable":true,"href":"https:\/\/shop.totemas.lt\/en\/wp-json\/wp\/v2\/product_brand?post=6219"},{"taxonomy":"product_cat","embeddable":true,"href":"https:\/\/shop.totemas.lt\/en\/wp-json\/wp\/v2\/product_cat?post=6219"},{"taxonomy":"product_tag","embeddable":true,"href":"https:\/\/shop.totemas.lt\/en\/wp-json\/wp\/v2\/product_tag?post=6219"}],"curies":[{"name":"wp","href":"https:\/\/api.w.org\/{rel}","templated":true}]}}