{"id":6232,"date":"2026-04-14T16:37:44","date_gmt":"2026-04-14T13:37:44","guid":{"rendered":"https:\/\/shop.totemas.lt\/?post_type=product&#038;p=6232"},"modified":"2026-04-14T16:37:46","modified_gmt":"2026-04-14T13:37:46","slug":"akropolio-dovanu-cekis-50-e","status":"publish","type":"product","link":"https:\/\/shop.totemas.lt\/en\/product\/akropolio-dovanu-cekis-50-e\/","title":{"rendered":"\u201eAkropolio\u201c dovan\u0173 \u010dekis 50 \u20ac"},"content":{"rendered":"<p>Dovan\u0173 \u010dekis galioja visose \u201eAkropolio\u201c prekybos ir pramog\u0173 centro parduotuv\u0117se bei paslaug\u0173 vietose. \u010cekiu galima atsiskaityti u\u017e prekes, maist\u0105, paslaugas ir pramogas. Galioja visuose Lietuvos \u201eAkropoliuose\u201c: Vilniuje, Kaune, Klaip\u0117doje ir \u0160iauliuose.<\/p>\n<p>&nbsp;<\/p>","protected":false},"excerpt":{"rendered":"<p>Dovan\u0173 \u010dekis galioja visose \u201eAkropolio\u201c prekybos ir pramog\u0173 centro parduotuv\u0117se bei paslaug\u0173 vietose. \u010cekiu galima atsiskaityti u\u017e prekes, maist\u0105, paslaugas ir pramogas. Galioja visuose Lietuvos \u201eAkropoliuose\u201c: Vilniuje, Kaune, Klaip\u0117doje ir \u0160iauliuose. &nbsp;<\/p>","protected":false},"featured_media":5715,"comment_status":"open","ping_status":"closed","template":"","meta":[],"product_brand":[],"product_cat":[349],"product_tag":[],"class_list":{"0":"post-6232","1":"product","2":"type-product","3":"status-publish","4":"has-post-thumbnail","6":"product_cat-prekes-uz-taskus-2","8":"first","9":"instock","10":"taxable","11":"shipping-taxable","12":"purchasable","13":"product-type-simple"},"_links":{"self":[{"href":"https:\/\/shop.totemas.lt\/en\/wp-json\/wp\/v2\/product\/6232","targetHints":{"allow":["GET"]}}],"collection":[{"href":"https:\/\/shop.totemas.lt\/en\/wp-json\/wp\/v2\/product"}],"about":[{"href":"https:\/\/shop.totemas.lt\/en\/wp-json\/wp\/v2\/types\/product"}],"replies":[{"embeddable":true,"href":"https:\/\/shop.totemas.lt\/en\/wp-json\/wp\/v2\/comments?post=6232"}],"wp:featuredmedia":[{"embeddable":true,"href":"https:\/\/shop.totemas.lt\/en\/wp-json\/wp\/v2\/media\/5715"}],"wp:attachment":[{"href":"https:\/\/shop.totemas.lt\/en\/wp-json\/wp\/v2\/media?parent=6232"}],"wp:term":[{"taxonomy":"product_brand","embeddable":true,"href":"https:\/\/shop.totemas.lt\/en\/wp-json\/wp\/v2\/product_brand?post=6232"},{"taxonomy":"product_cat","embeddable":true,"href":"https:\/\/shop.totemas.lt\/en\/wp-json\/wp\/v2\/product_cat?post=6232"},{"taxonomy":"product_tag","embeddable":true,"href":"https:\/\/shop.totemas.lt\/en\/wp-json\/wp\/v2\/product_tag?post=6232"}],"curies":[{"name":"wp","href":"https:\/\/api.w.org\/{rel}","templated":true}]}}