{"id":6251,"date":"2026-04-14T16:37:45","date_gmt":"2026-04-14T13:37:45","guid":{"rendered":"https:\/\/shop.totemas.lt\/?post_type=product&#038;p=6251"},"modified":"2026-04-17T00:02:02","modified_gmt":"2026-04-16T21:02:02","slug":"teltonika-teltocharge-ikrovimo-stoteles-skydeliai","status":"publish","type":"product","link":"https:\/\/shop.totemas.lt\/en\/product\/teltonika-teltocharge-ikrovimo-stoteles-skydeliai\/","title":{"rendered":"Teltonika \u201eTeltocharge\u201c \u012fkrovimo stotel\u0117s skydeliai"},"content":{"rendered":"<p>\u012ekrovimo stotel\u0117 \u201eTeltoCharge\u201c sukurta taip, kad der\u0117t\u0173 prie bet kokio skonio, pastato dizaino ar vietos. Nor\u0117dami j\u0105 pritaikyti savo aplinkai, tiesiog pakeiskite priekin\u012f skydel\u012f pasirinkta spalva.<\/p>\n<p>Tinka stotel\u0117ms kuri\u0173 galia: 11 kW\/22 kW.<\/p>\n<p>Stotel\u0117s jungties tipas: kabelis.<\/p>","protected":false},"excerpt":{"rendered":"<p>\u012ekrovimo stotel\u0117 \u201eTeltoCharge\u201c sukurta taip, kad der\u0117t\u0173 prie bet kokio skonio, pastato dizaino ar vietos.<\/p>","protected":false},"featured_media":5745,"comment_status":"open","ping_status":"closed","template":"","meta":[],"product_brand":[275],"product_cat":[304,335,343],"product_tag":[],"class_list":{"0":"post-6251","1":"product","2":"type-product","3":"status-publish","4":"has-post-thumbnail","6":"product_brand-teltonika","7":"product_cat-ikrovimo-stoteles-2","8":"product_cat-ikrovimo-stoteliu-priedai-ikrovimo-stoteles-2","9":"product_cat-teltonika-ikrovimo-stoteles-2","11":"first","12":"instock","13":"taxable","14":"shipping-taxable","15":"product-type-variable"},"_links":{"self":[{"href":"https:\/\/shop.totemas.lt\/en\/wp-json\/wp\/v2\/product\/6251","targetHints":{"allow":["GET"]}}],"collection":[{"href":"https:\/\/shop.totemas.lt\/en\/wp-json\/wp\/v2\/product"}],"about":[{"href":"https:\/\/shop.totemas.lt\/en\/wp-json\/wp\/v2\/types\/product"}],"replies":[{"embeddable":true,"href":"https:\/\/shop.totemas.lt\/en\/wp-json\/wp\/v2\/comments?post=6251"}],"wp:featuredmedia":[{"embeddable":true,"href":"https:\/\/shop.totemas.lt\/en\/wp-json\/wp\/v2\/media\/5745"}],"wp:attachment":[{"href":"https:\/\/shop.totemas.lt\/en\/wp-json\/wp\/v2\/media?parent=6251"}],"wp:term":[{"taxonomy":"product_brand","embeddable":true,"href":"https:\/\/shop.totemas.lt\/en\/wp-json\/wp\/v2\/product_brand?post=6251"},{"taxonomy":"product_cat","embeddable":true,"href":"https:\/\/shop.totemas.lt\/en\/wp-json\/wp\/v2\/product_cat?post=6251"},{"taxonomy":"product_tag","embeddable":true,"href":"https:\/\/shop.totemas.lt\/en\/wp-json\/wp\/v2\/product_tag?post=6251"}],"curies":[{"name":"wp","href":"https:\/\/api.w.org\/{rel}","templated":true}]}}