{"id":6271,"date":"2026-04-14T16:37:50","date_gmt":"2026-04-14T13:37:50","guid":{"rendered":"https:\/\/shop.totemas.lt\/?post_type=product&#038;p=6271"},"modified":"2026-04-17T00:02:01","modified_gmt":"2026-04-16T21:02:01","slug":"10kw-auksto-voltazo-hibridinis3ph-inverteris-growatt-mod-10ktl3-xh-bp","status":"publish","type":"product","link":"https:\/\/shop.totemas.lt\/en\/product\/10kw-auksto-voltazo-hibridinis3ph-inverteris-growatt-mod-10ktl3-xh-bp\/","title":{"rendered":"10kW Auk\u0161to volta\u017eo hibridinis(3Ph) inverteris Growatt MOD 10KTL3-XH BP"},"content":{"rendered":"<p><strong>Growatt MOD 10KTL3-XH<\/strong>\u00a0keitiklis pasi\u017eymi prieinama kaina ir auk\u0161ta kokybe. Jis yra sertifikuotas pasaulinei rinkai ir da\u017enai naudojamas vartotojams palankiuose \u012frenginiuose. Growatt MOD keitiklius galima \u012fsigyti su\u00a0<strong>ARK energijos kaupimu nuo 7,56 iki 25,6 kWh ir APX energijos kaupimu nuo 5-30 kWh.<\/strong><\/p>","protected":false},"excerpt":{"rendered":"<p><strong>Growatt MOD 10KTL3-XH<\/strong>\u00a0keitiklis pasi\u017eymi prieinama kaina ir auk\u0161ta kokybe. Jis yra sertifikuotas pasaulinei rinkai ir da\u017enai naudojamas vartotojams palankiuose \u012frenginiuose.<\/p>","protected":false},"featured_media":5769,"comment_status":"open","ping_status":"closed","template":"","meta":[],"product_brand":[286],"product_cat":[308,307,297],"product_tag":[],"class_list":{"0":"post-6271","1":"product","2":"type-product","3":"status-publish","4":"has-post-thumbnail","6":"product_brand-growatt","7":"product_cat-auksto-voltazo-inverteriai-hibridiniai-inverteriai-2","8":"product_cat-hibridiniai-inverteriai-2","9":"product_cat-inverteriai-2","11":"first","12":"instock","13":"sale","14":"taxable","15":"shipping-taxable","16":"purchasable","17":"product-type-simple"},"_links":{"self":[{"href":"https:\/\/shop.totemas.lt\/en\/wp-json\/wp\/v2\/product\/6271","targetHints":{"allow":["GET"]}}],"collection":[{"href":"https:\/\/shop.totemas.lt\/en\/wp-json\/wp\/v2\/product"}],"about":[{"href":"https:\/\/shop.totemas.lt\/en\/wp-json\/wp\/v2\/types\/product"}],"replies":[{"embeddable":true,"href":"https:\/\/shop.totemas.lt\/en\/wp-json\/wp\/v2\/comments?post=6271"}],"wp:featuredmedia":[{"embeddable":true,"href":"https:\/\/shop.totemas.lt\/en\/wp-json\/wp\/v2\/media\/5769"}],"wp:attachment":[{"href":"https:\/\/shop.totemas.lt\/en\/wp-json\/wp\/v2\/media?parent=6271"}],"wp:term":[{"taxonomy":"product_brand","embeddable":true,"href":"https:\/\/shop.totemas.lt\/en\/wp-json\/wp\/v2\/product_brand?post=6271"},{"taxonomy":"product_cat","embeddable":true,"href":"https:\/\/shop.totemas.lt\/en\/wp-json\/wp\/v2\/product_cat?post=6271"},{"taxonomy":"product_tag","embeddable":true,"href":"https:\/\/shop.totemas.lt\/en\/wp-json\/wp\/v2\/product_tag?post=6271"}],"curies":[{"name":"wp","href":"https:\/\/api.w.org\/{rel}","templated":true}]}}