{"id":6274,"date":"2026-04-14T16:37:51","date_gmt":"2026-04-14T13:37:51","guid":{"rendered":"https:\/\/shop.totemas.lt\/?post_type=product&#038;p=6274"},"modified":"2026-04-17T00:01:54","modified_gmt":"2026-04-16T21:01:54","slug":"growatt-interneto-sasaja-shine-wilan-x2","status":"publish","type":"product","link":"https:\/\/shop.totemas.lt\/en\/product\/growatt-interneto-sasaja-shine-wilan-x2\/","title":{"rendered":"GROWATT interneto s\u0105saja Shine WiLAN-X2"},"content":{"rendered":"<p>\u012erenginys palaiko Wi-Fi, LAN ir Bluetooth ry\u0161io modulius.<br \/>\nUSB ki\u0161tukinis raktas su 50 metr\u0173 belaide apr\u0117ptimi prijungia j\u016bs\u0173 PV sistem\u0105 prie Wi-Fi. LAN ry\u0161ys rekomenduojamas laidams i\u0161ved\u017eioti tinkamoje aplinkoje. Ry\u0161ys su inverteriu vyksta per USB jungt\u012f naudojant Modbus RTU protokol\u0105.<br \/>\nPrietaisas turi integruot\u0105 atmint\u012f, tod\u0117l prijungto inverterio duomenys saugomi apie 30 dien\u0173, net ir nutr\u016bkus interneto ry\u0161iui.<br \/>\nGaunama informacija leid\u017eia realiuoju laiku steb\u0117ti ir analizuoti istorinius energijos gamybos duomenis, vertinti PV sistemos b\u016bkl\u0119 ir efektyvum\u0105.<br \/>\nProgram\u0117l\u0117 leid\u017eia gauti prane\u0161imus apie klaidas ar gedimus, vykdyti nuotolin\u0119 diagnostik\u0105 ir pagrindin\u012f trik\u010di\u0173 \u0161alinim\u0105 be b\u016btinyb\u0117s vykti \u012f viet\u0105.<br \/>\n\u012erenginys palaiko vietin\u012f konfig\u016bravim\u0105 ir programin\u0117s \u012frangos atnaujinim\u0105 per i\u0161man\u0173j\u012f telefon\u0105 naudojant Bluetooth (BLE).<br \/>\nTai idealus pasirinkimas tiek nam\u0173, tiek komercin\u0117ms saul\u0117s energetikos sistemoms.<\/p>","protected":false},"excerpt":{"rendered":"<p>ShineWiLan-X2 yra profesionalus \u012frenginys, skirtas PV sistem\u0173 steb\u0117senai ir valdymui. \u0160i s\u0105saja skirta susieti Growatt inverterio parametrus su Growatt Cloud serveriu bevieliu ar laidiniu b\u016bdu, ir steb\u0117ti saul\u0117s elektrin\u0117s darb\u0105 ir pagaminam\u0105 energij\u0105 per program\u0117l\u0119 ShinePhone.<\/p>","protected":false},"featured_media":5772,"comment_status":"open","ping_status":"closed","template":"","meta":[],"product_brand":[286],"product_cat":[316,297,310],"product_tag":[],"class_list":{"0":"post-6274","1":"product","2":"type-product","3":"status-publish","4":"has-post-thumbnail","6":"product_brand-growatt","7":"product_cat-datalogger-priedai-inverteriai-2","8":"product_cat-inverteriai-2","9":"product_cat-priedai-inverteriai-2","11":"first","12":"instock","13":"sale","14":"taxable","15":"shipping-taxable","16":"purchasable","17":"product-type-simple"},"_links":{"self":[{"href":"https:\/\/shop.totemas.lt\/en\/wp-json\/wp\/v2\/product\/6274","targetHints":{"allow":["GET"]}}],"collection":[{"href":"https:\/\/shop.totemas.lt\/en\/wp-json\/wp\/v2\/product"}],"about":[{"href":"https:\/\/shop.totemas.lt\/en\/wp-json\/wp\/v2\/types\/product"}],"replies":[{"embeddable":true,"href":"https:\/\/shop.totemas.lt\/en\/wp-json\/wp\/v2\/comments?post=6274"}],"wp:featuredmedia":[{"embeddable":true,"href":"https:\/\/shop.totemas.lt\/en\/wp-json\/wp\/v2\/media\/5772"}],"wp:attachment":[{"href":"https:\/\/shop.totemas.lt\/en\/wp-json\/wp\/v2\/media?parent=6274"}],"wp:term":[{"taxonomy":"product_brand","embeddable":true,"href":"https:\/\/shop.totemas.lt\/en\/wp-json\/wp\/v2\/product_brand?post=6274"},{"taxonomy":"product_cat","embeddable":true,"href":"https:\/\/shop.totemas.lt\/en\/wp-json\/wp\/v2\/product_cat?post=6274"},{"taxonomy":"product_tag","embeddable":true,"href":"https:\/\/shop.totemas.lt\/en\/wp-json\/wp\/v2\/product_tag?post=6274"}],"curies":[{"name":"wp","href":"https:\/\/api.w.org\/{rel}","templated":true}]}}