{"id":6278,"date":"2026-04-14T16:37:51","date_gmt":"2026-04-14T13:37:51","guid":{"rendered":"https:\/\/shop.totemas.lt\/?post_type=product&#038;p=6278"},"modified":"2026-04-17T00:01:44","modified_gmt":"2026-04-16T21:01:44","slug":"cortex-605w-saules-modulis-n-type","status":"publish","type":"product","link":"https:\/\/shop.totemas.lt\/en\/product\/cortex-605w-saules-modulis-n-type\/","title":{"rendered":"Cortex 605W Saul\u0117s modulis N-Type"},"content":{"rendered":"<p>Didelis patikimumas ir ma\u017eos galios degradacija: sukurtas taip, kad b\u016bt\u0173 atsparus potencialo sukeltam degradavimui (PID) per tiksl\u0173 element\u0173 proces\u0105 ir modulio med\u017eiag\u0173 valdym\u0105, u\u017etikrinant optimali\u0105 energijos gamyb\u0105.<\/p>","protected":false},"excerpt":{"rendered":"<p>Didelis patikimumas ir ma\u017eos galios degradacija: sukurtas taip, kad b\u016bt\u0173 atsparus potencialo sukeltam degradavimui (PID) per tiksl\u0173 element\u0173 proces\u0105 ir modulio med\u017eiag\u0173 valdym\u0105, u\u017etikrinant optimali\u0105 energijos gamyb\u0105.<\/p>","protected":false},"featured_media":5776,"comment_status":"open","ping_status":"closed","template":"","meta":[],"product_brand":[288],"product_cat":[292],"product_tag":[],"class_list":{"0":"post-6278","1":"product","2":"type-product","3":"status-publish","4":"has-post-thumbnail","6":"product_brand-cortex","7":"product_cat-saules-moduliai","9":"first","10":"outofstock","11":"sale","12":"taxable","13":"shipping-taxable","14":"purchasable","15":"product-type-simple"},"_links":{"self":[{"href":"https:\/\/shop.totemas.lt\/en\/wp-json\/wp\/v2\/product\/6278","targetHints":{"allow":["GET"]}}],"collection":[{"href":"https:\/\/shop.totemas.lt\/en\/wp-json\/wp\/v2\/product"}],"about":[{"href":"https:\/\/shop.totemas.lt\/en\/wp-json\/wp\/v2\/types\/product"}],"replies":[{"embeddable":true,"href":"https:\/\/shop.totemas.lt\/en\/wp-json\/wp\/v2\/comments?post=6278"}],"wp:featuredmedia":[{"embeddable":true,"href":"https:\/\/shop.totemas.lt\/en\/wp-json\/wp\/v2\/media\/5776"}],"wp:attachment":[{"href":"https:\/\/shop.totemas.lt\/en\/wp-json\/wp\/v2\/media?parent=6278"}],"wp:term":[{"taxonomy":"product_brand","embeddable":true,"href":"https:\/\/shop.totemas.lt\/en\/wp-json\/wp\/v2\/product_brand?post=6278"},{"taxonomy":"product_cat","embeddable":true,"href":"https:\/\/shop.totemas.lt\/en\/wp-json\/wp\/v2\/product_cat?post=6278"},{"taxonomy":"product_tag","embeddable":true,"href":"https:\/\/shop.totemas.lt\/en\/wp-json\/wp\/v2\/product_tag?post=6278"}],"curies":[{"name":"wp","href":"https:\/\/api.w.org\/{rel}","templated":true}]}}