{"id":6280,"date":"2026-04-14T16:37:51","date_gmt":"2026-04-14T13:37:51","guid":{"rendered":"https:\/\/shop.totemas.lt\/?post_type=product&#038;p=6280"},"modified":"2026-04-17T02:00:46","modified_gmt":"2026-04-16T23:00:46","slug":"livoltek-11kw-kintamosios-sroves-elektromobiliu-ikrovimo-stotele-3-ph","status":"publish","type":"product","link":"https:\/\/shop.totemas.lt\/en\/product\/livoltek-11kw-kintamosios-sroves-elektromobiliu-ikrovimo-stotele-3-ph\/","title":{"rendered":"Livoltek 11kW kintamosios srov\u0117s elektromobili\u0173 \u012fkrovimo stotel\u0117 (3 Ph)"},"content":{"rendered":"<section class=\"av_textblock_section\">\n<div class=\"avia_textblock\">\n<p>LIVOLTEK i\u0161manusis EV \u012fkroviklis yra pa\u017eangiausias i\u0161manusis \u012fkroviklis, kur\u012f galima montuoti ant sien\u0173 ir kolon\u0173. Jis yra kompakti\u0161ko dyd\u017eio, i\u0161skirtin\u0117s i\u0161vaizdos ir lengvai montuojamas. D\u0117l patogios program\u0117l\u0117s naudotojams lengva \u012fkrauti savaranki\u0161kai ir ekonomi\u0161kai. Tai tikrai geriausias pasirinkimas lengv\u0173j\u0173 automobili\u0173 savininkams \u012fkrauti savo transporto priemones pasinaudojant naudojimo laiko tarifu ir PV sistema.<\/p>\n<\/div>\n<\/section>\n<div class=\"hr av-2lhurjm-0e81b83b0181962dce8a22da372491e5 hr-invisible avia-builder-el-15 el_after_av_textblock el_before_av_buttonrow\"><\/div>","protected":false},"excerpt":{"rendered":"<p>LIVOLTEK i\u0161manioji elektrin\u0117 transporto priemon\u0117 \u012ekrovimo stotel\u0117s yra vieni pa\u017eangiausi\u0173 \u012fkrovimo \u012frengini\u0173, skirt\u0173 pasir\u016bpinti elektrinio transporto ateitimi.<\/p>","protected":false},"featured_media":5779,"comment_status":"open","ping_status":"closed","template":"","meta":[],"product_brand":[290],"product_cat":[304,351,344,305],"product_tag":[],"class_list":{"0":"post-6280","1":"product","2":"type-product","3":"status-publish","4":"has-post-thumbnail","6":"product_brand-livoltek","7":"product_cat-ikrovimo-stoteles-2","8":"product_cat-livoltek-ikrovimo-stoteles-2","9":"product_cat-su-krovimo-laidu-namu-ikrovimo-stoteles-ikrovimo-stoteles-2","10":"product_cat-viesos-ikrovimo-stoteles","12":"first","13":"outofstock","14":"sale","15":"taxable","16":"shipping-taxable","17":"purchasable","18":"product-type-simple"},"_links":{"self":[{"href":"https:\/\/shop.totemas.lt\/en\/wp-json\/wp\/v2\/product\/6280","targetHints":{"allow":["GET"]}}],"collection":[{"href":"https:\/\/shop.totemas.lt\/en\/wp-json\/wp\/v2\/product"}],"about":[{"href":"https:\/\/shop.totemas.lt\/en\/wp-json\/wp\/v2\/types\/product"}],"replies":[{"embeddable":true,"href":"https:\/\/shop.totemas.lt\/en\/wp-json\/wp\/v2\/comments?post=6280"}],"wp:featuredmedia":[{"embeddable":true,"href":"https:\/\/shop.totemas.lt\/en\/wp-json\/wp\/v2\/media\/5779"}],"wp:attachment":[{"href":"https:\/\/shop.totemas.lt\/en\/wp-json\/wp\/v2\/media?parent=6280"}],"wp:term":[{"taxonomy":"product_brand","embeddable":true,"href":"https:\/\/shop.totemas.lt\/en\/wp-json\/wp\/v2\/product_brand?post=6280"},{"taxonomy":"product_cat","embeddable":true,"href":"https:\/\/shop.totemas.lt\/en\/wp-json\/wp\/v2\/product_cat?post=6280"},{"taxonomy":"product_tag","embeddable":true,"href":"https:\/\/shop.totemas.lt\/en\/wp-json\/wp\/v2\/product_tag?post=6280"}],"curies":[{"name":"wp","href":"https:\/\/api.w.org\/{rel}","templated":true}]}}