{"id":6285,"date":"2026-04-14T16:37:52","date_gmt":"2026-04-14T13:37:52","guid":{"rendered":"https:\/\/shop.totemas.lt\/?post_type=product&#038;p=6285"},"modified":"2026-04-16T22:00:56","modified_gmt":"2026-04-16T19:00:56","slug":"viessmann-500w-n-type-stiklas-stiklas","status":"publish","type":"product","link":"https:\/\/shop.totemas.lt\/en\/product\/viessmann-500w-n-type-stiklas-stiklas\/","title":{"rendered":"Viessmann 500W N-Type (stiklas\/stiklas)"},"content":{"rendered":"<p>\u201eVitovolt 300\u201c moduliai i\u0161siskiria savo dizainu ir matmenimis. . Visi \u201eVitovolt 300\u201c moduli\u0173 gamybos etapai atid\u017eiai stebimi, pradedant auk\u0161ta komercine ir technine kvalifikacija, kurios reikalaujama i\u0161 m\u016bs\u0173 tiek\u0117j\u0173.<\/p>\n<p>36 vnt. palet\u0117je.<\/p>","protected":false},"excerpt":{"rendered":"<p>VIESSMANN 500W<\/p>","protected":false},"featured_media":5787,"comment_status":"open","ping_status":"closed","template":"","meta":[],"product_brand":[216],"product_cat":[292,295],"product_tag":[],"class_list":{"0":"post-6285","1":"product","2":"type-product","3":"status-publish","4":"has-post-thumbnail","6":"product_brand-viesmann","7":"product_cat-saules-moduliai","8":"product_cat-viessmann","10":"first","11":"instock","12":"sale","13":"taxable","14":"shipping-taxable","15":"purchasable","16":"product-type-simple"},"_links":{"self":[{"href":"https:\/\/shop.totemas.lt\/en\/wp-json\/wp\/v2\/product\/6285","targetHints":{"allow":["GET"]}}],"collection":[{"href":"https:\/\/shop.totemas.lt\/en\/wp-json\/wp\/v2\/product"}],"about":[{"href":"https:\/\/shop.totemas.lt\/en\/wp-json\/wp\/v2\/types\/product"}],"replies":[{"embeddable":true,"href":"https:\/\/shop.totemas.lt\/en\/wp-json\/wp\/v2\/comments?post=6285"}],"wp:featuredmedia":[{"embeddable":true,"href":"https:\/\/shop.totemas.lt\/en\/wp-json\/wp\/v2\/media\/5787"}],"wp:attachment":[{"href":"https:\/\/shop.totemas.lt\/en\/wp-json\/wp\/v2\/media?parent=6285"}],"wp:term":[{"taxonomy":"product_brand","embeddable":true,"href":"https:\/\/shop.totemas.lt\/en\/wp-json\/wp\/v2\/product_brand?post=6285"},{"taxonomy":"product_cat","embeddable":true,"href":"https:\/\/shop.totemas.lt\/en\/wp-json\/wp\/v2\/product_cat?post=6285"},{"taxonomy":"product_tag","embeddable":true,"href":"https:\/\/shop.totemas.lt\/en\/wp-json\/wp\/v2\/product_tag?post=6285"}],"curies":[{"name":"wp","href":"https:\/\/api.w.org\/{rel}","templated":true}]}}