{"id":6287,"date":"2026-04-14T16:37:56","date_gmt":"2026-04-14T13:37:56","guid":{"rendered":"https:\/\/shop.totemas.lt\/?post_type=product&#038;p=6287"},"modified":"2026-04-16T22:00:53","modified_gmt":"2026-04-16T19:00:53","slug":"aiko-modulis-500w-n-type-abc-full-black-stiklas-stiklas","status":"publish","type":"product","link":"https:\/\/shop.totemas.lt\/en\/product\/aiko-modulis-500w-n-type-abc-full-black-stiklas-stiklas\/","title":{"rendered":"Aiko modulis 500W N-TYPE  ABC Full Black (stiklas\/stiklas)"},"content":{"rendered":"<p>Modulis pasi\u017eymi pilnai juoda estetika, tod\u0117l tinka tiek komerciniams, tiek gyvenamosios paskirties projektams. D\u0117l N-TYPE tipo l\u0105steli\u0173, jis yra atsparus \u0161ilumos poveikiui ir turi ma\u017eesn\u012f atsparum\u0105 ap\u0161vietimui, kas padidina jo efektyvum\u0105.<\/p>","protected":false},"excerpt":{"rendered":"<p>Saul\u0117s modulis<strong>\u00a0AIKO-A-MAH60Db N-TYPE Full Black<\/strong>\u00a0\u2013 tai auk\u0161tos kokyb\u0117s, 500 W galingumo saul\u0117s energijos modulis, pagamintas naudojant N-TYPE technologij\u0105, kuri u\u017etikrina didesn\u012f efektyvum\u0105 ir ilgaam\u017ei\u0161kum\u0105.<\/p>","protected":false},"featured_media":5810,"comment_status":"open","ping_status":"closed","template":"","meta":[],"product_brand":[279],"product_cat":[345,292],"product_tag":[],"class_list":{"0":"post-6287","1":"product","2":"type-product","3":"status-publish","4":"has-post-thumbnail","6":"product_brand-aiko","7":"product_cat-aiko-saules-moduliai-2","8":"product_cat-saules-moduliai","10":"first","11":"instock","12":"sale","13":"taxable","14":"shipping-taxable","15":"purchasable","16":"product-type-simple"},"_links":{"self":[{"href":"https:\/\/shop.totemas.lt\/en\/wp-json\/wp\/v2\/product\/6287","targetHints":{"allow":["GET"]}}],"collection":[{"href":"https:\/\/shop.totemas.lt\/en\/wp-json\/wp\/v2\/product"}],"about":[{"href":"https:\/\/shop.totemas.lt\/en\/wp-json\/wp\/v2\/types\/product"}],"replies":[{"embeddable":true,"href":"https:\/\/shop.totemas.lt\/en\/wp-json\/wp\/v2\/comments?post=6287"}],"wp:featuredmedia":[{"embeddable":true,"href":"https:\/\/shop.totemas.lt\/en\/wp-json\/wp\/v2\/media\/5810"}],"wp:attachment":[{"href":"https:\/\/shop.totemas.lt\/en\/wp-json\/wp\/v2\/media?parent=6287"}],"wp:term":[{"taxonomy":"product_brand","embeddable":true,"href":"https:\/\/shop.totemas.lt\/en\/wp-json\/wp\/v2\/product_brand?post=6287"},{"taxonomy":"product_cat","embeddable":true,"href":"https:\/\/shop.totemas.lt\/en\/wp-json\/wp\/v2\/product_cat?post=6287"},{"taxonomy":"product_tag","embeddable":true,"href":"https:\/\/shop.totemas.lt\/en\/wp-json\/wp\/v2\/product_tag?post=6287"}],"curies":[{"name":"wp","href":"https:\/\/api.w.org\/{rel}","templated":true}]}}