{"id":6294,"date":"2026-04-14T16:37:57","date_gmt":"2026-04-14T13:37:57","guid":{"rendered":"https:\/\/shop.totemas.lt\/?post_type=product&#038;p=6294"},"modified":"2026-04-17T08:00:38","modified_gmt":"2026-04-17T05:00:38","slug":"livoltek-meter-dinaminis-galios-valdiklis-ikrovimo-stotelei-su-magnetais","status":"publish","type":"product","link":"https:\/\/shop.totemas.lt\/en\/product\/livoltek-meter-dinaminis-galios-valdiklis-ikrovimo-stotelei-su-magnetais\/","title":{"rendered":"Livoltek Meter dinaminis galios valdiklis \u012fkrovimo stotelei su magnetais"},"content":{"rendered":"<p>Skirtas matuoti tinklo parametrus, pvz., aktyvi\u0105j\u0105 energij\u0105, reaktyvi\u0105j\u0105 energij\u0105, \u012ftamp\u0105, srov\u0119, gali\u0105, galios koeficient\u0105 ir da\u017en\u012f. RS485 s\u0105saja pateikia keitikli\u0173 ir kit\u0173 \u012frengini\u0173 galios steb\u0117jimo duomenis, kad b\u016bt\u0173 galima greitai valdyti atsak\u0105. Standartinis DIN b\u0117gio montavimas, ma\u017eo dyd\u017eio, lengvai montuojamas.<br \/>\nPla\u010diai naudojamas paskirstytose fotovoltin\u0117se, energijos kaupimo elektrin\u0117se ir kituose naujuose energijos lauko galios duomen\u0173.<\/p>","protected":false},"excerpt":{"rendered":"<p>Skirtas matuoti tinklo parametrus, pvz., aktyvi\u0105j\u0105 energij\u0105, reaktyvi\u0105j\u0105 energij\u0105, \u012ftamp\u0105, srov\u0119, gali\u0105, galios koeficient\u0105 ir da\u017en\u012f. RS485 s\u0105saja pateikia keitikli\u0173 ir kit\u0173 \u012frengini\u0173 galios steb\u0117jimo duomenis, kad b\u016bt\u0173 galima greitai valdyti atsak\u0105. Standartinis DIN b\u0117gio montavimas, ma\u017eo dyd\u017eio, lengvai montuojamas. Pla\u010diai naudojamas paskirstytose fotovoltin\u0117se, energijos kaupimo elektrin\u0117se ir kituose naujuose energijos lauko galios duomen\u0173.<\/p>","protected":false},"featured_media":5816,"comment_status":"closed","ping_status":"closed","template":"","meta":[],"product_brand":[290],"product_cat":[304,351],"product_tag":[],"class_list":{"0":"post-6294","1":"product","2":"type-product","3":"status-publish","4":"has-post-thumbnail","6":"product_brand-livoltek","7":"product_cat-ikrovimo-stoteles-2","8":"product_cat-livoltek-ikrovimo-stoteles-2","10":"first","11":"instock","12":"sale","13":"taxable","14":"shipping-taxable","15":"purchasable","16":"product-type-simple"},"_links":{"self":[{"href":"https:\/\/shop.totemas.lt\/en\/wp-json\/wp\/v2\/product\/6294","targetHints":{"allow":["GET"]}}],"collection":[{"href":"https:\/\/shop.totemas.lt\/en\/wp-json\/wp\/v2\/product"}],"about":[{"href":"https:\/\/shop.totemas.lt\/en\/wp-json\/wp\/v2\/types\/product"}],"replies":[{"embeddable":true,"href":"https:\/\/shop.totemas.lt\/en\/wp-json\/wp\/v2\/comments?post=6294"}],"wp:featuredmedia":[{"embeddable":true,"href":"https:\/\/shop.totemas.lt\/en\/wp-json\/wp\/v2\/media\/5816"}],"wp:attachment":[{"href":"https:\/\/shop.totemas.lt\/en\/wp-json\/wp\/v2\/media?parent=6294"}],"wp:term":[{"taxonomy":"product_brand","embeddable":true,"href":"https:\/\/shop.totemas.lt\/en\/wp-json\/wp\/v2\/product_brand?post=6294"},{"taxonomy":"product_cat","embeddable":true,"href":"https:\/\/shop.totemas.lt\/en\/wp-json\/wp\/v2\/product_cat?post=6294"},{"taxonomy":"product_tag","embeddable":true,"href":"https:\/\/shop.totemas.lt\/en\/wp-json\/wp\/v2\/product_tag?post=6294"}],"curies":[{"name":"wp","href":"https:\/\/api.w.org\/{rel}","templated":true}]}}