{"id":6308,"date":"2026-04-14T16:37:58","date_gmt":"2026-04-14T13:37:58","guid":{"rendered":"https:\/\/shop.totemas.lt\/?post_type=product&#038;p=6308"},"modified":"2026-04-14T16:38:01","modified_gmt":"2026-04-14T13:38:01","slug":"evbee-lux-ev-charger-namu-ikrovimo-stotele","status":"publish","type":"product","link":"https:\/\/shop.totemas.lt\/en\/product\/evbee-lux-ev-charger-namu-ikrovimo-stotele\/","title":{"rendered":"EVBee LUX EV charger &#8211; nam\u0173 \u012fkrovimo stotel\u0117"},"content":{"rendered":"<p data-start=\"349\" data-end=\"499\"><strong data-start=\"349\" data-end=\"362\">EVBee LUX<\/strong> \u2013 moderni ir patikima elektromobili\u0173 \u012fkrovimo stotel\u0117, sukurta patogiam kasdieniam naudojimui namuose, darbo vietoje ar vie\u0161ose erdv\u0117se.<\/p>\n<p data-start=\"501\" data-end=\"771\">\u012ekroviklis palaiko iki 22 kW gali\u0105 bei veikia su 1 arba 3 fazi\u0173 elektros tinklais, tod\u0117l tinka \u012fvairiems objektams. Integruotos i\u0161manios funkcijos leid\u017eia optimizuoti energijos suvartojim\u0105, suma\u017einti elektros ka\u0161tus ir patogiai valdyti \u012fkrovim\u0105 per mobili\u0105j\u0105 program\u0117l\u0119.<\/p>\n<p data-start=\"773\" data-end=\"1036\">Dinaminis galios balansavimas automati\u0161kai prisitaiko prie bendro elektros suvartojimo, u\u017etikrindamas saug\u0173 veikim\u0105 be perkrov\u0173. Naudotojai gali steb\u0117ti \u012fkrovimo proces\u0105 realiu laiku, reguliuoti gali\u0105 bei nustatyti \u012fkrovimo laik\u0105 pagal pigesnius elektros tarifus.<\/p>\n<p data-start=\"1038\" data-end=\"1237\">Stotel\u0117 pasi\u017eymi kompakti\u0161ku, moderniu dizainu, yra lengvai montuojama ir tinkama naudoti tiek viduje, tiek lauke. Auk\u0161to lygio apsaugos sistemos garantuoja saug\u0173 ir patikim\u0105 elektromobilio \u012fkrovim\u0105.<\/p>","protected":false},"excerpt":{"rendered":"<p><strong data-start=\"97\" data-end=\"110\">EVBee LUX<\/strong> \u2013 i\u0161mani elektromobili\u0173 \u012fkrovimo stotel\u0117 namams ir verslui, palaikanti iki 22 kW gali\u0105. Integruotas WiFi, program\u0117l\u0117s valdymas ir dinaminis galios balansavimas u\u017etikrina saug\u0173, efektyv\u0173 ir ekonomi\u0161k\u0105 \u012fkrovim\u0105.<\/p>","protected":false},"featured_media":5832,"comment_status":"closed","ping_status":"closed","template":"","meta":[],"product_brand":[],"product_cat":[331],"product_tag":[],"class_list":{"0":"post-6308","1":"product","2":"type-product","3":"status-publish","4":"has-post-thumbnail","6":"product_cat-kitos-prekes-2","8":"first","9":"onbackorder","10":"taxable","11":"shipping-taxable","12":"purchasable","13":"product-type-simple"},"_links":{"self":[{"href":"https:\/\/shop.totemas.lt\/en\/wp-json\/wp\/v2\/product\/6308","targetHints":{"allow":["GET"]}}],"collection":[{"href":"https:\/\/shop.totemas.lt\/en\/wp-json\/wp\/v2\/product"}],"about":[{"href":"https:\/\/shop.totemas.lt\/en\/wp-json\/wp\/v2\/types\/product"}],"replies":[{"embeddable":true,"href":"https:\/\/shop.totemas.lt\/en\/wp-json\/wp\/v2\/comments?post=6308"}],"wp:featuredmedia":[{"embeddable":true,"href":"https:\/\/shop.totemas.lt\/en\/wp-json\/wp\/v2\/media\/5832"}],"wp:attachment":[{"href":"https:\/\/shop.totemas.lt\/en\/wp-json\/wp\/v2\/media?parent=6308"}],"wp:term":[{"taxonomy":"product_brand","embeddable":true,"href":"https:\/\/shop.totemas.lt\/en\/wp-json\/wp\/v2\/product_brand?post=6308"},{"taxonomy":"product_cat","embeddable":true,"href":"https:\/\/shop.totemas.lt\/en\/wp-json\/wp\/v2\/product_cat?post=6308"},{"taxonomy":"product_tag","embeddable":true,"href":"https:\/\/shop.totemas.lt\/en\/wp-json\/wp\/v2\/product_tag?post=6308"}],"curies":[{"name":"wp","href":"https:\/\/api.w.org\/{rel}","templated":true}]}}