{"id":6330,"date":"2026-04-17T11:07:31","date_gmt":"2026-04-17T08:07:31","guid":{"rendered":"https:\/\/shop.totemas.lt\/?post_type=product&#038;p=6330"},"modified":"2026-04-17T19:03:42","modified_gmt":"2026-04-17T16:03:42","slug":"dyness-bf100-100kwh-energijos-kaupiklis","status":"publish","type":"product","link":"https:\/\/shop.totemas.lt\/en\/product\/dyness-bf100-100kwh-energijos-kaupiklis\/","title":{"rendered":"Dyness BF100 \u2013 100kWh energijos kaupiklis"},"content":{"rendered":"<p><strong>\u201eDyness BF100-100kWh\u201c<\/strong> yra\u00a0modulin\u0117 auk\u0161tos \u012ftampos akumuliatori\u0173 sistema,\u00a0skirta\u00a0autonominiams ir hibridiniams sprendimams\u00a0. Tur\u0117dama\u00a0100 kWh talp\u0105\u00a0ir\u00a0400 V \u012ftamp\u0105\u00a0, ji u\u017etikrina patikim\u0105\u00a0energijos kaupim\u0105 ir valdym\u0105\u00a0pramoniniams\u00a0ir komerciniams tikslams\u00a0. Idealiai tinka\u00a0atsarginiam energijos tiekimui, piko apkrov\u0173 optimizavimui ir efektyviam atsinaujinan\u010di\u0173 energijos \u0161altini\u0173 naudojimui\u00a0.<\/p>\n<p>&nbsp;<\/p>","protected":false},"excerpt":{"rendered":"<p>\u201eDyness BF100-100kWh\u201c \u2013 auk\u0161tos \u012ftampos energijos kaupimo sistema.<\/p>","protected":false},"featured_media":5175,"comment_status":"open","ping_status":"closed","template":"","meta":[],"product_brand":[227],"product_cat":[362,363],"product_tag":[],"class_list":{"0":"post-6330","1":"product","2":"type-product","3":"status-publish","4":"has-post-thumbnail","6":"product_brand-dyness","7":"product_cat-baterijos","8":"product_cat-komerciniai-ir-pramoniniai-akumuliatoriai","10":"first","11":"instock","12":"sale","13":"taxable","14":"shipping-taxable","15":"purchasable","16":"product-type-simple"},"_links":{"self":[{"href":"https:\/\/shop.totemas.lt\/en\/wp-json\/wp\/v2\/product\/6330","targetHints":{"allow":["GET"]}}],"collection":[{"href":"https:\/\/shop.totemas.lt\/en\/wp-json\/wp\/v2\/product"}],"about":[{"href":"https:\/\/shop.totemas.lt\/en\/wp-json\/wp\/v2\/types\/product"}],"replies":[{"embeddable":true,"href":"https:\/\/shop.totemas.lt\/en\/wp-json\/wp\/v2\/comments?post=6330"}],"wp:featuredmedia":[{"embeddable":true,"href":"https:\/\/shop.totemas.lt\/en\/wp-json\/wp\/v2\/media\/5175"}],"wp:attachment":[{"href":"https:\/\/shop.totemas.lt\/en\/wp-json\/wp\/v2\/media?parent=6330"}],"wp:term":[{"taxonomy":"product_brand","embeddable":true,"href":"https:\/\/shop.totemas.lt\/en\/wp-json\/wp\/v2\/product_brand?post=6330"},{"taxonomy":"product_cat","embeddable":true,"href":"https:\/\/shop.totemas.lt\/en\/wp-json\/wp\/v2\/product_cat?post=6330"},{"taxonomy":"product_tag","embeddable":true,"href":"https:\/\/shop.totemas.lt\/en\/wp-json\/wp\/v2\/product_tag?post=6330"}],"curies":[{"name":"wp","href":"https:\/\/api.w.org\/{rel}","templated":true}]}}