{"id":6342,"date":"2026-04-17T11:07:36","date_gmt":"2026-04-17T08:07:36","guid":{"rendered":"https:\/\/shop.totemas.lt\/?post_type=product&#038;p=6342"},"modified":"2026-04-17T16:03:32","modified_gmt":"2026-04-17T13:03:32","slug":"30-kw-auksto-voltazo-3ph-3mppt-solis-inverteris-s6-eh3p30k-h","status":"publish","type":"product","link":"https:\/\/shop.totemas.lt\/en\/product\/30-kw-auksto-voltazo-3ph-3mppt-solis-inverteris-s6-eh3p30k-h\/","title":{"rendered":"30 kW auk\u0161to volta\u017eo (3Ph) 3MPPT Solis inverteris S6-EH3P30K-H"},"content":{"rendered":"<p>\u0160i inverteri\u0173 serija, pasi\u017eyminti maksimalia 70 A + 70 A \u012fkrovimo \/ i\u0161krovimo srove dviejuose nepriklausomai valdomuose akumuliatori\u0173 prievaduose, turi keturis integruotus MPPT, kuri\u0173 grandin\u0117s srov\u0117s stipris siekia iki 20 A. Taip u\u017etikrinamas neprilygstamas energijos tiekimas. S6-EH3P(30-50)K-H serijos \u012frenginiai tinka veikti tinkle arba atjungus nuo jo, jie gali veikti lygiagre\u010diai su iki \u0161e\u0161i\u0173 \u012frengini\u0173, o rezervinis prievadas gali trumpam palaikyti 1,6 karto didesn\u0119 perkrov\u0105. \u0160i naujausia serija suderinama su \u012fvairiais akumuliatoriais d\u0117l plataus \u012ftampos diapazono, be to, joje si\u016blomas piko energijos taupymo valdymas tiek \u201esavojo naudojimo\u201c, tiek \u201egeneratoriaus\u201c re\u017eimais.<\/p>","protected":false},"excerpt":{"rendered":"<p>Pristatome S6-EH3P(30-50)K-H serij\u0105. Tai \u2013 auk\u0161tos \u012ftampos, trifaz\u0117s energijos kaupimo \u012frenginiai komercin\u0117ms \u012frengtims.<\/p>","protected":false},"featured_media":5238,"comment_status":"open","ping_status":"closed","template":"","meta":[],"product_brand":[223],"product_cat":[368,367,357,369],"product_tag":[],"class_list":{"0":"post-6342","1":"product","2":"type-product","3":"status-publish","4":"has-post-thumbnail","6":"product_brand-solis","7":"product_cat-auksto-voltazo-inverteriai","8":"product_cat-hibridiniai","9":"product_cat-inverteriai","10":"product_cat-trifaziai-auksto-voltazo-inverteriai","12":"first","13":"instock","14":"sale","15":"taxable","16":"shipping-taxable","17":"purchasable","18":"product-type-simple"},"_links":{"self":[{"href":"https:\/\/shop.totemas.lt\/en\/wp-json\/wp\/v2\/product\/6342","targetHints":{"allow":["GET"]}}],"collection":[{"href":"https:\/\/shop.totemas.lt\/en\/wp-json\/wp\/v2\/product"}],"about":[{"href":"https:\/\/shop.totemas.lt\/en\/wp-json\/wp\/v2\/types\/product"}],"replies":[{"embeddable":true,"href":"https:\/\/shop.totemas.lt\/en\/wp-json\/wp\/v2\/comments?post=6342"}],"wp:featuredmedia":[{"embeddable":true,"href":"https:\/\/shop.totemas.lt\/en\/wp-json\/wp\/v2\/media\/5238"}],"wp:attachment":[{"href":"https:\/\/shop.totemas.lt\/en\/wp-json\/wp\/v2\/media?parent=6342"}],"wp:term":[{"taxonomy":"product_brand","embeddable":true,"href":"https:\/\/shop.totemas.lt\/en\/wp-json\/wp\/v2\/product_brand?post=6342"},{"taxonomy":"product_cat","embeddable":true,"href":"https:\/\/shop.totemas.lt\/en\/wp-json\/wp\/v2\/product_cat?post=6342"},{"taxonomy":"product_tag","embeddable":true,"href":"https:\/\/shop.totemas.lt\/en\/wp-json\/wp\/v2\/product_tag?post=6342"}],"curies":[{"name":"wp","href":"https:\/\/api.w.org\/{rel}","templated":true}]}}