{"id":6354,"date":"2026-04-17T11:07:38","date_gmt":"2026-04-17T08:07:38","guid":{"rendered":"https:\/\/shop.totemas.lt\/?post_type=product&#038;p=6354"},"modified":"2026-04-17T14:03:19","modified_gmt":"2026-04-17T11:03:19","slug":"smeige-m10x180-mm","status":"publish","type":"product","link":"https:\/\/shop.totemas.lt\/en\/product\/smeige-m10x180-mm\/","title":{"rendered":"Smeig\u0117 M10x180 mm."},"content":{"rendered":"<ul>\n<li>Ner\u016bdijan\u010dio plieno;<\/li>\n<li>Stambaus sriegio sukamo \u012f med\u012f ilgis 5 cm;<\/li>\n<li>Auk\u0161tos kokyb\u0117s tvirtinimo konstrukcija saul\u0117s moduliams;<\/li>\n<li>Gamintojas: GOOMAX.<\/li>\n<\/ul>","protected":false},"excerpt":{"rendered":"<p>Ner\u016bdijan\u010dio plieno; Stambaus sriegio sukamo \u012f med\u012f ilgis 5 cm; Auk\u0161tos kokyb\u0117s tvirtinimo konstrukcija saul\u0117s moduliams; Gamintojas: GOOMAX.<\/p>","protected":false},"featured_media":5268,"comment_status":"closed","ping_status":"closed","template":"","meta":[],"product_brand":[251],"product_cat":[379,383,380],"product_tag":[],"class_list":{"0":"post-6354","1":"product","2":"type-product","3":"status-publish","4":"has-post-thumbnail","6":"product_brand-goomax","7":"product_cat-montavimo-medziagos","8":"product_cat-siferiniam-stogui","9":"product_cat-slaitiniam-stogui","11":"first","12":"instock","13":"sale","14":"taxable","15":"shipping-taxable","16":"purchasable","17":"product-type-simple"},"_links":{"self":[{"href":"https:\/\/shop.totemas.lt\/en\/wp-json\/wp\/v2\/product\/6354","targetHints":{"allow":["GET"]}}],"collection":[{"href":"https:\/\/shop.totemas.lt\/en\/wp-json\/wp\/v2\/product"}],"about":[{"href":"https:\/\/shop.totemas.lt\/en\/wp-json\/wp\/v2\/types\/product"}],"replies":[{"embeddable":true,"href":"https:\/\/shop.totemas.lt\/en\/wp-json\/wp\/v2\/comments?post=6354"}],"wp:featuredmedia":[{"embeddable":true,"href":"https:\/\/shop.totemas.lt\/en\/wp-json\/wp\/v2\/media\/5268"}],"wp:attachment":[{"href":"https:\/\/shop.totemas.lt\/en\/wp-json\/wp\/v2\/media?parent=6354"}],"wp:term":[{"taxonomy":"product_brand","embeddable":true,"href":"https:\/\/shop.totemas.lt\/en\/wp-json\/wp\/v2\/product_brand?post=6354"},{"taxonomy":"product_cat","embeddable":true,"href":"https:\/\/shop.totemas.lt\/en\/wp-json\/wp\/v2\/product_cat?post=6354"},{"taxonomy":"product_tag","embeddable":true,"href":"https:\/\/shop.totemas.lt\/en\/wp-json\/wp\/v2\/product_tag?post=6354"}],"curies":[{"name":"wp","href":"https:\/\/api.w.org\/{rel}","templated":true}]}}